{"id":12000,"date":"2022-03-21T16:18:55","date_gmt":"2022-03-21T16:18:55","guid":{"rendered":"https:\/\/kingjohnscastle.ie\/saol-an-chaisleain\/"},"modified":"2022-04-20T12:30:10","modified_gmt":"2022-04-20T12:30:10","slug":"saol-an-chaisleain","status":"publish","type":"page","link":"https:\/\/kingjohnscastle.ie\/ga\/saol-an-chaisleain\/","title":{"rendered":"Saol an Chaisle\u00e1in"},"content":{"rendered":"\t\t<div data-elementor-type=\"wp-page\" data-elementor-id=\"12000\" class=\"elementor elementor-12000 elementor-8871\" data-elementor-post-type=\"page\">\n\t\t\t\t\t\t<section class=\"elementor-section elementor-top-section elementor-element elementor-element-36b9f773 elementor-section-stretched elementor-section-content-middle elementor-section-boxed elementor-section-height-default elementor-section-height-default\" data-id=\"36b9f773\" data-element_type=\"section\" data-e-type=\"section\" data-settings=\"{&quot;stretch_section&quot;:&quot;section-stretched&quot;,&quot;background_background&quot;:&quot;classic&quot;}\">\n\t\t\t\t\t\t\t<div class=\"elementor-background-overlay\"><\/div>\n\t\t\t\t\t\t\t<div class=\"elementor-container elementor-column-gap-default\">\n\t\t\t\t\t<div class=\"elementor-column elementor-col-100 elementor-top-column elementor-element elementor-element-64d60494\" data-id=\"64d60494\" data-element_type=\"column\" data-e-type=\"column\">\n\t\t\t<div class=\"elementor-widget-wrap elementor-element-populated\">\n\t\t\t\t\t\t<div class=\"elementor-element elementor-element-5e153a54 elementor-widget elementor-widget-heading\" data-id=\"5e153a54\" data-element_type=\"widget\" data-e-type=\"widget\" data-widget_type=\"heading.default\">\n\t\t\t\t<div class=\"elementor-widget-container\">\n\t\t\t\t\t<h1 class=\"elementor-heading-title elementor-size-default\">Saol an Chaisle\u00e1in<\/h1>\t\t\t\t<\/div>\n\t\t\t\t<\/div>\n\t\t\t\t\t<\/div>\n\t\t<\/div>\n\t\t\t\t\t<\/div>\n\t\t<\/section>\n\t\t\t\t<section class=\"elementor-section elementor-top-section elementor-element elementor-element-1040588 elementor-section-stretched elementor-section-full_width elementor-section-content-middle elementor-section-height-default elementor-section-height-default\" data-id=\"1040588\" data-element_type=\"section\" data-e-type=\"section\" data-settings=\"{&quot;stretch_section&quot;:&quot;section-stretched&quot;}\">\n\t\t\t\t\t\t\t<div class=\"elementor-background-overlay\"><\/div>\n\t\t\t\t\t\t\t<div class=\"elementor-container elementor-column-gap-default\">\n\t\t\t\t\t<div class=\"elementor-column elementor-col-33 elementor-top-column elementor-element elementor-element-243d08da\" data-id=\"243d08da\" data-element_type=\"column\" data-e-type=\"column\" data-settings=\"{&quot;background_background&quot;:&quot;classic&quot;}\">\n\t\t\t<div class=\"elementor-widget-wrap elementor-element-populated\">\n\t\t\t\t\t\t<div class=\"elementor-element elementor-element-438e64e6 elementor-widget elementor-widget-spacer\" data-id=\"438e64e6\" data-element_type=\"widget\" data-e-type=\"widget\" data-widget_type=\"spacer.default\">\n\t\t\t\t<div class=\"elementor-widget-container\">\n\t\t\t\t\t\t\t<div class=\"elementor-spacer\">\n\t\t\t<div class=\"elementor-spacer-inner\"><\/div>\n\t\t<\/div>\n\t\t\t\t\t\t<\/div>\n\t\t\t\t<\/div>\n\t\t\t\t\t<\/div>\n\t\t<\/div>\n\t\t\t\t<div class=\"elementor-column elementor-col-33 elementor-top-column elementor-element elementor-element-c42cd0f\" data-id=\"c42cd0f\" data-element_type=\"column\" data-e-type=\"column\" data-settings=\"{&quot;background_background&quot;:&quot;classic&quot;}\">\n\t\t\t<div class=\"elementor-widget-wrap elementor-element-populated\">\n\t\t\t\t\t<div class=\"elementor-background-overlay\"><\/div>\n\t\t\t\t\t\t<div class=\"elementor-element elementor-element-fc11057 elementor-widget elementor-widget-image\" data-id=\"fc11057\" data-element_type=\"widget\" data-e-type=\"widget\" data-widget_type=\"image.default\">\n\t\t\t\t<div class=\"elementor-widget-container\">\n\t\t\t\t\t\t\t\t\t\t\t\t\t\t\t<img decoding=\"async\" width=\"232\" height=\"135\" src=\"https:\/\/kingjohnscastle.ie\/wp-content\/uploads\/2022\/03\/crown_white.png\" class=\"attachment-full size-full wp-image-8166\" alt=\"\" \/>\t\t\t\t\t\t\t\t\t\t\t\t\t\t\t<\/div>\n\t\t\t\t<\/div>\n\t\t\t\t<div class=\"elementor-element elementor-element-5c1c4b9f elementor-widget elementor-widget-counter\" data-id=\"5c1c4b9f\" data-element_type=\"widget\" data-e-type=\"widget\" data-widget_type=\"counter.default\">\n\t\t\t\t<div class=\"elementor-widget-container\">\n\t\t\t\t\t\t\t<div class=\"elementor-counter\">\n\t\t\t<div class=\"elementor-counter-title\">Blianta<\/div>\t\t\t<div class=\"elementor-counter-number-wrapper\">\n\t\t\t\t<span class=\"elementor-counter-number-prefix\"><\/span>\n\t\t\t\t<span class=\"elementor-counter-number\" data-duration=\"2000\" data-to-value=\"800\" data-from-value=\"0\" data-delimiter=\",\">0<\/span>\n\t\t\t\t<span class=\"elementor-counter-number-suffix\">+<\/span>\n\t\t\t<\/div>\n\t\t<\/div>\n\t\t\t\t\t\t<\/div>\n\t\t\t\t<\/div>\n\t\t\t\t\t<\/div>\n\t\t<\/div>\n\t\t\t\t<div class=\"elementor-column elementor-col-33 elementor-top-column elementor-element elementor-element-7d8b7b94\" data-id=\"7d8b7b94\" data-element_type=\"column\" data-e-type=\"column\">\n\t\t\t<div class=\"elementor-widget-wrap elementor-element-populated\">\n\t\t\t\t\t\t<div class=\"elementor-element elementor-element-e22f686 elementor-widget elementor-widget-heading\" data-id=\"e22f686\" data-element_type=\"widget\" data-e-type=\"widget\" data-widget_type=\"heading.default\">\n\t\t\t\t<div class=\"elementor-widget-container\">\n\t\t\t\t\t<h5 class=\"elementor-heading-title elementor-size-default\">CAISLE\u00c1N R\u00cd EOIN<\/h5>\t\t\t\t<\/div>\n\t\t\t\t<\/div>\n\t\t\t\t<div class=\"elementor-element elementor-element-6dbc85de elementor-widget elementor-widget-heading\" data-id=\"6dbc85de\" data-element_type=\"widget\" data-e-type=\"widget\" data-widget_type=\"heading.default\">\n\t\t\t\t<div class=\"elementor-widget-container\">\n\t\t\t\t\t<h1 class=\"elementor-heading-title elementor-size-default\">Le closamhairc cheannr\u00f3da\u00edocha, samhlacha 3D, agus tarraice\u00e1in fionnachtana go l\u00e9ir le ch\u00e9ile chun cabhr\u00fa leat dul i ngleic le stair an Chaisle\u00e1in. <\/h1>\t\t\t\t<\/div>\n\t\t\t\t<\/div>\n\t\t\t\t<section class=\"elementor-section elementor-inner-section elementor-element elementor-element-96a1ef8 elementor-section-boxed elementor-section-height-default elementor-section-height-default\" data-id=\"96a1ef8\" data-element_type=\"section\" data-e-type=\"section\">\n\t\t\t\t\t\t<div class=\"elementor-container elementor-column-gap-default\">\n\t\t\t\t\t<div class=\"elementor-column elementor-col-50 elementor-inner-column elementor-element elementor-element-459aa30\" data-id=\"459aa30\" data-element_type=\"column\" data-e-type=\"column\">\n\t\t\t<div class=\"elementor-widget-wrap elementor-element-populated\">\n\t\t\t\t\t\t<div class=\"elementor-element elementor-element-bac4951 elementor-widget elementor-widget-image\" data-id=\"bac4951\" data-element_type=\"widget\" data-e-type=\"widget\" data-widget_type=\"image.default\">\n\t\t\t\t<div class=\"elementor-widget-container\">\n\t\t\t\t\t\t\t\t\t\t\t\t\t\t\t<img fetchpriority=\"high\" decoding=\"async\" width=\"1024\" height=\"683\" src=\"https:\/\/kingjohnscastle.ie\/wp-content\/uploads\/2022\/03\/interactive-1024x683.jpg\" class=\"attachment-large size-large wp-image-8679\" alt=\"\" srcset=\"https:\/\/kingjohnscastle.ie\/wp-content\/uploads\/2022\/03\/interactive-1024x683.jpg 1024w, https:\/\/kingjohnscastle.ie\/wp-content\/uploads\/2022\/03\/interactive-300x200.jpg 300w, https:\/\/kingjohnscastle.ie\/wp-content\/uploads\/2022\/03\/interactive-768x512.jpg 768w, https:\/\/kingjohnscastle.ie\/wp-content\/uploads\/2022\/03\/interactive-1536x1024.jpg 1536w, https:\/\/kingjohnscastle.ie\/wp-content\/uploads\/2022\/03\/interactive-600x400.jpg 600w, https:\/\/kingjohnscastle.ie\/wp-content\/uploads\/2022\/03\/interactive.jpg 1920w\" sizes=\"(max-width: 1024px) 100vw, 1024px\" \/>\t\t\t\t\t\t\t\t\t\t\t\t\t\t\t<\/div>\n\t\t\t\t<\/div>\n\t\t\t\t\t<\/div>\n\t\t<\/div>\n\t\t\t\t<div class=\"elementor-column elementor-col-50 elementor-inner-column elementor-element elementor-element-73017e5\" data-id=\"73017e5\" data-element_type=\"column\" data-e-type=\"column\">\n\t\t\t<div class=\"elementor-widget-wrap elementor-element-populated\">\n\t\t\t\t\t\t<div class=\"elementor-element elementor-element-a75347a elementor-widget elementor-widget-image\" data-id=\"a75347a\" data-element_type=\"widget\" data-e-type=\"widget\" data-widget_type=\"image.default\">\n\t\t\t\t<div class=\"elementor-widget-container\">\n\t\t\t\t\t\t\t\t\t\t\t\t\t\t\t<img decoding=\"async\" src=\"https:\/\/kingjohnscastle.ie\/wp-content\/uploads\/elementor\/thumbs\/castlelife2-pm6x7yy7r5uzvu5zuu2bf4hrteuanhoti498rvhce2.jpg\" title=\"castlelife2\" alt=\"castlelife2\" loading=\"lazy\" \/>\t\t\t\t\t\t\t\t\t\t\t\t\t\t\t<\/div>\n\t\t\t\t<\/div>\n\t\t\t\t\t<\/div>\n\t\t<\/div>\n\t\t\t\t\t<\/div>\n\t\t<\/section>\n\t\t\t\t<div class=\"elementor-element elementor-element-26d72ab4 elementor-widget elementor-widget-heading\" data-id=\"26d72ab4\" data-element_type=\"widget\" data-e-type=\"widget\" data-widget_type=\"heading.default\">\n\t\t\t\t<div class=\"elementor-widget-container\">\n\t\t\t\t\t<p class=\"elementor-heading-title elementor-size-default\">Is f\u00e9idir le cuairteoir\u00ed triail a bhaint as cultacha stairi\u00fala - g\u00fana\u00ed \u00f3n 18\u00fa haois n\u00f3 tunics chainmail.<br><br>\n\nT\u00e1 rud \u00e9igin anseo a mbainfidh gach duine taitneamh as! Ar do thuras tr\u00edd an taispe\u00e1ntas, buailfidh t\u00fa le Nicholas an m\u00e1istir-shaoir, carachtar br\u00edomhar a d\u2019fh\u00e9adfadh fi\u00fa roinnt de r\u00fain luachmhara a cheirde a roinnt n\u00f3 go deimhin a chuirfidh t\u00fa ag obair!\n<br><br>\nBuailfidh t\u00fa freisin le raon de charachtair ildaite cos\u00fail le Willem an t-airgead\u00f3ir suairc, an const\u00e1bla gruama Roger De Lees agus go leor eile.<\/p>\t\t\t\t<\/div>\n\t\t\t\t<\/div>\n\t\t\t\t\t<\/div>\n\t\t<\/div>\n\t\t\t\t\t<\/div>\n\t\t<\/section>\n\t\t\t\t<\/div>\n\t\t","protected":false},"excerpt":{"rendered":"<p>Saol an Chaisle\u00e1in 0 + Blianta CAISLE\u00c1N R\u00cd EOIN Le closamhairc cheannr\u00f3da\u00edocha, samhlacha 3D, agus tarraice\u00e1in fionnachtana go l\u00e9ir le ch\u00e9ile chun cabhr\u00fa leat dul i ngleic le stair an Chaisle\u00e1in. Is f\u00e9idir le cuairteoir\u00ed triail a bhaint as cultacha stairi\u00fala &#8211; g\u00fana\u00ed \u00f3n 18\u00fa haois n\u00f3 tunics chainmail. T\u00e1 rud \u00e9igin anseo a mbainfidh [&hellip;]<\/p>\n","protected":false},"author":1,"featured_media":0,"parent":0,"menu_order":0,"comment_status":"closed","ping_status":"closed","template":"","meta":{"footnotes":""},"class_list":["post-12000","page","type-page","status-publish","hentry"],"_links":{"self":[{"href":"https:\/\/kingjohnscastle.ie\/ga\/wp-json\/wp\/v2\/pages\/12000","targetHints":{"allow":["GET"]}}],"collection":[{"href":"https:\/\/kingjohnscastle.ie\/ga\/wp-json\/wp\/v2\/pages"}],"about":[{"href":"https:\/\/kingjohnscastle.ie\/ga\/wp-json\/wp\/v2\/types\/page"}],"author":[{"embeddable":true,"href":"https:\/\/kingjohnscastle.ie\/ga\/wp-json\/wp\/v2\/users\/1"}],"replies":[{"embeddable":true,"href":"https:\/\/kingjohnscastle.ie\/ga\/wp-json\/wp\/v2\/comments?post=12000"}],"version-history":[{"count":1,"href":"https:\/\/kingjohnscastle.ie\/ga\/wp-json\/wp\/v2\/pages\/12000\/revisions"}],"predecessor-version":[{"id":12001,"href":"https:\/\/kingjohnscastle.ie\/ga\/wp-json\/wp\/v2\/pages\/12000\/revisions\/12001"}],"wp:attachment":[{"href":"https:\/\/kingjohnscastle.ie\/ga\/wp-json\/wp\/v2\/media?parent=12000"}],"curies":[{"name":"wp","href":"https:\/\/api.w.org\/{rel}","templated":true}]}}