{"id":12011,"date":"2022-03-21T17:51:19","date_gmt":"2022-03-21T17:51:19","guid":{"rendered":"https:\/\/kingjohnscastle.ie\/cluichi-clos\/"},"modified":"2022-04-20T14:06:22","modified_gmt":"2022-04-20T14:06:22","slug":"cluichi-clos","status":"publish","type":"page","link":"https:\/\/kingjohnscastle.ie\/ga\/cluichi-clos\/","title":{"rendered":"Cluich\u00ed Cl\u00f3s"},"content":{"rendered":"\t\t<div data-elementor-type=\"wp-page\" data-elementor-id=\"12011\" class=\"elementor elementor-12011 elementor-8916\" data-elementor-post-type=\"page\">\n\t\t\t\t\t\t<section class=\"elementor-section elementor-top-section elementor-element elementor-element-2973381d elementor-section-stretched elementor-section-content-middle elementor-section-boxed elementor-section-height-default elementor-section-height-default\" data-id=\"2973381d\" data-element_type=\"section\" data-e-type=\"section\" data-settings=\"{&quot;stretch_section&quot;:&quot;section-stretched&quot;,&quot;background_background&quot;:&quot;classic&quot;}\">\n\t\t\t\t\t\t\t<div class=\"elementor-background-overlay\"><\/div>\n\t\t\t\t\t\t\t<div class=\"elementor-container elementor-column-gap-default\">\n\t\t\t\t\t<div class=\"elementor-column elementor-col-100 elementor-top-column elementor-element elementor-element-3ef5496c\" data-id=\"3ef5496c\" data-element_type=\"column\" data-e-type=\"column\">\n\t\t\t<div class=\"elementor-widget-wrap elementor-element-populated\">\n\t\t\t\t\t\t<div class=\"elementor-element elementor-element-2f35d860 elementor-widget elementor-widget-heading\" data-id=\"2f35d860\" data-element_type=\"widget\" data-e-type=\"widget\" data-widget_type=\"heading.default\">\n\t\t\t\t<div class=\"elementor-widget-container\">\n\t\t\t\t\t<h1 class=\"elementor-heading-title elementor-size-default\">Cluich\u00ed Cl\u00f3s<\/h1>\t\t\t\t<\/div>\n\t\t\t\t<\/div>\n\t\t\t\t\t<\/div>\n\t\t<\/div>\n\t\t\t\t\t<\/div>\n\t\t<\/section>\n\t\t\t\t<section class=\"elementor-section elementor-top-section elementor-element elementor-element-1290dd71 elementor-section-content-middle elementor-section-stretched elementor-section-boxed elementor-section-height-default elementor-section-height-default\" data-id=\"1290dd71\" data-element_type=\"section\" data-e-type=\"section\" data-settings=\"{&quot;stretch_section&quot;:&quot;section-stretched&quot;,&quot;background_background&quot;:&quot;classic&quot;}\">\n\t\t\t\t\t\t\t<div class=\"elementor-background-overlay\"><\/div>\n\t\t\t\t\t\t\t<div class=\"elementor-container elementor-column-gap-default\">\n\t\t\t\t\t<div class=\"elementor-column elementor-col-50 elementor-top-column elementor-element elementor-element-164d20c8\" data-id=\"164d20c8\" data-element_type=\"column\" data-e-type=\"column\" data-settings=\"{&quot;background_background&quot;:&quot;classic&quot;}\">\n\t\t\t<div class=\"elementor-widget-wrap elementor-element-populated\">\n\t\t\t\t\t\t<div class=\"elementor-element elementor-element-6c0380df elementor-widget elementor-widget-spacer\" data-id=\"6c0380df\" data-element_type=\"widget\" data-e-type=\"widget\" data-widget_type=\"spacer.default\">\n\t\t\t\t<div class=\"elementor-widget-container\">\n\t\t\t\t\t\t\t<div class=\"elementor-spacer\">\n\t\t\t<div class=\"elementor-spacer-inner\"><\/div>\n\t\t<\/div>\n\t\t\t\t\t\t<\/div>\n\t\t\t\t<\/div>\n\t\t\t\t\t<\/div>\n\t\t<\/div>\n\t\t\t\t<div class=\"elementor-column elementor-col-50 elementor-top-column elementor-element elementor-element-605421a7\" data-id=\"605421a7\" data-element_type=\"column\" data-e-type=\"column\">\n\t\t\t<div class=\"elementor-widget-wrap elementor-element-populated\">\n\t\t\t\t\t\t<div class=\"elementor-element elementor-element-6e2443b7 elementor-widget elementor-widget-heading\" data-id=\"6e2443b7\" data-element_type=\"widget\" data-e-type=\"widget\" data-widget_type=\"heading.default\">\n\t\t\t\t<div class=\"elementor-widget-container\">\n\t\t\t\t\t<h5 class=\"elementor-heading-title elementor-size-default\">CAISLE\u00c1N R\u00cd EOIN<\/h5>\t\t\t\t<\/div>\n\t\t\t\t<\/div>\n\t\t\t\t<div class=\"elementor-element elementor-element-3b5d5c7a elementor-widget elementor-widget-heading\" data-id=\"3b5d5c7a\" data-element_type=\"widget\" data-e-type=\"widget\" data-widget_type=\"heading.default\">\n\t\t\t\t<div class=\"elementor-widget-container\">\n\t\t\t\t\t<h1 class=\"elementor-heading-title elementor-size-default\">Cluich\u00ed Cl\u00f3s Me\u00e1nmh\u00e9adacha<\/h1>\t\t\t\t<\/div>\n\t\t\t\t<\/div>\n\t\t\t\t<section class=\"elementor-section elementor-inner-section elementor-element elementor-element-31a3b936 elementor-section-full_width elementor-section-height-default elementor-section-height-default\" data-id=\"31a3b936\" data-element_type=\"section\" data-e-type=\"section\">\n\t\t\t\t\t\t<div class=\"elementor-container elementor-column-gap-default\">\n\t\t\t\t\t<div class=\"elementor-column elementor-col-50 elementor-inner-column elementor-element elementor-element-5615f95a\" data-id=\"5615f95a\" data-element_type=\"column\" data-e-type=\"column\">\n\t\t\t<div class=\"elementor-widget-wrap elementor-element-populated\">\n\t\t\t\t\t\t<div class=\"elementor-element elementor-element-364b3216 elementor-widget elementor-widget-heading\" data-id=\"364b3216\" data-element_type=\"widget\" data-e-type=\"widget\" data-widget_type=\"heading.default\">\n\t\t\t\t<div class=\"elementor-widget-container\">\n\t\t\t\t\t<p class=\"elementor-heading-title elementor-size-default\">San \u00e1ireamh i bpraghas do thic\u00e9ad, t\u00e1 na cluich\u00ed seo oiri\u00fanach do gach aois agus t\u00e1 siad cinnte go dtabharfaidh t\u00fa amach do stailc ioma\u00edoch inmhe\u00e1nach! Bunaithe ar chluich\u00ed a mbainf\u00ed taitneamh astu ar laethanta aonaigh le linn na Me\u00e1naoise, t\u00e1 na cluich\u00ed seo socraithe chun cl\u00f3s Chaisle\u00e1n R\u00ed Eoin a thabhairt beo an samhradh seo.<\/p>\t\t\t\t<\/div>\n\t\t\t\t<\/div>\n\t\t\t\t\t<\/div>\n\t\t<\/div>\n\t\t\t\t<div class=\"elementor-column elementor-col-50 elementor-inner-column elementor-element elementor-element-202eb02a\" data-id=\"202eb02a\" data-element_type=\"column\" data-e-type=\"column\">\n\t\t\t<div class=\"elementor-widget-wrap elementor-element-populated\">\n\t\t\t\t\t\t<div class=\"elementor-element elementor-element-9304b98 elementor-widget elementor-widget-heading\" data-id=\"9304b98\" data-element_type=\"widget\" data-e-type=\"widget\" data-widget_type=\"heading.default\">\n\t\t\t\t<div class=\"elementor-widget-container\">\n\t\t\t\t\t<p class=\"elementor-heading-title elementor-size-default\">Le l\u00e1mhdh\u00e9anta ag \u00e1r bhfoireann cothabh\u00e1la, cuireann na breisithe nua seo leis an gcl\u00f3s an rogha iontach le haghaidh l\u00e1 amuigh sa chaisle\u00e1n do chuairteoir\u00ed agus do mhuintir na h\u00e1ite araon.\n <\/p>\t\t\t\t<\/div>\n\t\t\t\t<\/div>\n\t\t\t\t<div class=\"elementor-element elementor-element-2748bc0 elementor-align-left elementor-tablet-align-center elementor-widget elementor-widget-button\" data-id=\"2748bc0\" data-element_type=\"widget\" data-e-type=\"widget\" data-widget_type=\"button.default\">\n\t\t\t\t<div class=\"elementor-widget-container\">\n\t\t\t\t\t\t\t\t\t<div class=\"elementor-button-wrapper\">\n\t\t\t\t\t<a class=\"elementor-button elementor-button-link elementor-size-sm elementor-animation-shrink\" href=\"https:\/\/ie.patronbase.com\/_KingJohnsCastle\/\" target=\"_blank\">\n\t\t\t\t\t\t<span class=\"elementor-button-content-wrapper\">\n\t\t\t\t\t\t\t\t\t<span class=\"elementor-button-text\">TIC\u00c9ID<\/span>\n\t\t\t\t\t<\/span>\n\t\t\t\t\t<\/a>\n\t\t\t\t<\/div>\n\t\t\t\t\t\t\t\t<\/div>\n\t\t\t\t<\/div>\n\t\t\t\t\t<\/div>\n\t\t<\/div>\n\t\t\t\t\t<\/div>\n\t\t<\/section>\n\t\t\t\t\t<\/div>\n\t\t<\/div>\n\t\t\t\t\t<\/div>\n\t\t<\/section>\n\t\t\t\t<section class=\"elementor-section elementor-top-section elementor-element elementor-element-7d10710d elementor-section-full_width elementor-section-content-middle elementor-section-height-default elementor-section-height-default\" data-id=\"7d10710d\" data-element_type=\"section\" data-e-type=\"section\">\n\t\t\t\t\t\t<div class=\"elementor-container elementor-column-gap-default\">\n\t\t\t\t\t<div class=\"elementor-column elementor-col-50 elementor-top-column elementor-element elementor-element-63613b5a\" data-id=\"63613b5a\" data-element_type=\"column\" data-e-type=\"column\">\n\t\t\t<div class=\"elementor-widget-wrap\">\n\t\t\t\t\t\t\t<\/div>\n\t\t<\/div>\n\t\t\t\t<div class=\"elementor-column elementor-col-50 elementor-top-column elementor-element elementor-element-4246b1a6\" data-id=\"4246b1a6\" data-element_type=\"column\" data-e-type=\"column\">\n\t\t\t<div class=\"elementor-widget-wrap\">\n\t\t\t\t\t\t\t<\/div>\n\t\t<\/div>\n\t\t\t\t\t<\/div>\n\t\t<\/section>\n\t\t\t\t<section class=\"elementor-section elementor-top-section elementor-element elementor-element-2e20e8c9 elementor-section-boxed elementor-section-height-default elementor-section-height-default\" data-id=\"2e20e8c9\" data-element_type=\"section\" data-e-type=\"section\">\n\t\t\t\t\t\t<div class=\"elementor-container elementor-column-gap-default\">\n\t\t\t\t\t<div class=\"elementor-column elementor-col-100 elementor-top-column elementor-element elementor-element-78b6bf47\" data-id=\"78b6bf47\" data-element_type=\"column\" data-e-type=\"column\">\n\t\t\t<div class=\"elementor-widget-wrap elementor-element-populated\">\n\t\t\t\t\t\t<div class=\"elementor-element elementor-element-6cf4e655 elementor-widget elementor-widget-slider_revolution\" data-id=\"6cf4e655\" data-element_type=\"widget\" data-e-type=\"widget\" data-widget_type=\"slider_revolution.default\">\n\t\t\t\t<div class=\"elementor-widget-container\">\n\t\t\t\t\t\n\t\t<div class=\"wp-block-themepunch-revslider\">\n\t\t\t<!-- START Courtyard Games Gaeilge REVOLUTION SLIDER 6.6.16 --><p class=\"rs-p-wp-fix\"><\/p>\n\t\t\t<rs-module-wrap id=\"rev_slider_19_1_wrapper\" data-source=\"gallery\" style=\"visibility:hidden;background:transparent;padding:0;margin:0px auto;margin-top:0;margin-bottom:0;\">\n\t\t\t\t<rs-module id=\"rev_slider_19_1\" style=\"\" data-version=\"6.6.16\">\n\t\t\t\t\t<rs-slides style=\"overflow: hidden; position: absolute;\">\n\t\t\t\t\t\t<rs-slide style=\"position: absolute;\" data-key=\"rs-45\" data-title=\"Slide\" data-anim=\"adpr:false;\" data-in=\"o:0;\" data-out=\"a:false;\">\n\t\t\t\t\t\t\t<img decoding=\"async\" src=\"\/\/kingjohnscastle.ie\/wp-content\/plugins\/revslider\/public\/assets\/assets\/dummy.png\" alt=\"Slide\" title=\"Cluich\u00ed Cl\u00f3s\" class=\"rev-slidebg tp-rs-img rs-lazyload\" data-lazyload=\"\/\/kingjohnscastle.ie\/wp-content\/plugins\/revslider\/public\/assets\/assets\/transparent.png\" data-no-retina>\n<!--\n\t\t\t\t\t\t\t--><rs-group\n\t\t\t\t\t\t\t\tid=\"slider-19-slide-45-layer-49\" \n\t\t\t\t\t\t\t\tdata-type=\"group\"\n\t\t\t\t\t\t\t\tdata-rsp_ch=\"on\"\n\t\t\t\t\t\t\t\tdata-xy=\"xo:10px,10px,9px,-476px;yo:0,0,15px,125px;\"\n\t\t\t\t\t\t\t\tdata-text=\"w:normal;s:20,20,12,7;l:0,0,15,9;\"\n\t\t\t\t\t\t\t\tdata-dim=\"w:410px,410px,372px,229px;h:400px,400px,362px,223px;\"\n\t\t\t\t\t\t\t\tdata-frame_0=\"x:0,0,0px,0px;y:0,0,0px,0px;o:1;\"\n\t\t\t\t\t\t\t\tdata-frame_1=\"x:0,0,0px,0px;y:0,0,0px,0px;\"\n\t\t\t\t\t\t\t\tdata-frame_999=\"o:0;st:w;sA:9000;\"\n\t\t\t\t\t\t\t\tstyle=\"z-index:16;\"\n\t\t\t\t\t\t\t><rs-bg-elem style=\"background: url('\/\/kingjohnscastle.ie\/wp-content\/uploads\/2021\/11\/bg-1.jpg') no-repeat center center; background-size: cover;\"><\/rs-bg-elem>\n<!--\n\t\t\t\t\t\t\t\t--><h6\n\t\t\t\t\t\t\t\t\tid=\"slider-19-slide-45-layer-60\" \n\t\t\t\t\t\t\t\t\tclass=\"rs-layer\"\n\t\t\t\t\t\t\t\t\tdata-type=\"text\"\n\t\t\t\t\t\t\t\t\tdata-rsp_ch=\"on\"\n\t\t\t\t\t\t\t\t\tdata-xy=\"xo:40px,40px,35px,21px;yo:81px,81px,74px,45px;\"\n\t\t\t\t\t\t\t\t\tdata-pos=\"a\"\n\t\t\t\t\t\t\t\t\tdata-text=\"w:normal;s:12,12,10,6;l:30,30,27,16;ls:4px,4px,2px,1px;\"\n\t\t\t\t\t\t\t\t\tdata-frame_0=\"x:0,0,0px,0px;y:0,0,0px,0px;\"\n\t\t\t\t\t\t\t\t\tdata-frame_1=\"x:0,0,0px,0px;y:0,0,0px,0px;\"\n\t\t\t\t\t\t\t\t\tdata-frame_999=\"o:0;st:w;\"\n\t\t\t\t\t\t\t\t\tstyle=\"z-index:14;font-family:'Roboto';\"\n\t\t\t\t\t\t\t\t>CAISLE\u00c1N R\u00cd EOIN \n\t\t\t\t\t\t\t\t<\/h6><!--\n\n\t\t\t\t\t\t\t\t--><p\n\t\t\t\t\t\t\t\t\tid=\"slider-19-slide-45-layer-51\" \n\t\t\t\t\t\t\t\t\tclass=\"rs-layer\"\n\t\t\t\t\t\t\t\t\tdata-type=\"text\"\n\t\t\t\t\t\t\t\t\tdata-rsp_ch=\"on\"\n\t\t\t\t\t\t\t\t\tdata-xy=\"xo:39px,39px,35px,21px;yo:183px,183px,164px,101px;\"\n\t\t\t\t\t\t\t\t\tdata-pos=\"a\"\n\t\t\t\t\t\t\t\t\tdata-text=\"w:normal;s:14,14,11,6;l:30,30,27,16;ls:2px,2px,2px,1px;\"\n\t\t\t\t\t\t\t\t\tdata-dim=\"w:320px,320px,288px,177px;\"\n\t\t\t\t\t\t\t\t\tdata-frame_0=\"x:0,0,0px,0px;y:0,0,0px,0px;\"\n\t\t\t\t\t\t\t\t\tdata-frame_1=\"x:0,0,0px,0px;y:0,0,0px,0px;\"\n\t\t\t\t\t\t\t\t\tdata-frame_999=\"o:0;st:w;\"\n\t\t\t\t\t\t\t\t\tstyle=\"z-index:13;font-family:'Roboto';\"\n\t\t\t\t\t\t\t\t>T\u00e1 r\u00edm\u00e9ad ar Chaisle\u00e1n R\u00ed Eoin seoladh sraith nua cluich\u00ed Me\u00e1naoise a fh\u00f3gairt \n\t\t\t\t\t\t\t\t<\/p><!--\n\n\t\t\t\t\t\t\t\t--><h3\n\t\t\t\t\t\t\t\t\tid=\"slider-19-slide-45-layer-50\" \n\t\t\t\t\t\t\t\t\tclass=\"rs-layer\"\n\t\t\t\t\t\t\t\t\tdata-type=\"text\"\n\t\t\t\t\t\t\t\t\tdata-rsp_ch=\"on\"\n\t\t\t\t\t\t\t\t\tdata-xy=\"xo:40px,40px,35px,21px;yo:127px,127px,114px,70px;\"\n\t\t\t\t\t\t\t\t\tdata-pos=\"a\"\n\t\t\t\t\t\t\t\t\tdata-text=\"w:normal;s:33,33,30,18;l:25,25,22,13;ls:2px,2px,2px,1px;\"\n\t\t\t\t\t\t\t\t\tdata-frame_0=\"x:0,0,0px,0px;y:0,0,0px,0px;\"\n\t\t\t\t\t\t\t\t\tdata-frame_1=\"x:0,0,0px,0px;y:0,0,0px,0px;\"\n\t\t\t\t\t\t\t\t\tdata-frame_999=\"o:0;st:w;\"\n\t\t\t\t\t\t\t\t\tstyle=\"z-index:12;font-family:'Playfair Display';\"\n\t\t\t\t\t\t\t\t>Cluich\u00ed Me\u00e1naoise \n\t\t\t\t\t\t\t\t<\/h3><!--\n\t\t\t\t\t\t\t--><\/rs-group><!--\n\n\t\t\t\t\t\t\t--><rs-group\n\t\t\t\t\t\t\t\tid=\"slider-19-slide-45-layer-66\" \n\t\t\t\t\t\t\t\tdata-type=\"group\"\n\t\t\t\t\t\t\t\tdata-rsp_ch=\"on\"\n\t\t\t\t\t\t\t\tdata-xy=\"x:r;xo:0,0,11px,46px;y:b;yo:0,0,134px,-17px;\"\n\t\t\t\t\t\t\t\tdata-pos=\"a\"\n\t\t\t\t\t\t\t\tdata-text=\"w:normal;s:20,20,12,7;l:0,0,15,9;\"\n\t\t\t\t\t\t\t\tdata-dim=\"w:410px,410px,377px,389px;h:400px,400px,366px,377px;\"\n\t\t\t\t\t\t\t\tdata-frame_0=\"x:0,0,0px,0px;y:0,0,0px,0px;o:1;\"\n\t\t\t\t\t\t\t\tdata-frame_1=\"x:0,0,0px,0px;y:0,0,0px,0px;\"\n\t\t\t\t\t\t\t\tdata-frame_999=\"o:0;st:w;sA:9000;\"\n\t\t\t\t\t\t\t\tstyle=\"z-index:21;\"\n\t\t\t\t\t\t\t><rs-bg-elem style=\"background: url('\/\/kingjohnscastle.ie\/wp-content\/uploads\/2021\/11\/bg-2.jpg') no-repeat center center; background-size: cover;\"><\/rs-bg-elem>\n<!--\n\t\t\t\t\t\t\t\t--><h6\n\t\t\t\t\t\t\t\t\tid=\"slider-19-slide-45-layer-70\" \n\t\t\t\t\t\t\t\t\tclass=\"rs-layer\"\n\t\t\t\t\t\t\t\t\tdata-type=\"text\"\n\t\t\t\t\t\t\t\t\tdata-rsp_ch=\"on\"\n\t\t\t\t\t\t\t\t\tdata-xy=\"xo:34px,34px,32px,32px;yo:36px,36px,33px,33px;\"\n\t\t\t\t\t\t\t\t\tdata-pos=\"a\"\n\t\t\t\t\t\t\t\t\tdata-text=\"w:normal;s:12,12,10,10;l:30,30,28,29;ls:4px,4px,3px,2px;\"\n\t\t\t\t\t\t\t\t\tdata-frame_0=\"x:0,0,0px,0px;y:0,0,0px,0px;\"\n\t\t\t\t\t\t\t\t\tdata-frame_1=\"x:0,0,0px,0px;y:0,0,0px,0px;\"\n\t\t\t\t\t\t\t\t\tdata-frame_999=\"o:0;st:w;\"\n\t\t\t\t\t\t\t\t\tstyle=\"z-index:19;font-family:'Roboto';\"\n\t\t\t\t\t\t\t\t>CAISLE\u00c1N R\u00cd EOIN \n\t\t\t\t\t\t\t\t<\/h6><!--\n\n\t\t\t\t\t\t\t\t--><p\n\t\t\t\t\t\t\t\t\tid=\"slider-19-slide-45-layer-69\" \n\t\t\t\t\t\t\t\t\tclass=\"rs-layer\"\n\t\t\t\t\t\t\t\t\tdata-type=\"text\"\n\t\t\t\t\t\t\t\t\tdata-rsp_ch=\"on\"\n\t\t\t\t\t\t\t\t\tdata-xy=\"xo:33px,33px,30px,37px;yo:126px,126px,114px,118px;\"\n\t\t\t\t\t\t\t\t\tdata-pos=\"a\"\n\t\t\t\t\t\t\t\t\tdata-text=\"w:normal;s:14,14,11,15;l:30,30,28,29;ls:2px,2px,1px,0px;\"\n\t\t\t\t\t\t\t\t\tdata-dim=\"w:320px,320px,294px,304px;\"\n\t\t\t\t\t\t\t\t\tdata-frame_0=\"x:0,0,0px,0px;y:0,0,0px,0px;\"\n\t\t\t\t\t\t\t\t\tdata-frame_1=\"x:0,0,0px,0px;y:0,0,0px,0px;\"\n\t\t\t\t\t\t\t\t\tdata-frame_999=\"o:0;st:w;\"\n\t\t\t\t\t\t\t\t\tstyle=\"z-index:18;font-family:'Roboto';\"\n\t\t\t\t\t\t\t\t>Cranda\u00ed bogada\u00ed na Me\u00e1naoise, Boghd\u00f3ireacht (Bealtaine go Me\u00e1n F\u00f3mhair), Caidhte (Caith f\u00e1inne), O\u00edche na Me\u00e1naoise agus na Croise, Tarraingt na T\u00e9ide, Com\u00f3rtas caith cr\u00fa capaill \n\t\t\t\t\t\t\t\t<\/p><!--\n\n\t\t\t\t\t\t\t\t--><h3\n\t\t\t\t\t\t\t\t\tid=\"slider-19-slide-45-layer-68\" \n\t\t\t\t\t\t\t\t\tclass=\"rs-layer\"\n\t\t\t\t\t\t\t\t\tdata-type=\"text\"\n\t\t\t\t\t\t\t\t\tdata-rsp_ch=\"on\"\n\t\t\t\t\t\t\t\t\tdata-xy=\"xo:32px,32px,29px,29px;yo:67px,67px,61px,62px;\"\n\t\t\t\t\t\t\t\t\tdata-pos=\"a\"\n\t\t\t\t\t\t\t\t\tdata-text=\"w:normal;s:28,28,26,27;l:38,38,35,36;ls:2px,2px,1px,0px;\"\n\t\t\t\t\t\t\t\t\tdata-dim=\"w:367px,367px,338px,349px;\"\n\t\t\t\t\t\t\t\t\tdata-frame_0=\"x:0,0,0px,0px;y:0,0,0px,0px;\"\n\t\t\t\t\t\t\t\t\tdata-frame_1=\"x:0,0,0px,0px;y:0,0,0px,0px;\"\n\t\t\t\t\t\t\t\t\tdata-frame_999=\"o:0;st:w;\"\n\t\t\t\t\t\t\t\t\tstyle=\"z-index:17;font-family:'Playfair Display';\"\n\t\t\t\t\t\t\t\t>Cluich\u00ed san \u00e1ireamh \n\t\t\t\t\t\t\t\t<\/h3><!--\n\t\t\t\t\t\t\t--><\/rs-group><!--\n\n\t\t\t\t\t\t\t--><rs-layer\n\t\t\t\t\t\t\t\tid=\"slider-19-slide-45-layer-1\" \n\t\t\t\t\t\t\t\tdata-type=\"shape\"\n\t\t\t\t\t\t\t\tdata-rsp_ch=\"on\"\n\t\t\t\t\t\t\t\tdata-xy=\"xo:10px,10px,9px,650px;y:b;yo:0,0,134px,404px;\"\n\t\t\t\t\t\t\t\tdata-text=\"w:normal;s:20,20,12,7;l:0,0,15,9;\"\n\t\t\t\t\t\t\t\tdata-dim=\"w:400px,400px,367px,226px;h:400px,400px,367px,226px;\"\n\t\t\t\t\t\t\t\tdata-frame_0=\"x:0,0,0px,0px;y:0,0,0px,0px;\"\n\t\t\t\t\t\t\t\tdata-frame_1=\"x:0,0,0px,0px;y:0,0,0px,0px;\"\n\t\t\t\t\t\t\t\tdata-frame_999=\"o:0;st:w;\"\n\t\t\t\t\t\t\t\tstyle=\"z-index:11;\"\n\t\t\t\t\t\t\t><rs-bg-elem style=\"background: url('\/\/kingjohnscastle.ie\/wp-content\/uploads\/2022\/03\/9.jpg') no-repeat center center; background-size: cover;\"><\/rs-bg-elem>\n \n\t\t\t\t\t\t\t<\/rs-layer><!--\n\n\t\t\t\t\t\t\t--><rs-layer\n\t\t\t\t\t\t\t\tid=\"slider-19-slide-45-layer-48\" \n\t\t\t\t\t\t\t\tdata-type=\"shape\"\n\t\t\t\t\t\t\t\tdata-rsp_ch=\"on\"\n\t\t\t\t\t\t\t\tdata-xy=\"xo:429px,429px,-354px,-218px;y:b;yo:0,0,68px,41px;\"\n\t\t\t\t\t\t\t\tdata-text=\"w:normal;s:20,20,12,7;l:0,0,15,9;\"\n\t\t\t\t\t\t\t\tdata-dim=\"w:400px,400px,246px,151px;h:400px,400px,246px,151px;\"\n\t\t\t\t\t\t\t\tdata-frame_999=\"o:0;st:w;\"\n\t\t\t\t\t\t\t\tstyle=\"z-index:10;\"\n\t\t\t\t\t\t\t><rs-bg-elem style=\"background: url('\/\/kingjohnscastle.ie\/wp-content\/uploads\/2022\/03\/24.jpg') no-repeat right center; background-size: cover;\"><\/rs-bg-elem>\n \n\t\t\t\t\t\t\t<\/rs-layer><!--\n\n\t\t\t\t\t\t\t--><rs-layer\n\t\t\t\t\t\t\t\tid=\"slider-19-slide-45-layer-56\" \n\t\t\t\t\t\t\t\tdata-type=\"shape\"\n\t\t\t\t\t\t\t\tdata-rsp_ch=\"on\"\n\t\t\t\t\t\t\t\tdata-xy=\"xo:420px,420px,391px,46px;yo:0,0,15px,-23px;\"\n\t\t\t\t\t\t\t\tdata-text=\"w:normal;s:20,20,12,7;l:0,0,15,9;\"\n\t\t\t\t\t\t\t\tdata-dim=\"w:410px,410px,371px,389px;h:400px,400px,361px,378px;\"\n\t\t\t\t\t\t\t\tdata-frame_0=\"x:0,0,0px,0px;y:0,0,0px,0px;\"\n\t\t\t\t\t\t\t\tdata-frame_1=\"x:0,0,0px,0px;y:0,0,0px,0px;\"\n\t\t\t\t\t\t\t\tdata-frame_999=\"o:0;st:w;\"\n\t\t\t\t\t\t\t\tstyle=\"z-index:9;\"\n\t\t\t\t\t\t\t><rs-bg-elem style=\"background: url('\/\/kingjohnscastle.ie\/wp-content\/uploads\/2022\/03\/20.jpg') no-repeat left center; background-size: cover;\"><\/rs-bg-elem>\n \n\t\t\t\t\t\t\t<\/rs-layer><!--\n\n\t\t\t\t\t\t\t--><rs-layer\n\t\t\t\t\t\t\t\tid=\"slider-19-slide-45-layer-57\" \n\t\t\t\t\t\t\t\tdata-type=\"shape\"\n\t\t\t\t\t\t\t\tdata-rsp_ch=\"on\"\n\t\t\t\t\t\t\t\tdata-xy=\"x:r;xo:11px,11px,-378px,-233px;yo:0,0,203px,125px;\"\n\t\t\t\t\t\t\t\tdata-text=\"w:normal;s:20,20,12,7;l:0,0,15,9;\"\n\t\t\t\t\t\t\t\tdata-dim=\"w:400px,400px,246px,151px;h:400px,400px,246px,151px;\"\n\t\t\t\t\t\t\t\tdata-frame_999=\"o:0;st:w;\"\n\t\t\t\t\t\t\t\tstyle=\"z-index:8;\"\n\t\t\t\t\t\t\t><rs-bg-elem style=\"background: url('\/\/kingjohnscastle.ie\/wp-content\/uploads\/2022\/03\/19.jpg') no-repeat center center; background-size: cover;\"><\/rs-bg-elem>\n \n\t\t\t\t\t\t\t<\/rs-layer><!--\n-->\t\t\t\t\t\t<\/rs-slide>\n\t\t\t\t\t<\/rs-slides>\n\t\t\t\t<\/rs-module>\n\t\t\t\t<script>\n\t\t\t\t\tsetREVStartSize({c: 'rev_slider_19_1',rl:[1240,1024,778,480],el:[820,820,960,720],gw:[1260,1260,778,480],gh:[820,820,960,720],type:'carousel',justify:'',layout:'fullwidth',mh:\"0\"});if (window.RS_MODULES!==undefined && window.RS_MODULES.modules!==undefined && window.RS_MODULES.modules[\"revslider191\"]!==undefined) {window.RS_MODULES.modules[\"revslider191\"].once = false;window.revapi19 = undefined;if (window.RS_MODULES.checkMinimal!==undefined) window.RS_MODULES.checkMinimal()}\n\t\t\t\t<\/script>\n\t\t\t<\/rs-module-wrap>\n\t\t\t<!-- END REVOLUTION SLIDER -->\n<\/div>\n\n\t\t\t\t\t\t<\/div>\n\t\t\t\t<\/div>\n\t\t\t\t\t<\/div>\n\t\t<\/div>\n\t\t\t\t\t<\/div>\n\t\t<\/section>\n\t\t\t\t<section class=\"elementor-section elementor-top-section elementor-element elementor-element-784eaf4b elementor-section-stretched elementor-section-boxed elementor-section-height-default elementor-section-height-default\" data-id=\"784eaf4b\" data-element_type=\"section\" data-e-type=\"section\" data-settings=\"{&quot;background_background&quot;:&quot;classic&quot;,&quot;stretch_section&quot;:&quot;section-stretched&quot;}\">\n\t\t\t\t\t\t\t<div class=\"elementor-background-overlay\"><\/div>\n\t\t\t\t\t\t\t<div class=\"elementor-container elementor-column-gap-default\">\n\t\t\t\t\t<div class=\"elementor-column elementor-col-100 elementor-top-column elementor-element elementor-element-46a0f65a\" data-id=\"46a0f65a\" data-element_type=\"column\" data-e-type=\"column\">\n\t\t\t<div class=\"elementor-widget-wrap\">\n\t\t\t\t\t\t\t<\/div>\n\t\t<\/div>\n\t\t\t\t\t<\/div>\n\t\t<\/section>\n\t\t\t\t<\/div>\n\t\t","protected":false},"excerpt":{"rendered":"<p>Cluich\u00ed Cl\u00f3s CAISLE\u00c1N R\u00cd EOIN Cluich\u00ed Cl\u00f3s Me\u00e1nmh\u00e9adacha San \u00e1ireamh i bpraghas do thic\u00e9ad, t\u00e1 na cluich\u00ed seo oiri\u00fanach do gach aois agus t\u00e1 siad cinnte go dtabharfaidh t\u00fa amach do stailc ioma\u00edoch inmhe\u00e1nach! Bunaithe ar chluich\u00ed a mbainf\u00ed taitneamh astu ar laethanta aonaigh le linn na Me\u00e1naoise, t\u00e1 na cluich\u00ed seo socraithe chun cl\u00f3s [&hellip;]<\/p>\n","protected":false},"author":1,"featured_media":0,"parent":0,"menu_order":0,"comment_status":"closed","ping_status":"closed","template":"","meta":{"footnotes":""},"class_list":["post-12011","page","type-page","status-publish","hentry"],"_links":{"self":[{"href":"https:\/\/kingjohnscastle.ie\/ga\/wp-json\/wp\/v2\/pages\/12011","targetHints":{"allow":["GET"]}}],"collection":[{"href":"https:\/\/kingjohnscastle.ie\/ga\/wp-json\/wp\/v2\/pages"}],"about":[{"href":"https:\/\/kingjohnscastle.ie\/ga\/wp-json\/wp\/v2\/types\/page"}],"author":[{"embeddable":true,"href":"https:\/\/kingjohnscastle.ie\/ga\/wp-json\/wp\/v2\/users\/1"}],"replies":[{"embeddable":true,"href":"https:\/\/kingjohnscastle.ie\/ga\/wp-json\/wp\/v2\/comments?post=12011"}],"version-history":[{"count":4,"href":"https:\/\/kingjohnscastle.ie\/ga\/wp-json\/wp\/v2\/pages\/12011\/revisions"}],"predecessor-version":[{"id":12015,"href":"https:\/\/kingjohnscastle.ie\/ga\/wp-json\/wp\/v2\/pages\/12011\/revisions\/12015"}],"wp:attachment":[{"href":"https:\/\/kingjohnscastle.ie\/ga\/wp-json\/wp\/v2\/media?parent=12011"}],"curies":[{"name":"wp","href":"https:\/\/api.w.org\/{rel}","templated":true}]}}