{"id":12033,"date":"2022-03-23T17:36:59","date_gmt":"2022-03-23T17:36:59","guid":{"rendered":"https:\/\/kingjohnscastle.ie\/turais-bhunscoile\/"},"modified":"2023-01-25T02:23:42","modified_gmt":"2023-01-25T02:23:42","slug":"turais-bhunscoile","status":"publish","type":"page","link":"https:\/\/kingjohnscastle.ie\/ga\/turais-bhunscoile\/","title":{"rendered":"Turais Bhunscoile"},"content":{"rendered":"\t\t<div data-elementor-type=\"wp-page\" data-elementor-id=\"12033\" class=\"elementor elementor-12033 elementor-9525\" data-elementor-post-type=\"page\">\n\t\t\t\t\t\t<section class=\"elementor-section elementor-top-section elementor-element elementor-element-ba8fa15 elementor-section-stretched elementor-section-content-middle elementor-section-boxed elementor-section-height-default elementor-section-height-default\" data-id=\"ba8fa15\" data-element_type=\"section\" data-e-type=\"section\" data-settings=\"{&quot;stretch_section&quot;:&quot;section-stretched&quot;,&quot;background_background&quot;:&quot;classic&quot;}\">\n\t\t\t\t\t\t\t<div class=\"elementor-background-overlay\"><\/div>\n\t\t\t\t\t\t\t<div class=\"elementor-container elementor-column-gap-default\">\n\t\t\t\t\t<div class=\"elementor-column elementor-col-100 elementor-top-column elementor-element elementor-element-07a85ae\" data-id=\"07a85ae\" data-element_type=\"column\" data-e-type=\"column\">\n\t\t\t<div class=\"elementor-widget-wrap elementor-element-populated\">\n\t\t\t\t\t\t<div class=\"elementor-element elementor-element-825c2b4 elementor-widget elementor-widget-heading\" data-id=\"825c2b4\" data-element_type=\"widget\" data-e-type=\"widget\" data-widget_type=\"heading.default\">\n\t\t\t\t<div class=\"elementor-widget-container\">\n\t\t\t\t\t<h1 class=\"elementor-heading-title elementor-size-default\">Turais Bhunscoile<\/h1>\t\t\t\t<\/div>\n\t\t\t\t<\/div>\n\t\t\t\t\t<\/div>\n\t\t<\/div>\n\t\t\t\t\t<\/div>\n\t\t<\/section>\n\t\t\t\t<section class=\"elementor-section elementor-top-section elementor-element elementor-element-70b4f9d elementor-section-stretched elementor-section-boxed elementor-section-height-default elementor-section-height-default\" data-id=\"70b4f9d\" data-element_type=\"section\" data-e-type=\"section\" data-settings=\"{&quot;stretch_section&quot;:&quot;section-stretched&quot;,&quot;background_background&quot;:&quot;classic&quot;}\">\n\t\t\t\t\t\t\t<div class=\"elementor-background-overlay\"><\/div>\n\t\t\t\t\t\t\t<div class=\"elementor-container elementor-column-gap-default\">\n\t\t\t\t\t<div class=\"elementor-column elementor-col-50 elementor-top-column elementor-element elementor-element-bebd1bd\" data-id=\"bebd1bd\" data-element_type=\"column\" data-e-type=\"column\">\n\t\t\t<div class=\"elementor-widget-wrap\">\n\t\t\t\t\t\t\t<\/div>\n\t\t<\/div>\n\t\t\t\t<div class=\"elementor-column elementor-col-50 elementor-top-column elementor-element elementor-element-63becdb\" data-id=\"63becdb\" data-element_type=\"column\" data-e-type=\"column\">\n\t\t\t<div class=\"elementor-widget-wrap elementor-element-populated\">\n\t\t\t\t\t\t<div class=\"elementor-element elementor-element-b15dae0 elementor-widget elementor-widget-heading\" data-id=\"b15dae0\" data-element_type=\"widget\" data-e-type=\"widget\" data-widget_type=\"heading.default\">\n\t\t\t\t<div class=\"elementor-widget-container\">\n\t\t\t\t\t<h5 class=\"elementor-heading-title elementor-size-default\">CAISLE\u00c1N R\u00cd EOIN<\/h5>\t\t\t\t<\/div>\n\t\t\t\t<\/div>\n\t\t\t\t<div class=\"elementor-element elementor-element-33892be elementor-widget elementor-widget-heading\" data-id=\"33892be\" data-element_type=\"widget\" data-e-type=\"widget\" data-widget_type=\"heading.default\">\n\t\t\t\t<div class=\"elementor-widget-container\">\n\t\t\t\t\t<h1 class=\"elementor-heading-title elementor-size-default\">Cuir do Thuras Bunscoile in \u00e1irithe<\/h1>\t\t\t\t<\/div>\n\t\t\t\t<\/div>\n\t\t\t\t<section class=\"elementor-section elementor-inner-section elementor-element elementor-element-6177dbc elementor-section-boxed elementor-section-height-default elementor-section-height-default\" data-id=\"6177dbc\" data-element_type=\"section\" data-e-type=\"section\">\n\t\t\t\t\t\t<div class=\"elementor-container elementor-column-gap-default\">\n\t\t\t\t\t<div class=\"elementor-column elementor-col-33 elementor-inner-column elementor-element elementor-element-d1398e3 elementor-invisible\" data-id=\"d1398e3\" data-element_type=\"column\" data-e-type=\"column\" data-settings=\"{&quot;animation&quot;:&quot;fadeIn&quot;}\">\n\t\t\t<div class=\"elementor-widget-wrap elementor-element-populated\">\n\t\t\t\t\t\t<div class=\"elementor-element elementor-element-51893db elementor-widget elementor-widget-image\" data-id=\"51893db\" data-element_type=\"widget\" data-e-type=\"widget\" data-widget_type=\"image.default\">\n\t\t\t\t<div class=\"elementor-widget-container\">\n\t\t\t\t\t\t\t\t\t\t\t\t\t\t\t<img fetchpriority=\"high\" decoding=\"async\" width=\"410\" height=\"328\" src=\"https:\/\/kingjohnscastle.ie\/wp-content\/uploads\/2022\/01\/viking2.png\" class=\"attachment-large size-large wp-image-7941\" alt=\"\" srcset=\"https:\/\/kingjohnscastle.ie\/wp-content\/uploads\/2022\/01\/viking2.png 410w, https:\/\/kingjohnscastle.ie\/wp-content\/uploads\/2022\/01\/viking2-300x240.png 300w\" sizes=\"(max-width: 410px) 100vw, 410px\" \/>\t\t\t\t\t\t\t\t\t\t\t\t\t\t\t<\/div>\n\t\t\t\t<\/div>\n\t\t\t\t\t<\/div>\n\t\t<\/div>\n\t\t\t\t<div class=\"elementor-column elementor-col-33 elementor-inner-column elementor-element elementor-element-90d9743 elementor-invisible\" data-id=\"90d9743\" data-element_type=\"column\" data-e-type=\"column\" data-settings=\"{&quot;animation&quot;:&quot;fadeIn&quot;,&quot;animation_delay&quot;:300}\">\n\t\t\t<div class=\"elementor-widget-wrap elementor-element-populated\">\n\t\t\t\t\t\t<div class=\"elementor-element elementor-element-f53d39f elementor-widget elementor-widget-image\" data-id=\"f53d39f\" data-element_type=\"widget\" data-e-type=\"widget\" data-widget_type=\"image.default\">\n\t\t\t\t<div class=\"elementor-widget-container\">\n\t\t\t\t\t\t\t\t\t\t\t\t\t\t\t<img decoding=\"async\" width=\"410\" height=\"328\" src=\"https:\/\/kingjohnscastle.ie\/wp-content\/uploads\/2022\/01\/norman.png\" class=\"attachment-large size-large wp-image-7942\" alt=\"\" srcset=\"https:\/\/kingjohnscastle.ie\/wp-content\/uploads\/2022\/01\/norman.png 410w, https:\/\/kingjohnscastle.ie\/wp-content\/uploads\/2022\/01\/norman-300x240.png 300w\" sizes=\"(max-width: 410px) 100vw, 410px\" \/>\t\t\t\t\t\t\t\t\t\t\t\t\t\t\t<\/div>\n\t\t\t\t<\/div>\n\t\t\t\t\t<\/div>\n\t\t<\/div>\n\t\t\t\t<div class=\"elementor-column elementor-col-33 elementor-inner-column elementor-element elementor-element-50a7d2a elementor-invisible\" data-id=\"50a7d2a\" data-element_type=\"column\" data-e-type=\"column\" data-settings=\"{&quot;animation&quot;:&quot;fadeIn&quot;,&quot;animation_delay&quot;:600}\">\n\t\t\t<div class=\"elementor-widget-wrap elementor-element-populated\">\n\t\t\t\t\t\t<div class=\"elementor-element elementor-element-9c9670d elementor-widget elementor-widget-image\" data-id=\"9c9670d\" data-element_type=\"widget\" data-e-type=\"widget\" data-widget_type=\"image.default\">\n\t\t\t\t<div class=\"elementor-widget-container\">\n\t\t\t\t\t\t\t\t\t\t\t\t\t\t\t<img decoding=\"async\" width=\"410\" height=\"328\" src=\"https:\/\/kingjohnscastle.ie\/wp-content\/uploads\/2022\/01\/kingjohn.png\" class=\"attachment-large size-large wp-image-7943\" alt=\"\" srcset=\"https:\/\/kingjohnscastle.ie\/wp-content\/uploads\/2022\/01\/kingjohn.png 410w, https:\/\/kingjohnscastle.ie\/wp-content\/uploads\/2022\/01\/kingjohn-300x240.png 300w\" sizes=\"(max-width: 410px) 100vw, 410px\" \/>\t\t\t\t\t\t\t\t\t\t\t\t\t\t\t<\/div>\n\t\t\t\t<\/div>\n\t\t\t\t\t<\/div>\n\t\t<\/div>\n\t\t\t\t\t<\/div>\n\t\t<\/section>\n\t\t\t\t<section class=\"elementor-section elementor-inner-section elementor-element elementor-element-22fc958 elementor-section-boxed elementor-section-height-default elementor-section-height-default\" data-id=\"22fc958\" data-element_type=\"section\" data-e-type=\"section\">\n\t\t\t\t\t\t<div class=\"elementor-container elementor-column-gap-default\">\n\t\t\t\t\t<div class=\"elementor-column elementor-col-50 elementor-inner-column elementor-element elementor-element-9f79317\" data-id=\"9f79317\" data-element_type=\"column\" data-e-type=\"column\">\n\t\t\t<div class=\"elementor-widget-wrap elementor-element-populated\">\n\t\t\t\t\t\t<div class=\"elementor-element elementor-element-59ca0ff elementor-align-center elementor-tablet-align-center elementor-widget elementor-widget-button\" data-id=\"59ca0ff\" data-element_type=\"widget\" data-e-type=\"widget\" data-widget_type=\"button.default\">\n\t\t\t\t<div class=\"elementor-widget-container\">\n\t\t\t\t\t\t\t\t\t<div class=\"elementor-button-wrapper\">\n\t\t\t\t\t<a class=\"elementor-button elementor-button-link elementor-size-sm elementor-animation-shrink\" href=\"https:\/\/kingjohnscastle.ie\/ga\/turais-scoile\/\">\n\t\t\t\t\t\t<span class=\"elementor-button-content-wrapper\">\n\t\t\t\t\t\t\t\t\t<span class=\"elementor-button-text\">FAIGH TUILLEADH EOLAIS ANSEO<\/span>\n\t\t\t\t\t<\/span>\n\t\t\t\t\t<\/a>\n\t\t\t\t<\/div>\n\t\t\t\t\t\t\t\t<\/div>\n\t\t\t\t<\/div>\n\t\t\t\t\t<\/div>\n\t\t<\/div>\n\t\t\t\t<div class=\"elementor-column elementor-col-50 elementor-inner-column elementor-element elementor-element-31a25fe\" data-id=\"31a25fe\" data-element_type=\"column\" data-e-type=\"column\">\n\t\t\t<div class=\"elementor-widget-wrap elementor-element-populated\">\n\t\t\t\t\t\t<div class=\"elementor-element elementor-element-e6388ad elementor-align-center elementor-tablet-align-center elementor-widget elementor-widget-button\" data-id=\"e6388ad\" data-element_type=\"widget\" data-e-type=\"widget\" data-widget_type=\"button.default\">\n\t\t\t\t<div class=\"elementor-widget-container\">\n\t\t\t\t\t\t\t\t\t<div class=\"elementor-button-wrapper\">\n\t\t\t\t\t<a class=\"elementor-button elementor-button-link elementor-size-sm elementor-animation-shrink\" href=\"https:\/\/kingjohnscastle.ie\/ga\/acmhainni-muinteoiri\/\">\n\t\t\t\t\t\t<span class=\"elementor-button-content-wrapper\">\n\t\t\t\t\t\t\t\t\t<span class=\"elementor-button-text\">ACMHAINN\u00cd SAOR IN AISCE M\u00daINTEOIR<\/span>\n\t\t\t\t\t<\/span>\n\t\t\t\t\t<\/a>\n\t\t\t\t<\/div>\n\t\t\t\t\t\t\t\t<\/div>\n\t\t\t\t<\/div>\n\t\t\t\t\t<\/div>\n\t\t<\/div>\n\t\t\t\t\t<\/div>\n\t\t<\/section>\n\t\t\t\t\t<\/div>\n\t\t<\/div>\n\t\t\t\t\t<\/div>\n\t\t<\/section>\n\t\t\t\t<section class=\"elementor-section elementor-top-section elementor-element elementor-element-d1413a5 elementor-section-content-middle elementor-section-stretched elementor-section-boxed elementor-section-height-default elementor-section-height-default\" data-id=\"d1413a5\" data-element_type=\"section\" data-e-type=\"section\" data-settings=\"{&quot;stretch_section&quot;:&quot;section-stretched&quot;,&quot;background_background&quot;:&quot;classic&quot;}\">\n\t\t\t\t\t\t\t<div class=\"elementor-background-overlay\"><\/div>\n\t\t\t\t\t\t\t<div class=\"elementor-container elementor-column-gap-default\">\n\t\t\t\t\t<div class=\"elementor-column elementor-col-50 elementor-top-column elementor-element elementor-element-81c17d2\" data-id=\"81c17d2\" data-element_type=\"column\" data-e-type=\"column\" data-settings=\"{&quot;background_background&quot;:&quot;classic&quot;}\">\n\t\t\t<div class=\"elementor-widget-wrap elementor-element-populated\">\n\t\t\t\t\t\t<div class=\"elementor-element elementor-element-7c7b553 elementor-widget elementor-widget-spacer\" data-id=\"7c7b553\" data-element_type=\"widget\" data-e-type=\"widget\" data-widget_type=\"spacer.default\">\n\t\t\t\t<div class=\"elementor-widget-container\">\n\t\t\t\t\t\t\t<div class=\"elementor-spacer\">\n\t\t\t<div class=\"elementor-spacer-inner\"><\/div>\n\t\t<\/div>\n\t\t\t\t\t\t<\/div>\n\t\t\t\t<\/div>\n\t\t\t\t\t<\/div>\n\t\t<\/div>\n\t\t\t\t<div class=\"elementor-column elementor-col-50 elementor-top-column elementor-element elementor-element-652bab4\" data-id=\"652bab4\" data-element_type=\"column\" data-e-type=\"column\">\n\t\t\t<div class=\"elementor-widget-wrap elementor-element-populated\">\n\t\t\t\t\t\t<div class=\"elementor-element elementor-element-7f7641a elementor-widget elementor-widget-heading\" data-id=\"7f7641a\" data-element_type=\"widget\" data-e-type=\"widget\" data-widget_type=\"heading.default\">\n\t\t\t\t<div class=\"elementor-widget-container\">\n\t\t\t\t\t<h5 class=\"elementor-heading-title elementor-size-default\">CAISLE\u00c1N R\u00cd EOIN<\/h5>\t\t\t\t<\/div>\n\t\t\t\t<\/div>\n\t\t\t\t<div class=\"elementor-element elementor-element-729edea elementor-widget elementor-widget-heading\" data-id=\"729edea\" data-element_type=\"widget\" data-e-type=\"widget\" data-widget_type=\"heading.default\">\n\t\t\t\t<div class=\"elementor-widget-container\">\n\t\t\t\t\t<h1 class=\"elementor-heading-title elementor-size-default\">Turas F\u00e9intreoraithe<\/h1>\t\t\t\t<\/div>\n\t\t\t\t<\/div>\n\t\t\t\t<div class=\"elementor-element elementor-element-3a1eba7 elementor-widget elementor-widget-heading\" data-id=\"3a1eba7\" data-element_type=\"widget\" data-e-type=\"widget\" data-widget_type=\"heading.default\">\n\t\t\t\t<div class=\"elementor-widget-container\">\n\t\t\t\t\t<p class=\"elementor-heading-title elementor-size-default\">T\u00e1 teicneola\u00edocht sc\u00e1ile\u00e1in tadhaill an 21\u00fa haois, samhlacha 3D agus tarraice\u00e1in fionnachtana i measc na dteicn\u00edc\u00ed spreag\u00fala a nascfaidh cuairteoir\u00ed le sc\u00e9alta l\u00e9igir agus coga\u00edochta. Is bre\u00e1 le mic l\u00e9inn an raon iontach de bheochan r\u00edomhghinte agus teilgin taibhs\u00ed agus iad ag taisteal ar ais tr\u00edd an am. Sa chl\u00f3s gn\u00f3thach is f\u00e9idir ce\u00e1rta gabha\nagus radhairc \u00f3n l\u00e9igear \u00f3n seacht\u00fa haois d\u00e9ag a fheice\u00e1il. Tagann radharcanna, radhairc agus fuaimeanna Chaisle\u00e1n an R\u00ed Eoin agus a thimpeallacht le ch\u00e9ile chun atmaisf\u00e9ar na r\u00e9 a athchruth\u00fa.<\/p>\t\t\t\t<\/div>\n\t\t\t\t<\/div>\n\t\t\t\t<div class=\"elementor-element elementor-element-2ac9482 elementor-widget elementor-widget-heading\" data-id=\"2ac9482\" data-element_type=\"widget\" data-e-type=\"widget\" data-widget_type=\"heading.default\">\n\t\t\t\t<div class=\"elementor-widget-container\">\n\t\t\t\t\t<p class=\"elementor-heading-title elementor-size-default\">Iontr\u00e1il Caighde\u00e1nach - \u20ac7.50 Turas F\u00e9intreoraithe \u2013 fad 2 uair<\/p>\t\t\t\t<\/div>\n\t\t\t\t<\/div>\n\t\t\t\t<div class=\"elementor-element elementor-element-a862f70 elementor-align-left elementor-tablet-align-center elementor-widget elementor-widget-button\" data-id=\"a862f70\" data-element_type=\"widget\" data-e-type=\"widget\" data-widget_type=\"button.default\">\n\t\t\t\t<div class=\"elementor-widget-container\">\n\t\t\t\t\t\t\t\t\t<div class=\"elementor-button-wrapper\">\n\t\t\t\t\t<a class=\"elementor-button elementor-button-link elementor-size-sm elementor-animation-shrink\" href=\"https:\/\/kingjohnscastle.ie\/ga\/cuir-do-chuairt-scoile-in-airithe\/\">\n\t\t\t\t\t\t<span class=\"elementor-button-content-wrapper\">\n\t\t\t\t\t\t\t\t\t<span class=\"elementor-button-text\">CUIR DO THURAS BUNSCOILE IN \u00c1IRITHE<\/span>\n\t\t\t\t\t<\/span>\n\t\t\t\t\t<\/a>\n\t\t\t\t<\/div>\n\t\t\t\t\t\t\t\t<\/div>\n\t\t\t\t<\/div>\n\t\t\t\t\t<\/div>\n\t\t<\/div>\n\t\t\t\t\t<\/div>\n\t\t<\/section>\n\t\t\t\t<section class=\"elementor-section elementor-top-section elementor-element elementor-element-33adaf0 elementor-section-stretched elementor-hidden-desktop elementor-hidden-tablet elementor-hidden-mobile elementor-section-boxed elementor-section-height-default elementor-section-height-default\" data-id=\"33adaf0\" data-element_type=\"section\" data-e-type=\"section\" data-settings=\"{&quot;stretch_section&quot;:&quot;section-stretched&quot;,&quot;background_background&quot;:&quot;classic&quot;}\">\n\t\t\t\t\t\t\t<div class=\"elementor-background-overlay\"><\/div>\n\t\t\t\t\t\t\t<div class=\"elementor-container elementor-column-gap-default\">\n\t\t\t\t\t<div class=\"elementor-column elementor-col-33 elementor-top-column elementor-element elementor-element-86d1a9c\" data-id=\"86d1a9c\" data-element_type=\"column\" data-e-type=\"column\">\n\t\t\t<div class=\"elementor-widget-wrap\">\n\t\t\t\t\t\t\t<\/div>\n\t\t<\/div>\n\t\t\t\t<div class=\"elementor-column elementor-col-33 elementor-top-column elementor-element elementor-element-95c382a\" data-id=\"95c382a\" data-element_type=\"column\" data-e-type=\"column\">\n\t\t\t<div class=\"elementor-widget-wrap elementor-element-populated\">\n\t\t\t\t\t\t<div class=\"elementor-element elementor-element-13a73f1 elementor-widget elementor-widget-image\" data-id=\"13a73f1\" data-element_type=\"widget\" data-e-type=\"widget\" data-widget_type=\"image.default\">\n\t\t\t\t<div class=\"elementor-widget-container\">\n\t\t\t\t\t\t\t\t\t\t\t\t\t\t\t<img loading=\"lazy\" decoding=\"async\" width=\"220\" height=\"220\" src=\"https:\/\/kingjohnscastle.ie\/wp-content\/uploads\/2022\/03\/jester2.png\" class=\"attachment-full size-full wp-image-9546\" alt=\"\" srcset=\"https:\/\/kingjohnscastle.ie\/wp-content\/uploads\/2022\/03\/jester2.png 220w, https:\/\/kingjohnscastle.ie\/wp-content\/uploads\/2022\/03\/jester2-150x150.png 150w, https:\/\/kingjohnscastle.ie\/wp-content\/uploads\/2022\/03\/jester2-100x100.png 100w\" sizes=\"(max-width: 220px) 100vw, 220px\" \/>\t\t\t\t\t\t\t\t\t\t\t\t\t\t\t<\/div>\n\t\t\t\t<\/div>\n\t\t\t\t<div class=\"elementor-element elementor-element-d702db7 elementor-widget elementor-widget-heading\" data-id=\"d702db7\" data-element_type=\"widget\" data-e-type=\"widget\" data-widget_type=\"heading.default\">\n\t\t\t\t<div class=\"elementor-widget-container\">\n\t\t\t\t\t<h1 class=\"elementor-heading-title elementor-size-default\">B\u00ed ar an turas feallt\u00f3ir<\/h1>\t\t\t\t<\/div>\n\t\t\t\t<\/div>\n\t\t\t\t<section class=\"elementor-section elementor-inner-section elementor-element elementor-element-8103951 elementor-section-boxed elementor-section-height-default elementor-section-height-default\" data-id=\"8103951\" data-element_type=\"section\" data-e-type=\"section\">\n\t\t\t\t\t\t<div class=\"elementor-container elementor-column-gap-default\">\n\t\t\t\t\t<div class=\"elementor-column elementor-col-50 elementor-inner-column elementor-element elementor-element-24b1d40\" data-id=\"24b1d40\" data-element_type=\"column\" data-e-type=\"column\">\n\t\t\t<div class=\"elementor-widget-wrap elementor-element-populated\">\n\t\t\t\t\t\t<div class=\"elementor-element elementor-element-2a8f044 elementor-widget elementor-widget-heading\" data-id=\"2a8f044\" data-element_type=\"widget\" data-e-type=\"widget\" data-widget_type=\"heading.default\">\n\t\t\t\t<div class=\"elementor-widget-container\">\n\t\t\t\t\t<p class=\"elementor-heading-title elementor-size-default\">B\u00edodh duine de na carachtair ildaite againn sa chaisle\u00e1n t\u00fa f\u00e9in agus do rang a thabhairt ar thuras idirghn\u00edomhach ar fud an chaisle\u00e1in, an chl\u00f3is agus an taispe\u00e1ntais. Cr\u00edochnaigh le rian clue timpeall Cl\u00f3s an Chaisle\u00e1in!\n<\/p>\t\t\t\t<\/div>\n\t\t\t\t<\/div>\n\t\t\t\t<div class=\"elementor-element elementor-element-2317881 elementor-widget elementor-widget-heading\" data-id=\"2317881\" data-element_type=\"widget\" data-e-type=\"widget\" data-widget_type=\"heading.default\">\n\t\t\t\t<div class=\"elementor-widget-container\">\n\t\t\t\t\t<p class=\"elementor-heading-title elementor-size-default\">\u20ac10 an dalta<\/p>\t\t\t\t<\/div>\n\t\t\t\t<\/div>\n\t\t\t\t<div class=\"elementor-element elementor-element-1904b0c elementor-widget elementor-widget-heading\" data-id=\"1904b0c\" data-element_type=\"widget\" data-e-type=\"widget\" data-widget_type=\"heading.default\">\n\t\t\t\t<div class=\"elementor-widget-container\">\n\t\t\t\t\t<p class=\"elementor-heading-title elementor-size-default\">Chun do rang a chur in \u00e1irithe d\u00e9an teagmh\u00e1il le reservations@kingjohnscastle.ie<br>\n Glaoigh 061 370500<\/p>\t\t\t\t<\/div>\n\t\t\t\t<\/div>\n\t\t\t\t\t<\/div>\n\t\t<\/div>\n\t\t\t\t<div class=\"elementor-column elementor-col-50 elementor-inner-column elementor-element elementor-element-27c4cf8\" data-id=\"27c4cf8\" data-element_type=\"column\" data-e-type=\"column\">\n\t\t\t<div class=\"elementor-widget-wrap elementor-element-populated\">\n\t\t\t\t\t\t<div class=\"elementor-element elementor-element-b57bca1 elementor-widget elementor-widget-heading\" data-id=\"b57bca1\" data-element_type=\"widget\" data-e-type=\"widget\" data-widget_type=\"heading.default\">\n\t\t\t\t<div class=\"elementor-widget-container\">\n\t\t\t\t\t<p class=\"elementor-heading-title elementor-size-default\">\u00c1ir\u00edtear ar bhuaicphoint\u00ed<br>\n\u2022 Caisle\u00e1n dr\u00e1mat\u00fail \u00f3n 12\u00fa hAois<br>\n\u2022 Buail le Carachtair an Chaisle\u00e1in<br>\n\u2022 Gl\u00e9as suas me\u00e1naoise<br>\n\u2022 Sn\u00edomh tr\u00ed tholl\u00e1n l\u00e9igear<br>\n\u2022 Taispe\u00e1ntas closamhairc<br>\n\u2022 T\u00f3g go barr t\u00fair an chaisle\u00e1in<br>\n\u2022 Tabhair cuairt ar an Airgead\u00f3ir &amp; mion do bhoinn f\u00e9in<br>\u2022 Can\u00f3n a Thine!<\/br>\n<\/p>\t\t\t\t<\/div>\n\t\t\t\t<\/div>\n\t\t\t\t\t<\/div>\n\t\t<\/div>\n\t\t\t\t\t<\/div>\n\t\t<\/section>\n\t\t\t\t<div class=\"elementor-element elementor-element-1127387 elementor-align-center elementor-tablet-align-center elementor-widget elementor-widget-button\" data-id=\"1127387\" data-element_type=\"widget\" data-e-type=\"widget\" data-widget_type=\"button.default\">\n\t\t\t\t<div class=\"elementor-widget-container\">\n\t\t\t\t\t\t\t\t\t<div class=\"elementor-button-wrapper\">\n\t\t\t\t\t<a class=\"elementor-button elementor-button-link elementor-size-sm elementor-animation-shrink\" href=\"https:\/\/kingjohnscastle.ie\/book-your-school-tour\/\">\n\t\t\t\t\t\t<span class=\"elementor-button-content-wrapper\">\n\t\t\t\t\t\t\t\t\t<span class=\"elementor-button-text\">TIC\u00c9ID<\/span>\n\t\t\t\t\t<\/span>\n\t\t\t\t\t<\/a>\n\t\t\t\t<\/div>\n\t\t\t\t\t\t\t\t<\/div>\n\t\t\t\t<\/div>\n\t\t\t\t\t<\/div>\n\t\t<\/div>\n\t\t\t\t<div class=\"elementor-column elementor-col-33 elementor-top-column elementor-element elementor-element-81af62a\" data-id=\"81af62a\" data-element_type=\"column\" data-e-type=\"column\">\n\t\t\t<div class=\"elementor-widget-wrap\">\n\t\t\t\t\t\t\t<\/div>\n\t\t<\/div>\n\t\t\t\t\t<\/div>\n\t\t<\/section>\n\t\t\t\t<\/div>\n\t\t","protected":false},"excerpt":{"rendered":"<p>Turais Bhunscoile CAISLE\u00c1N R\u00cd EOIN Cuir do Thuras Bunscoile in \u00e1irithe FAIGH TUILLEADH EOLAIS ANSEO ACMHAINN\u00cd SAOR IN AISCE M\u00daINTEOIR CAISLE\u00c1N R\u00cd EOIN Turas F\u00e9intreoraithe T\u00e1 teicneola\u00edocht sc\u00e1ile\u00e1in tadhaill an 21\u00fa haois, samhlacha 3D agus tarraice\u00e1in fionnachtana i measc na dteicn\u00edc\u00ed spreag\u00fala a nascfaidh cuairteoir\u00ed le sc\u00e9alta l\u00e9igir agus coga\u00edochta. Is bre\u00e1 le mic l\u00e9inn [&hellip;]<\/p>\n","protected":false},"author":1,"featured_media":0,"parent":0,"menu_order":0,"comment_status":"closed","ping_status":"closed","template":"","meta":{"footnotes":""},"class_list":["post-12033","page","type-page","status-publish","hentry"],"_links":{"self":[{"href":"https:\/\/kingjohnscastle.ie\/ga\/wp-json\/wp\/v2\/pages\/12033","targetHints":{"allow":["GET"]}}],"collection":[{"href":"https:\/\/kingjohnscastle.ie\/ga\/wp-json\/wp\/v2\/pages"}],"about":[{"href":"https:\/\/kingjohnscastle.ie\/ga\/wp-json\/wp\/v2\/types\/page"}],"author":[{"embeddable":true,"href":"https:\/\/kingjohnscastle.ie\/ga\/wp-json\/wp\/v2\/users\/1"}],"replies":[{"embeddable":true,"href":"https:\/\/kingjohnscastle.ie\/ga\/wp-json\/wp\/v2\/comments?post=12033"}],"version-history":[{"count":16,"href":"https:\/\/kingjohnscastle.ie\/ga\/wp-json\/wp\/v2\/pages\/12033\/revisions"}],"predecessor-version":[{"id":24981,"href":"https:\/\/kingjohnscastle.ie\/ga\/wp-json\/wp\/v2\/pages\/12033\/revisions\/24981"}],"wp:attachment":[{"href":"https:\/\/kingjohnscastle.ie\/ga\/wp-json\/wp\/v2\/media?parent=12033"}],"curies":[{"name":"wp","href":"https:\/\/api.w.org\/{rel}","templated":true}]}}