{"id":12038,"date":"2022-03-23T18:31:49","date_gmt":"2022-03-23T18:31:49","guid":{"rendered":"https:\/\/kingjohnscastle.ie\/turais-meanscoile\/"},"modified":"2023-02-23T18:50:46","modified_gmt":"2023-02-23T18:50:46","slug":"turais-meanscoile","status":"publish","type":"page","link":"https:\/\/kingjohnscastle.ie\/ga\/turais-meanscoile\/","title":{"rendered":"Turais Me\u00e1nscoile"},"content":{"rendered":"\t\t<div data-elementor-type=\"wp-page\" data-elementor-id=\"12038\" class=\"elementor elementor-12038 elementor-9562\" data-elementor-post-type=\"page\">\n\t\t\t\t\t\t<section class=\"elementor-section elementor-top-section elementor-element elementor-element-5f4feb4e elementor-section-stretched elementor-section-content-middle elementor-section-boxed elementor-section-height-default elementor-section-height-default\" data-id=\"5f4feb4e\" data-element_type=\"section\" data-e-type=\"section\" data-settings=\"{&quot;stretch_section&quot;:&quot;section-stretched&quot;,&quot;background_background&quot;:&quot;classic&quot;}\">\n\t\t\t\t\t\t\t<div class=\"elementor-background-overlay\"><\/div>\n\t\t\t\t\t\t\t<div class=\"elementor-container elementor-column-gap-default\">\n\t\t\t\t\t<div class=\"elementor-column elementor-col-100 elementor-top-column elementor-element elementor-element-352f7945\" data-id=\"352f7945\" data-element_type=\"column\" data-e-type=\"column\">\n\t\t\t<div class=\"elementor-widget-wrap elementor-element-populated\">\n\t\t\t\t\t\t<div class=\"elementor-element elementor-element-67839659 elementor-widget elementor-widget-heading\" data-id=\"67839659\" data-element_type=\"widget\" data-e-type=\"widget\" data-widget_type=\"heading.default\">\n\t\t\t\t<div class=\"elementor-widget-container\">\n\t\t\t\t\t<h1 class=\"elementor-heading-title elementor-size-default\">Turais Me\u00e1nscoile<\/h1>\t\t\t\t<\/div>\n\t\t\t\t<\/div>\n\t\t\t\t\t<\/div>\n\t\t<\/div>\n\t\t\t\t\t<\/div>\n\t\t<\/section>\n\t\t\t\t<section class=\"elementor-section elementor-top-section elementor-element elementor-element-5b5c48ff elementor-section-stretched elementor-section-boxed elementor-section-height-default elementor-section-height-default\" data-id=\"5b5c48ff\" data-element_type=\"section\" data-e-type=\"section\" data-settings=\"{&quot;stretch_section&quot;:&quot;section-stretched&quot;,&quot;background_background&quot;:&quot;classic&quot;}\">\n\t\t\t\t\t\t\t<div class=\"elementor-background-overlay\"><\/div>\n\t\t\t\t\t\t\t<div class=\"elementor-container elementor-column-gap-default\">\n\t\t\t\t\t<div class=\"elementor-column elementor-col-50 elementor-top-column elementor-element elementor-element-5b55696d\" data-id=\"5b55696d\" data-element_type=\"column\" data-e-type=\"column\">\n\t\t\t<div class=\"elementor-widget-wrap\">\n\t\t\t\t\t\t\t<\/div>\n\t\t<\/div>\n\t\t\t\t<div class=\"elementor-column elementor-col-50 elementor-top-column elementor-element elementor-element-3f9c3e7f\" data-id=\"3f9c3e7f\" data-element_type=\"column\" data-e-type=\"column\">\n\t\t\t<div class=\"elementor-widget-wrap elementor-element-populated\">\n\t\t\t\t\t\t<div class=\"elementor-element elementor-element-49ea3cb1 elementor-widget elementor-widget-heading\" data-id=\"49ea3cb1\" data-element_type=\"widget\" data-e-type=\"widget\" data-widget_type=\"heading.default\">\n\t\t\t\t<div class=\"elementor-widget-container\">\n\t\t\t\t\t<h5 class=\"elementor-heading-title elementor-size-default\">CAISLE\u00c1N R\u00cd EOIN<\/h5>\t\t\t\t<\/div>\n\t\t\t\t<\/div>\n\t\t\t\t<div class=\"elementor-element elementor-element-662b9d98 elementor-widget elementor-widget-heading\" data-id=\"662b9d98\" data-element_type=\"widget\" data-e-type=\"widget\" data-widget_type=\"heading.default\">\n\t\t\t\t<div class=\"elementor-widget-container\">\n\t\t\t\t\t<h1 class=\"elementor-heading-title elementor-size-default\">Tugann an taispe\u00e1ntas iontach i gCaisle\u00e1n R\u00ed Eoin breis agus 800 bliain de stair \u00e1iti\u00fail dhr\u00e1mat\u00fail beo.<\/h1>\t\t\t\t<\/div>\n\t\t\t\t<\/div>\n\t\t\t\t<div class=\"elementor-element elementor-element-13684fc elementor-widget elementor-widget-heading\" data-id=\"13684fc\" data-element_type=\"widget\" data-e-type=\"widget\" data-widget_type=\"heading.default\">\n\t\t\t\t<div class=\"elementor-widget-container\">\n\t\t\t\t\t<h1 class=\"elementor-heading-title elementor-size-default\">T\u00e1 teicneola\u00edocht sc\u00e1ile\u00e1in tadhaill an 21\u00fa haois, samhlacha 3D agus tarraice\u00e1in fionnachtana i measc na dteicn\u00edc\u00ed spreag\u00fala a nascfaidh cuairteoir\u00ed le sc\u00e9alta l\u00e9igir agus coga\u00edochta. Sa chl\u00f3s gn\u00f3thach is f\u00e9idir ce\u00e1rta gabha agus radhairc \u00f3n l\u00e9igear \u00f3n seacht\u00fa haois d\u00e9ag a fheice\u00e1il. Tagann radharcanna, radhairc agus fuaimeanna Chaisle\u00e1n an R\u00ed Eoin agus a thimpeallacht le ch\u00e9ile chun atmaisf\u00e9ar na r\u00e9 a athchruth\u00fa. <\/h1>\t\t\t\t<\/div>\n\t\t\t\t<\/div>\n\t\t\t\t<div class=\"elementor-element elementor-element-35deb0b elementor-widget elementor-widget-heading\" data-id=\"35deb0b\" data-element_type=\"widget\" data-e-type=\"widget\" data-widget_type=\"heading.default\">\n\t\t\t\t<div class=\"elementor-widget-container\">\n\t\t\t\t\t<h1 class=\"elementor-heading-title elementor-size-default\">\nIs \u00e9 \u20ac7.50 an mac l\u00e9inn an Turas F\u00e9intreoraithe seo <\/h1>\t\t\t\t<\/div>\n\t\t\t\t<\/div>\n\t\t\t\t<div class=\"elementor-element elementor-element-bda5163 elementor-widget elementor-widget-heading\" data-id=\"bda5163\" data-element_type=\"widget\" data-e-type=\"widget\" data-widget_type=\"heading.default\">\n\t\t\t\t<div class=\"elementor-widget-container\">\n\t\t\t\t\t<h1 class=\"elementor-heading-title elementor-size-default\">\nSeol r\u00edomhphost chuig: reservations@kingjohnscastle.ie<\/h1>\t\t\t\t<\/div>\n\t\t\t\t<\/div>\n\t\t\t\t<div class=\"elementor-element elementor-element-0136dd5 elementor-widget elementor-widget-heading\" data-id=\"0136dd5\" data-element_type=\"widget\" data-e-type=\"widget\" data-widget_type=\"heading.default\">\n\t\t\t\t<div class=\"elementor-widget-container\">\n\t\t\t\t\t<h1 class=\"elementor-heading-title elementor-size-default\">Glaoigh ar 061-370500<\/h1>\t\t\t\t<\/div>\n\t\t\t\t<\/div>\n\t\t\t\t<section class=\"elementor-section elementor-inner-section elementor-element elementor-element-281cd7c3 elementor-section-boxed elementor-section-height-default elementor-section-height-default\" data-id=\"281cd7c3\" data-element_type=\"section\" data-e-type=\"section\">\n\t\t\t\t\t\t<div class=\"elementor-container elementor-column-gap-default\">\n\t\t\t\t\t<div class=\"elementor-column elementor-col-33 elementor-inner-column elementor-element elementor-element-3ea9296a elementor-invisible\" data-id=\"3ea9296a\" data-element_type=\"column\" data-e-type=\"column\" data-settings=\"{&quot;animation&quot;:&quot;fadeIn&quot;}\">\n\t\t\t<div class=\"elementor-widget-wrap elementor-element-populated\">\n\t\t\t\t\t\t<div class=\"elementor-element elementor-element-605258af elementor-widget elementor-widget-image\" data-id=\"605258af\" data-element_type=\"widget\" data-e-type=\"widget\" data-widget_type=\"image.default\">\n\t\t\t\t<div class=\"elementor-widget-container\">\n\t\t\t\t\t\t\t\t\t\t\t\t\t\t\t<img fetchpriority=\"high\" decoding=\"async\" width=\"410\" height=\"328\" src=\"https:\/\/kingjohnscastle.ie\/wp-content\/uploads\/2022\/01\/viking2.png\" class=\"attachment-large size-large wp-image-7941\" alt=\"\" srcset=\"https:\/\/kingjohnscastle.ie\/wp-content\/uploads\/2022\/01\/viking2.png 410w, https:\/\/kingjohnscastle.ie\/wp-content\/uploads\/2022\/01\/viking2-300x240.png 300w\" sizes=\"(max-width: 410px) 100vw, 410px\" \/>\t\t\t\t\t\t\t\t\t\t\t\t\t\t\t<\/div>\n\t\t\t\t<\/div>\n\t\t\t\t\t<\/div>\n\t\t<\/div>\n\t\t\t\t<div class=\"elementor-column elementor-col-33 elementor-inner-column elementor-element elementor-element-10c3136f elementor-invisible\" data-id=\"10c3136f\" data-element_type=\"column\" data-e-type=\"column\" data-settings=\"{&quot;animation&quot;:&quot;fadeIn&quot;,&quot;animation_delay&quot;:300}\">\n\t\t\t<div class=\"elementor-widget-wrap elementor-element-populated\">\n\t\t\t\t\t\t<div class=\"elementor-element elementor-element-e7886e2 elementor-widget elementor-widget-image\" data-id=\"e7886e2\" data-element_type=\"widget\" data-e-type=\"widget\" data-widget_type=\"image.default\">\n\t\t\t\t<div class=\"elementor-widget-container\">\n\t\t\t\t\t\t\t\t\t\t\t\t\t\t\t<img decoding=\"async\" width=\"410\" height=\"328\" src=\"https:\/\/kingjohnscastle.ie\/wp-content\/uploads\/2022\/01\/norman.png\" class=\"attachment-large size-large wp-image-7942\" alt=\"\" srcset=\"https:\/\/kingjohnscastle.ie\/wp-content\/uploads\/2022\/01\/norman.png 410w, https:\/\/kingjohnscastle.ie\/wp-content\/uploads\/2022\/01\/norman-300x240.png 300w\" sizes=\"(max-width: 410px) 100vw, 410px\" \/>\t\t\t\t\t\t\t\t\t\t\t\t\t\t\t<\/div>\n\t\t\t\t<\/div>\n\t\t\t\t\t<\/div>\n\t\t<\/div>\n\t\t\t\t<div class=\"elementor-column elementor-col-33 elementor-inner-column elementor-element elementor-element-5c6feef1 elementor-invisible\" data-id=\"5c6feef1\" data-element_type=\"column\" data-e-type=\"column\" data-settings=\"{&quot;animation&quot;:&quot;fadeIn&quot;,&quot;animation_delay&quot;:600}\">\n\t\t\t<div class=\"elementor-widget-wrap elementor-element-populated\">\n\t\t\t\t\t\t<div class=\"elementor-element elementor-element-5dd16c5e elementor-widget elementor-widget-image\" data-id=\"5dd16c5e\" data-element_type=\"widget\" data-e-type=\"widget\" data-widget_type=\"image.default\">\n\t\t\t\t<div class=\"elementor-widget-container\">\n\t\t\t\t\t\t\t\t\t\t\t\t\t\t\t<img decoding=\"async\" width=\"410\" height=\"328\" src=\"https:\/\/kingjohnscastle.ie\/wp-content\/uploads\/2022\/01\/kingjohn.png\" class=\"attachment-large size-large wp-image-7943\" alt=\"\" srcset=\"https:\/\/kingjohnscastle.ie\/wp-content\/uploads\/2022\/01\/kingjohn.png 410w, https:\/\/kingjohnscastle.ie\/wp-content\/uploads\/2022\/01\/kingjohn-300x240.png 300w\" sizes=\"(max-width: 410px) 100vw, 410px\" \/>\t\t\t\t\t\t\t\t\t\t\t\t\t\t\t<\/div>\n\t\t\t\t<\/div>\n\t\t\t\t\t<\/div>\n\t\t<\/div>\n\t\t\t\t\t<\/div>\n\t\t<\/section>\n\t\t\t\t<section class=\"elementor-section elementor-inner-section elementor-element elementor-element-dec4577 elementor-section-boxed elementor-section-height-default elementor-section-height-default\" data-id=\"dec4577\" data-element_type=\"section\" data-e-type=\"section\">\n\t\t\t\t\t\t<div class=\"elementor-container elementor-column-gap-default\">\n\t\t\t\t\t<div class=\"elementor-column elementor-col-50 elementor-inner-column elementor-element elementor-element-5586fb04\" data-id=\"5586fb04\" data-element_type=\"column\" data-e-type=\"column\">\n\t\t\t<div class=\"elementor-widget-wrap elementor-element-populated\">\n\t\t\t\t\t\t<div class=\"elementor-element elementor-element-68a598b7 elementor-align-center elementor-tablet-align-center elementor-widget elementor-widget-button\" data-id=\"68a598b7\" data-element_type=\"widget\" data-e-type=\"widget\" data-widget_type=\"button.default\">\n\t\t\t\t<div class=\"elementor-widget-container\">\n\t\t\t\t\t\t\t\t\t<div class=\"elementor-button-wrapper\">\n\t\t\t\t\t<a class=\"elementor-button elementor-button-link elementor-size-sm elementor-animation-shrink\" href=\"https:\/\/kingjohnscastle.ie\/ga\/an-tsraith-shoisearach-agus-caislean-ri-eoin\/\">\n\t\t\t\t\t\t<span class=\"elementor-button-content-wrapper\">\n\t\t\t\t\t\t\t\t\t<span class=\"elementor-button-text\">CLICE\u00c1IL ANSEO LE HAGHAIDH PLEANANNA JCT CBA<\/span>\n\t\t\t\t\t<\/span>\n\t\t\t\t\t<\/a>\n\t\t\t\t<\/div>\n\t\t\t\t\t\t\t\t<\/div>\n\t\t\t\t<\/div>\n\t\t\t\t\t<\/div>\n\t\t<\/div>\n\t\t\t\t<div class=\"elementor-column elementor-col-50 elementor-inner-column elementor-element elementor-element-17ab214c\" data-id=\"17ab214c\" data-element_type=\"column\" data-e-type=\"column\">\n\t\t\t<div class=\"elementor-widget-wrap elementor-element-populated\">\n\t\t\t\t\t\t<div class=\"elementor-element elementor-element-db47b2a elementor-align-center elementor-tablet-align-center elementor-widget elementor-widget-button\" data-id=\"db47b2a\" data-element_type=\"widget\" data-e-type=\"widget\" data-widget_type=\"button.default\">\n\t\t\t\t<div class=\"elementor-widget-container\">\n\t\t\t\t\t\t\t\t\t<div class=\"elementor-button-wrapper\">\n\t\t\t\t\t<a class=\"elementor-button elementor-button-link elementor-size-sm elementor-animation-shrink\" href=\"https:\/\/kingjohnscastle.ie\/ga\/cuir-do-chuairt-scoile-in-airithe\/\">\n\t\t\t\t\t\t<span class=\"elementor-button-content-wrapper\">\n\t\t\t\t\t\t\t\t\t<span class=\"elementor-button-text\">TIC\u00c9ID A CHUR IN \u00c1IRITHE ANOIS<\/span>\n\t\t\t\t\t<\/span>\n\t\t\t\t\t<\/a>\n\t\t\t\t<\/div>\n\t\t\t\t\t\t\t\t<\/div>\n\t\t\t\t<\/div>\n\t\t\t\t\t<\/div>\n\t\t<\/div>\n\t\t\t\t\t<\/div>\n\t\t<\/section>\n\t\t\t\t\t<\/div>\n\t\t<\/div>\n\t\t\t\t\t<\/div>\n\t\t<\/section>\n\t\t\t\t<section class=\"elementor-section elementor-top-section elementor-element elementor-element-6c6556f9 elementor-section-content-middle elementor-section-stretched elementor-section-boxed elementor-section-height-default elementor-section-height-default\" data-id=\"6c6556f9\" data-element_type=\"section\" data-e-type=\"section\" data-settings=\"{&quot;stretch_section&quot;:&quot;section-stretched&quot;,&quot;background_background&quot;:&quot;classic&quot;}\">\n\t\t\t\t\t\t\t<div class=\"elementor-background-overlay\"><\/div>\n\t\t\t\t\t\t\t<div class=\"elementor-container elementor-column-gap-default\">\n\t\t\t\t\t<div class=\"elementor-column elementor-col-50 elementor-top-column elementor-element elementor-element-541d293\" data-id=\"541d293\" data-element_type=\"column\" data-e-type=\"column\" data-settings=\"{&quot;background_background&quot;:&quot;classic&quot;}\">\n\t\t\t<div class=\"elementor-widget-wrap elementor-element-populated\">\n\t\t\t\t\t\t<div class=\"elementor-element elementor-element-76276e93 elementor-widget elementor-widget-spacer\" data-id=\"76276e93\" data-element_type=\"widget\" data-e-type=\"widget\" data-widget_type=\"spacer.default\">\n\t\t\t\t<div class=\"elementor-widget-container\">\n\t\t\t\t\t\t\t<div class=\"elementor-spacer\">\n\t\t\t<div class=\"elementor-spacer-inner\"><\/div>\n\t\t<\/div>\n\t\t\t\t\t\t<\/div>\n\t\t\t\t<\/div>\n\t\t\t\t\t<\/div>\n\t\t<\/div>\n\t\t\t\t<div class=\"elementor-column elementor-col-50 elementor-top-column elementor-element elementor-element-6c000177\" data-id=\"6c000177\" data-element_type=\"column\" data-e-type=\"column\">\n\t\t\t<div class=\"elementor-widget-wrap elementor-element-populated\">\n\t\t\t\t\t\t<div class=\"elementor-element elementor-element-107a623b elementor-widget elementor-widget-heading\" data-id=\"107a623b\" data-element_type=\"widget\" data-e-type=\"widget\" data-widget_type=\"heading.default\">\n\t\t\t\t<div class=\"elementor-widget-container\">\n\t\t\t\t\t<h5 class=\"elementor-heading-title elementor-size-default\">CAISLE\u00c1N R\u00cd EOIN<\/h5>\t\t\t\t<\/div>\n\t\t\t\t<\/div>\n\t\t\t\t<div class=\"elementor-element elementor-element-34ae1c2f elementor-widget elementor-widget-heading\" data-id=\"34ae1c2f\" data-element_type=\"widget\" data-e-type=\"widget\" data-widget_type=\"heading.default\">\n\t\t\t\t<div class=\"elementor-widget-container\">\n\t\t\t\t\t<h1 class=\"elementor-heading-title elementor-size-default\">Turas Treoraithe agus Conair Ghn\u00edomha\u00edochta <\/h1>\t\t\t\t<\/div>\n\t\t\t\t<\/div>\n\t\t\t\t<div class=\"elementor-element elementor-element-311c2ec0 elementor-widget elementor-widget-heading\" data-id=\"311c2ec0\" data-element_type=\"widget\" data-e-type=\"widget\" data-widget_type=\"heading.default\">\n\t\t\t\t<div class=\"elementor-widget-container\">\n\t\t\t\t\t<p class=\"elementor-heading-title elementor-size-default\">Tabharfaidh do threoir faoi chulaith t\u00fa timpeall an ionaid l\u00e9irmh\u00ednithe agus an caisle\u00e1n ioml\u00e1n. Is \u00e9 an turas idirghn\u00edomhach spra\u00ed\u00fail seo an bealach is fearr chun stair Chaisle\u00e1n R\u00ed Eoin a fh\u00e1il amach. Beidh do ghr\u00fapa \u00e1 threor\u00fa ag carachtar culaith ar feadh breis agus 800 bliain de stair. Le cr\u00edochn\u00fa is f\u00e9idir leo roinnt ina ngr\u00fapa\u00ed agus rian leideanna an chaisle\u00e1in a chr\u00edochn\u00fa.<\/p>\t\t\t\t<\/div>\n\t\t\t\t<\/div>\n\t\t\t\t<div class=\"elementor-element elementor-element-11a4a66a elementor-widget elementor-widget-heading\" data-id=\"11a4a66a\" data-element_type=\"widget\" data-e-type=\"widget\" data-widget_type=\"heading.default\">\n\t\t\t\t<div class=\"elementor-widget-container\">\n\t\t\t\t\t<p class=\"elementor-heading-title elementor-size-default\">\u20ac13 an dalta<\/p>\t\t\t\t<\/div>\n\t\t\t\t<\/div>\n\t\t\t\t<div class=\"elementor-element elementor-element-4120a59 elementor-widget elementor-widget-heading\" data-id=\"4120a59\" data-element_type=\"widget\" data-e-type=\"widget\" data-widget_type=\"heading.default\">\n\t\t\t\t<div class=\"elementor-widget-container\">\n\t\t\t\t\t<p class=\"elementor-heading-title elementor-size-default\">Fad 2 uair an chloig<\/p>\t\t\t\t<\/div>\n\t\t\t\t<\/div>\n\t\t\t\t<div class=\"elementor-element elementor-element-94476d0 elementor-widget elementor-widget-heading\" data-id=\"94476d0\" data-element_type=\"widget\" data-e-type=\"widget\" data-widget_type=\"heading.default\">\n\t\t\t\t<div class=\"elementor-widget-container\">\n\t\t\t\t\t<p class=\"elementor-heading-title elementor-size-default\">Le cur in \u00e1irithe cuir r\u00edomhphost chuig reservations@kingjohnscastle.ie<\/p>\t\t\t\t<\/div>\n\t\t\t\t<\/div>\n\t\t\t\t<div class=\"elementor-element elementor-element-d2e581f elementor-widget elementor-widget-heading\" data-id=\"d2e581f\" data-element_type=\"widget\" data-e-type=\"widget\" data-widget_type=\"heading.default\">\n\t\t\t\t<div class=\"elementor-widget-container\">\n\t\t\t\t\t<p class=\"elementor-heading-title elementor-size-default\">Glaoigh ar 061-370500 <\/p>\t\t\t\t<\/div>\n\t\t\t\t<\/div>\n\t\t\t\t<div class=\"elementor-element elementor-element-2ade2dfc elementor-align-left elementor-tablet-align-center elementor-widget elementor-widget-button\" data-id=\"2ade2dfc\" data-element_type=\"widget\" data-e-type=\"widget\" data-widget_type=\"button.default\">\n\t\t\t\t<div class=\"elementor-widget-container\">\n\t\t\t\t\t\t\t\t\t<div class=\"elementor-button-wrapper\">\n\t\t\t\t\t<a class=\"elementor-button elementor-button-link elementor-size-sm elementor-animation-shrink\" href=\"https:\/\/kingjohnscastle.ie\/ga\/cuir-do-chuairt-scoile-in-airithe\/\">\n\t\t\t\t\t\t<span class=\"elementor-button-content-wrapper\">\n\t\t\t\t\t\t\t\t\t<span class=\"elementor-button-text\">TIC\u00c9ID A CHUR IN \u00c1IRITHE ANOIS<\/span>\n\t\t\t\t\t<\/span>\n\t\t\t\t\t<\/a>\n\t\t\t\t<\/div>\n\t\t\t\t\t\t\t\t<\/div>\n\t\t\t\t<\/div>\n\t\t\t\t\t<\/div>\n\t\t<\/div>\n\t\t\t\t\t<\/div>\n\t\t<\/section>\n\t\t\t\t<\/div>\n\t\t","protected":false},"excerpt":{"rendered":"<p>Turais Me\u00e1nscoile CAISLE\u00c1N R\u00cd EOIN Tugann an taispe\u00e1ntas iontach i gCaisle\u00e1n R\u00ed Eoin breis agus 800 bliain de stair \u00e1iti\u00fail dhr\u00e1mat\u00fail beo. T\u00e1 teicneola\u00edocht sc\u00e1ile\u00e1in tadhaill an 21\u00fa haois, samhlacha 3D agus tarraice\u00e1in fionnachtana i measc na dteicn\u00edc\u00ed spreag\u00fala a nascfaidh cuairteoir\u00ed le sc\u00e9alta l\u00e9igir agus coga\u00edochta. Sa chl\u00f3s gn\u00f3thach is f\u00e9idir ce\u00e1rta gabha agus [&hellip;]<\/p>\n","protected":false},"author":1,"featured_media":0,"parent":0,"menu_order":0,"comment_status":"closed","ping_status":"closed","template":"","meta":{"footnotes":""},"class_list":["post-12038","page","type-page","status-publish","hentry"],"_links":{"self":[{"href":"https:\/\/kingjohnscastle.ie\/ga\/wp-json\/wp\/v2\/pages\/12038","targetHints":{"allow":["GET"]}}],"collection":[{"href":"https:\/\/kingjohnscastle.ie\/ga\/wp-json\/wp\/v2\/pages"}],"about":[{"href":"https:\/\/kingjohnscastle.ie\/ga\/wp-json\/wp\/v2\/types\/page"}],"author":[{"embeddable":true,"href":"https:\/\/kingjohnscastle.ie\/ga\/wp-json\/wp\/v2\/users\/1"}],"replies":[{"embeddable":true,"href":"https:\/\/kingjohnscastle.ie\/ga\/wp-json\/wp\/v2\/comments?post=12038"}],"version-history":[{"count":10,"href":"https:\/\/kingjohnscastle.ie\/ga\/wp-json\/wp\/v2\/pages\/12038\/revisions"}],"predecessor-version":[{"id":26457,"href":"https:\/\/kingjohnscastle.ie\/ga\/wp-json\/wp\/v2\/pages\/12038\/revisions\/26457"}],"wp:attachment":[{"href":"https:\/\/kingjohnscastle.ie\/ga\/wp-json\/wp\/v2\/media?parent=12038"}],"curies":[{"name":"wp","href":"https:\/\/api.w.org\/{rel}","templated":true}]}}