{"id":12044,"date":"2022-03-24T13:49:16","date_gmt":"2022-03-24T13:49:16","guid":{"rendered":"https:\/\/kingjohnscastle.ie\/teistimeireachtai\/"},"modified":"2022-04-21T12:49:41","modified_gmt":"2022-04-21T12:49:41","slug":"teistimeireachtai","status":"publish","type":"page","link":"https:\/\/kingjohnscastle.ie\/ga\/teistimeireachtai\/","title":{"rendered":"Teistim\u00e9ireachta\u00ed"},"content":{"rendered":"\t\t<div data-elementor-type=\"wp-page\" data-elementor-id=\"12044\" class=\"elementor elementor-12044 elementor-9751\" data-elementor-post-type=\"page\">\n\t\t\t\t\t\t<section class=\"elementor-section elementor-top-section elementor-element elementor-element-4c3524 elementor-section-stretched elementor-section-content-middle elementor-section-boxed elementor-section-height-default elementor-section-height-default\" data-id=\"4c3524\" data-element_type=\"section\" data-e-type=\"section\" data-settings=\"{&quot;stretch_section&quot;:&quot;section-stretched&quot;,&quot;background_background&quot;:&quot;classic&quot;}\">\n\t\t\t\t\t\t\t<div class=\"elementor-background-overlay\"><\/div>\n\t\t\t\t\t\t\t<div class=\"elementor-container elementor-column-gap-default\">\n\t\t\t\t\t<div class=\"elementor-column elementor-col-100 elementor-top-column elementor-element elementor-element-4a093f96\" data-id=\"4a093f96\" data-element_type=\"column\" data-e-type=\"column\">\n\t\t\t<div class=\"elementor-widget-wrap elementor-element-populated\">\n\t\t\t\t\t\t<div class=\"elementor-element elementor-element-343b045b elementor-widget elementor-widget-heading\" data-id=\"343b045b\" data-element_type=\"widget\" data-e-type=\"widget\" data-widget_type=\"heading.default\">\n\t\t\t\t<div class=\"elementor-widget-container\">\n\t\t\t\t\t<h1 class=\"elementor-heading-title elementor-size-default\">Teistim\u00e9ireachta\u00ed<\/h1>\t\t\t\t<\/div>\n\t\t\t\t<\/div>\n\t\t\t\t\t<\/div>\n\t\t<\/div>\n\t\t\t\t\t<\/div>\n\t\t<\/section>\n\t\t\t\t<section class=\"elementor-section elementor-top-section elementor-element elementor-element-6baa9766 elementor-section-stretched elementor-section-boxed elementor-section-height-default elementor-section-height-default\" data-id=\"6baa9766\" data-element_type=\"section\" data-e-type=\"section\" data-settings=\"{&quot;stretch_section&quot;:&quot;section-stretched&quot;,&quot;background_background&quot;:&quot;classic&quot;}\">\n\t\t\t\t\t\t\t<div class=\"elementor-background-overlay\"><\/div>\n\t\t\t\t\t\t\t<div class=\"elementor-container elementor-column-gap-default\">\n\t\t\t\t\t<div class=\"elementor-column elementor-col-33 elementor-top-column elementor-element elementor-element-b8c3871\" data-id=\"b8c3871\" data-element_type=\"column\" data-e-type=\"column\">\n\t\t\t<div class=\"elementor-widget-wrap\">\n\t\t\t\t\t\t\t<\/div>\n\t\t<\/div>\n\t\t\t\t<div class=\"elementor-column elementor-col-33 elementor-top-column elementor-element elementor-element-5efb3e6b\" data-id=\"5efb3e6b\" data-element_type=\"column\" data-e-type=\"column\">\n\t\t\t<div class=\"elementor-widget-wrap elementor-element-populated\">\n\t\t\t\t\t\t<div class=\"elementor-element elementor-element-757df55e elementor-widget elementor-widget-image\" data-id=\"757df55e\" data-element_type=\"widget\" data-e-type=\"widget\" data-widget_type=\"image.default\">\n\t\t\t\t<div class=\"elementor-widget-container\">\n\t\t\t\t\t\t\t\t\t\t\t\t\t\t\t<img decoding=\"async\" width=\"220\" height=\"220\" src=\"https:\/\/kingjohnscastle.ie\/wp-content\/uploads\/2022\/03\/testimonial.png\" class=\"attachment-full size-full wp-image-9766\" alt=\"\" srcset=\"https:\/\/kingjohnscastle.ie\/wp-content\/uploads\/2022\/03\/testimonial.png 220w, https:\/\/kingjohnscastle.ie\/wp-content\/uploads\/2022\/03\/testimonial-150x150.png 150w, https:\/\/kingjohnscastle.ie\/wp-content\/uploads\/2022\/03\/testimonial-100x100.png 100w\" sizes=\"(max-width: 220px) 100vw, 220px\" \/>\t\t\t\t\t\t\t\t\t\t\t\t\t\t\t<\/div>\n\t\t\t\t<\/div>\n\t\t\t\t<div class=\"elementor-element elementor-element-1600b945 elementor-widget elementor-widget-heading\" data-id=\"1600b945\" data-element_type=\"widget\" data-e-type=\"widget\" data-widget_type=\"heading.default\">\n\t\t\t\t<div class=\"elementor-widget-container\">\n\t\t\t\t\t<h1 class=\"elementor-heading-title elementor-size-default\">Teistim\u00e9ireachta\u00ed<\/h1>\t\t\t\t<\/div>\n\t\t\t\t<\/div>\n\t\t\t\t<div class=\"elementor-element elementor-element-45d1b42a elementor-widget elementor-widget-heading\" data-id=\"45d1b42a\" data-element_type=\"widget\" data-e-type=\"widget\" data-widget_type=\"heading.default\">\n\t\t\t\t<div class=\"elementor-widget-container\">\n\t\t\t\t\t<h1 class=\"elementor-heading-title elementor-size-default\">Eagraithe go han-mhaith. L\u00e1 iontach amuigh agus bhain \u00e1r ndalta\u00ed go l\u00e9ir an-taitneamh as. Go raibh maith agat\n<\/h1>\t\t\t\t<\/div>\n\t\t\t\t<\/div>\n\t\t\t\t<div class=\"elementor-element elementor-element-6a7fc87 elementor-widget elementor-widget-heading\" data-id=\"6a7fc87\" data-element_type=\"widget\" data-e-type=\"widget\" data-widget_type=\"heading.default\">\n\t\t\t\t<div class=\"elementor-widget-container\">\n\t\t\t\t\t<h1 class=\"elementor-heading-title elementor-size-default\">Michelle, Luimneach<\/h1>\t\t\t\t<\/div>\n\t\t\t\t<\/div>\n\t\t\t\t<div class=\"elementor-element elementor-element-5ec6c31 elementor-widget elementor-widget-heading\" data-id=\"5ec6c31\" data-element_type=\"widget\" data-e-type=\"widget\" data-widget_type=\"heading.default\">\n\t\t\t\t<div class=\"elementor-widget-container\">\n\t\t\t\t\t<h1 class=\"elementor-heading-title elementor-size-default\">Bh\u00ed d\u00fail mh\u00f3r ag na buachaill\u00ed amuigh sa chl\u00f3s agus d\u2019fh\u00e9adfaid\u00eds ini\u00fachadh a dh\u00e9anamh agus feisteas a thriail. Thaitin radharcanna na cathrach leo.\nTuras Fab. T\u00fas iontach d\u00e1r l\u00e1. \u00e1isi\u00fail, ci\u00fain. Pearsanra an-taitneamhach. Beidh ar ais ar\u00eds<\/h1>\t\t\t\t<\/div>\n\t\t\t\t<\/div>\n\t\t\t\t<div class=\"elementor-element elementor-element-817f8e4 elementor-widget elementor-widget-heading\" data-id=\"817f8e4\" data-element_type=\"widget\" data-e-type=\"widget\" data-widget_type=\"heading.default\">\n\t\t\t\t<div class=\"elementor-widget-container\">\n\t\t\t\t\t<h1 class=\"elementor-heading-title elementor-size-default\">D\u00f3nal, Corcaigh<\/h1>\t\t\t\t<\/div>\n\t\t\t\t<\/div>\n\t\t\t\t<div class=\"elementor-element elementor-element-bbf9bed elementor-widget elementor-widget-heading\" data-id=\"bbf9bed\" data-element_type=\"widget\" data-e-type=\"widget\" data-widget_type=\"heading.default\">\n\t\t\t\t<div class=\"elementor-widget-container\">\n\t\t\t\t\t<h1 class=\"elementor-heading-title elementor-size-default\">Bhain na scol\u00e1ir\u00ed an-taitneamh as an mboghd\u00f3ireacht agus as an tsi\u00fal\u00f3id timpeall na tailte. Bh\u00ed na taispe\u00e1ntais idirghn\u00edomhacha iontach, agus thaitin na mic l\u00e9inn go m\u00f3r leo.<\/h1>\t\t\t\t<\/div>\n\t\t\t\t<\/div>\n\t\t\t\t<div class=\"elementor-element elementor-element-4266148 elementor-widget elementor-widget-heading\" data-id=\"4266148\" data-element_type=\"widget\" data-e-type=\"widget\" data-widget_type=\"heading.default\">\n\t\t\t\t<div class=\"elementor-widget-container\">\n\t\t\t\t\t<h1 class=\"elementor-heading-title elementor-size-default\">Stacey, Corcaigh<\/h1>\t\t\t\t<\/div>\n\t\t\t\t<\/div>\n\t\t\t\t\t<\/div>\n\t\t<\/div>\n\t\t\t\t<div class=\"elementor-column elementor-col-33 elementor-top-column elementor-element elementor-element-2fe31156\" data-id=\"2fe31156\" data-element_type=\"column\" data-e-type=\"column\">\n\t\t\t<div class=\"elementor-widget-wrap\">\n\t\t\t\t\t\t\t<\/div>\n\t\t<\/div>\n\t\t\t\t\t<\/div>\n\t\t<\/section>\n\t\t\t\t<\/div>\n\t\t","protected":false},"excerpt":{"rendered":"<p>Teistim\u00e9ireachta\u00ed Teistim\u00e9ireachta\u00ed Eagraithe go han-mhaith. L\u00e1 iontach amuigh agus bhain \u00e1r ndalta\u00ed go l\u00e9ir an-taitneamh as. Go raibh maith agat Michelle, Luimneach Bh\u00ed d\u00fail mh\u00f3r ag na buachaill\u00ed amuigh sa chl\u00f3s agus d\u2019fh\u00e9adfaid\u00eds ini\u00fachadh a dh\u00e9anamh agus feisteas a thriail. Thaitin radharcanna na cathrach leo. Turas Fab. T\u00fas iontach d\u00e1r l\u00e1. \u00e1isi\u00fail, ci\u00fain. Pearsanra an-taitneamhach. [&hellip;]<\/p>\n","protected":false},"author":1,"featured_media":0,"parent":0,"menu_order":0,"comment_status":"closed","ping_status":"closed","template":"","meta":{"footnotes":""},"class_list":["post-12044","page","type-page","status-publish","hentry"],"_links":{"self":[{"href":"https:\/\/kingjohnscastle.ie\/ga\/wp-json\/wp\/v2\/pages\/12044","targetHints":{"allow":["GET"]}}],"collection":[{"href":"https:\/\/kingjohnscastle.ie\/ga\/wp-json\/wp\/v2\/pages"}],"about":[{"href":"https:\/\/kingjohnscastle.ie\/ga\/wp-json\/wp\/v2\/types\/page"}],"author":[{"embeddable":true,"href":"https:\/\/kingjohnscastle.ie\/ga\/wp-json\/wp\/v2\/users\/1"}],"replies":[{"embeddable":true,"href":"https:\/\/kingjohnscastle.ie\/ga\/wp-json\/wp\/v2\/comments?post=12044"}],"version-history":[{"count":1,"href":"https:\/\/kingjohnscastle.ie\/ga\/wp-json\/wp\/v2\/pages\/12044\/revisions"}],"predecessor-version":[{"id":12045,"href":"https:\/\/kingjohnscastle.ie\/ga\/wp-json\/wp\/v2\/pages\/12044\/revisions\/12045"}],"wp:attachment":[{"href":"https:\/\/kingjohnscastle.ie\/ga\/wp-json\/wp\/v2\/media?parent=12044"}],"curies":[{"name":"wp","href":"https:\/\/api.w.org\/{rel}","templated":true}]}}