{"id":12049,"date":"2022-03-24T14:26:56","date_gmt":"2022-03-24T14:26:56","guid":{"rendered":"https:\/\/kingjohnscastle.ie\/ceisteanna-coitianta-oideachais\/"},"modified":"2023-02-23T18:47:10","modified_gmt":"2023-02-23T18:47:10","slug":"ceisteanna-coitianta-oideachais","status":"publish","type":"page","link":"https:\/\/kingjohnscastle.ie\/ga\/ceisteanna-coitianta-oideachais\/","title":{"rendered":"Ceisteanna Coitianta Oideachais"},"content":{"rendered":"\t\t<div data-elementor-type=\"wp-page\" data-elementor-id=\"12049\" class=\"elementor elementor-12049 elementor-9770\" data-elementor-post-type=\"page\">\n\t\t\t\t\t\t<section class=\"elementor-section elementor-top-section elementor-element elementor-element-271b47fb elementor-section-stretched elementor-section-content-middle elementor-section-boxed elementor-section-height-default elementor-section-height-default\" data-id=\"271b47fb\" data-element_type=\"section\" data-e-type=\"section\" data-settings=\"{&quot;stretch_section&quot;:&quot;section-stretched&quot;,&quot;background_background&quot;:&quot;classic&quot;}\">\n\t\t\t\t\t\t\t<div class=\"elementor-background-overlay\"><\/div>\n\t\t\t\t\t\t\t<div class=\"elementor-container elementor-column-gap-default\">\n\t\t\t\t\t<div class=\"elementor-column elementor-col-100 elementor-top-column elementor-element elementor-element-66337b9e\" data-id=\"66337b9e\" data-element_type=\"column\" data-e-type=\"column\">\n\t\t\t<div class=\"elementor-widget-wrap elementor-element-populated\">\n\t\t\t\t\t\t<div class=\"elementor-element elementor-element-130b4dac elementor-widget elementor-widget-heading\" data-id=\"130b4dac\" data-element_type=\"widget\" data-e-type=\"widget\" data-widget_type=\"heading.default\">\n\t\t\t\t<div class=\"elementor-widget-container\">\n\t\t\t\t\t<h1 class=\"elementor-heading-title elementor-size-default\">Ceisteanna Coitianta Oideachais<\/h1>\t\t\t\t<\/div>\n\t\t\t\t<\/div>\n\t\t\t\t\t<\/div>\n\t\t<\/div>\n\t\t\t\t\t<\/div>\n\t\t<\/section>\n\t\t\t\t<section class=\"elementor-section elementor-top-section elementor-element elementor-element-7e0d4c11 elementor-section-stretched elementor-section-full_width elementor-section-content-middle elementor-section-height-default elementor-section-height-default\" data-id=\"7e0d4c11\" data-element_type=\"section\" data-e-type=\"section\" data-settings=\"{&quot;stretch_section&quot;:&quot;section-stretched&quot;}\">\n\t\t\t\t\t\t<div class=\"elementor-container elementor-column-gap-default\">\n\t\t\t\t\t<div class=\"elementor-column elementor-col-50 elementor-top-column elementor-element elementor-element-2b607ea1\" data-id=\"2b607ea1\" data-element_type=\"column\" data-e-type=\"column\" data-settings=\"{&quot;background_background&quot;:&quot;classic&quot;}\">\n\t\t\t<div class=\"elementor-widget-wrap elementor-element-populated\">\n\t\t\t\t\t<div class=\"elementor-background-overlay\"><\/div>\n\t\t\t\t\t\t\t<\/div>\n\t\t<\/div>\n\t\t\t\t<div class=\"elementor-column elementor-col-50 elementor-top-column elementor-element elementor-element-77b51186\" data-id=\"77b51186\" data-element_type=\"column\" data-e-type=\"column\" data-settings=\"{&quot;background_background&quot;:&quot;classic&quot;}\">\n\t\t\t<div class=\"elementor-widget-wrap elementor-element-populated\">\n\t\t\t\t\t<div class=\"elementor-background-overlay\"><\/div>\n\t\t\t\t\t\t<div class=\"elementor-element elementor-element-3f1524ad elementor-widget elementor-widget-heading\" data-id=\"3f1524ad\" data-element_type=\"widget\" data-e-type=\"widget\" data-widget_type=\"heading.default\">\n\t\t\t\t<div class=\"elementor-widget-container\">\n\t\t\t\t\t<h5 class=\"elementor-heading-title elementor-size-default\">CAISLE\u00c1N R\u00cd EOIN<\/h5>\t\t\t\t<\/div>\n\t\t\t\t<\/div>\n\t\t\t\t<div class=\"elementor-element elementor-element-2cdadc76 elementor-widget elementor-widget-heading\" data-id=\"2cdadc76\" data-element_type=\"widget\" data-e-type=\"widget\" data-widget_type=\"heading.default\">\n\t\t\t\t<div class=\"elementor-widget-container\">\n\t\t\t\t\t<h1 class=\"elementor-heading-title elementor-size-default\">Ceisteanna Coitianta Oideachais<\/h1>\t\t\t\t<\/div>\n\t\t\t\t<\/div>\n\t\t\t\t<div class=\"elementor-element elementor-element-27467f19 elementor-widget elementor-widget-heading\" data-id=\"27467f19\" data-element_type=\"widget\" data-e-type=\"widget\" data-widget_type=\"heading.default\">\n\t\t\t\t<div class=\"elementor-widget-container\">\n\t\t\t\t\t<p class=\"elementor-heading-title elementor-size-default\">C. C\u00e9n t-am a oscla\u00edonn Caisle\u00e1n R\u00ed Eoin<\/p>\t\t\t\t<\/div>\n\t\t\t\t<\/div>\n\t\t\t\t<div class=\"elementor-element elementor-element-e64a195 elementor-widget elementor-widget-heading\" data-id=\"e64a195\" data-element_type=\"widget\" data-e-type=\"widget\" data-widget_type=\"heading.default\">\n\t\t\t\t<div class=\"elementor-widget-container\">\n\t\t\t\t\t<p class=\"elementor-heading-title elementor-size-default\">Beimid ar oscailt ag 9:30 r.n. go dt\u00ed 6in. Cead isteach deiridh 5in.<\/p>\t\t\t\t<\/div>\n\t\t\t\t<\/div>\n\t\t\t\t<div class=\"elementor-element elementor-element-ab9c23b elementor-widget elementor-widget-heading\" data-id=\"ab9c23b\" data-element_type=\"widget\" data-e-type=\"widget\" data-widget_type=\"heading.default\">\n\t\t\t\t<div class=\"elementor-widget-container\">\n\t\t\t\t\t<p class=\"elementor-heading-title elementor-size-default\">C. Conas a \u00edocann t\u00fa as turais scoile?<\/p>\t\t\t\t<\/div>\n\t\t\t\t<\/div>\n\t\t\t\t<div class=\"elementor-element elementor-element-10497b9 elementor-widget elementor-widget-heading\" data-id=\"10497b9\" data-element_type=\"widget\" data-e-type=\"widget\" data-widget_type=\"heading.default\">\n\t\t\t\t<div class=\"elementor-widget-container\">\n\t\t\t\t\t<p class=\"elementor-heading-title elementor-size-default\">Is f\u00e9idir \u00edoca\u00edocht a dh\u00e9anamh roimh do chuairt n\u00f3 nuair a shroicheann t\u00fa iontr\u00e1lacha. Tabhair faoi deara le do thoil nach f\u00e9idir glacadh le haon ghr\u00fapa gan \u00edoca\u00edocht ioml\u00e1n a bheith faighte.\nGlacaimid leis na nithe seo a leanas:\nSeice - in\u00edoctha le \u2018Discover Limerick DAC\u2019\nAistri\u00fa bainc*\nC\u00e1rta Creidmheasa\n*Tabhair faoi deara le do thoil nach m\u00f3r Aistrithe Bainc a \u00edoc roimh d\u2019\u00e1irithint. D\u00e9an teagmh\u00e1il le do thoil le h\u00e1irithint\u00ed ar 061 370500<\/p>\t\t\t\t<\/div>\n\t\t\t\t<\/div>\n\t\t\t\t<div class=\"elementor-element elementor-element-1171332 elementor-widget elementor-widget-heading\" data-id=\"1171332\" data-element_type=\"widget\" data-e-type=\"widget\" data-widget_type=\"heading.default\">\n\t\t\t\t<div class=\"elementor-widget-container\">\n\t\t\t\t\t<p class=\"elementor-heading-title elementor-size-default\">C. Cad at\u00e1 san \u00e1ireamh i dturas scoile?<\/p>\t\t\t\t<\/div>\n\t\t\t\t<\/div>\n\t\t\t\t<div class=\"elementor-element elementor-element-1a81428 elementor-widget elementor-widget-heading\" data-id=\"1a81428\" data-element_type=\"widget\" data-e-type=\"widget\" data-widget_type=\"heading.default\">\n\t\t\t\t<div class=\"elementor-widget-container\">\n\t\t\t\t\t<p class=\"elementor-heading-title elementor-size-default\">Cuims\u00edonn turas f\u00e9intreoraithe cuairt ar an gcaisle\u00e1n \u00f3n 13\u00fa haois, bualadh le carachtair an chaisle\u00e1in, gl\u00e9asadh suas \u00f3 na me\u00e1naoiseanna, sn\u00ed tr\u00edd an toll\u00e1n l\u00e9igear, t\u00f3g t\u00fair an chaisle\u00e1in, tabhair cuairt ar an airgead\u00f3ir agus miontaigh do bhoinn f\u00e9in, cuir can\u00f3n ar lasadh.<\/p>\t\t\t\t<\/div>\n\t\t\t\t<\/div>\n\t\t\t\t<div class=\"elementor-element elementor-element-b0ae313 elementor-widget elementor-widget-heading\" data-id=\"b0ae313\" data-element_type=\"widget\" data-e-type=\"widget\" data-widget_type=\"heading.default\">\n\t\t\t\t<div class=\"elementor-widget-container\">\n\t\t\t\t\t<p class=\"elementor-heading-title elementor-size-default\">C. Cad nach n-\u00e1ir\u00edtear?<\/p>\t\t\t\t<\/div>\n\t\t\t\t<\/div>\n\t\t\t\t<div class=\"elementor-element elementor-element-73034fb elementor-widget elementor-widget-heading\" data-id=\"73034fb\" data-element_type=\"widget\" data-e-type=\"widget\" data-widget_type=\"heading.default\">\n\t\t\t\t<div class=\"elementor-widget-container\">\n\t\t\t\t\t<p class=\"elementor-heading-title elementor-size-default\">Turas treoraithe. T\u00e1 t\u00e1ille ar leith de \u20ac13 an mac l\u00e9inn orthu seo.<\/p>\t\t\t\t<\/div>\n\t\t\t\t<\/div>\n\t\t\t\t<div class=\"elementor-element elementor-element-bbc5e33 elementor-widget elementor-widget-heading\" data-id=\"bbc5e33\" data-element_type=\"widget\" data-e-type=\"widget\" data-widget_type=\"heading.default\">\n\t\t\t\t<div class=\"elementor-widget-container\">\n\t\t\t\t\t<p class=\"elementor-heading-title elementor-size-default\">C. An bhfuil \u00e1it l\u00f3in ann?<\/p>\t\t\t\t<\/div>\n\t\t\t\t<\/div>\n\t\t\t\t<div class=\"elementor-element elementor-element-efc4820 elementor-widget elementor-widget-heading\" data-id=\"efc4820\" data-element_type=\"widget\" data-e-type=\"widget\" data-widget_type=\"heading.default\">\n\t\t\t\t<div class=\"elementor-widget-container\">\n\t\t\t\t\t<p class=\"elementor-heading-title elementor-size-default\">Nuair is f\u00e9idir cuirimid \u00e1it l\u00f3in ar f\u00e1il. T\u00e1 s\u00e9 seo lasmuigh agus nochta sa chl\u00f3s.<\/p>\t\t\t\t<\/div>\n\t\t\t\t<\/div>\n\t\t\t\t<div class=\"elementor-element elementor-element-1b650c4 elementor-widget elementor-widget-heading\" data-id=\"1b650c4\" data-element_type=\"widget\" data-e-type=\"widget\" data-widget_type=\"heading.default\">\n\t\t\t\t<div class=\"elementor-widget-container\">\n\t\t\t\t\t<p class=\"elementor-heading-title elementor-size-default\">C. Cad m\u00e1 bh\u00edonn an aimsir go dona?<\/p>\t\t\t\t<\/div>\n\t\t\t\t<\/div>\n\t\t\t\t<div class=\"elementor-element elementor-element-47eb854 elementor-widget elementor-widget-heading\" data-id=\"47eb854\" data-element_type=\"widget\" data-e-type=\"widget\" data-widget_type=\"heading.default\">\n\t\t\t\t<div class=\"elementor-widget-container\">\n\t\t\t\t\t<p class=\"elementor-heading-title elementor-size-default\">T\u00e1 na limist\u00e9ir taispe\u00e1ntais agus na t\u00fair cl\u00fadaithe go hioml\u00e1n ach n\u00edl an cl\u00f3s cl\u00fadaithe go hioml\u00e1n. Molaimid i gc\u00f3na\u00ed do ghr\u00fapa\u00ed \u00e9ada\u00ed a athr\u00fa ar a mbus ar eagla na heagla.<\/p>\t\t\t\t<\/div>\n\t\t\t\t<\/div>\n\t\t\t\t<div class=\"elementor-element elementor-element-7fa344d elementor-widget elementor-widget-heading\" data-id=\"7fa344d\" data-element_type=\"widget\" data-e-type=\"widget\" data-widget_type=\"heading.default\">\n\t\t\t\t<div class=\"elementor-widget-container\">\n\t\t\t\t\t<p class=\"elementor-heading-title elementor-size-default\">C. An f\u00e9idir le m\u00fainteoir\u00ed a ngr\u00fapa\u00ed a fh\u00e1g\u00e1il le Treoraithe Turais Chaisle\u00e1n an R\u00ed Eoin?<\/p>\t\t\t\t<\/div>\n\t\t\t\t<\/div>\n\t\t\t\t<div class=\"elementor-element elementor-element-571e1ce elementor-widget elementor-widget-heading\" data-id=\"571e1ce\" data-element_type=\"widget\" data-e-type=\"widget\" data-widget_type=\"heading.default\">\n\t\t\t\t<div class=\"elementor-widget-container\">\n\t\t\t\t\t<p class=\"elementor-heading-title elementor-size-default\">N\u00edl. N\u00ed m\u00f3r do mh\u00fainteoir\u00ed fanacht lena ngr\u00fapa\u00ed i gc\u00f3na\u00ed. Fanann gr\u00fapa\u00ed scoile faoi fhreagracht a gcuid m\u00fainteoir\u00ed agus iad ar cuairt.<\/p>\t\t\t\t<\/div>\n\t\t\t\t<\/div>\n\t\t\t\t<div class=\"elementor-element elementor-element-64357af elementor-widget elementor-widget-heading\" data-id=\"64357af\" data-element_type=\"widget\" data-e-type=\"widget\" data-widget_type=\"heading.default\">\n\t\t\t\t<div class=\"elementor-widget-container\">\n\t\t\t\t\t<p class=\"elementor-heading-title elementor-size-default\">C. An bhfuil \u00e1iseanna leithris ann?<\/p>\t\t\t\t<\/div>\n\t\t\t\t<\/div>\n\t\t\t\t<div class=\"elementor-element elementor-element-9837d31 elementor-widget elementor-widget-heading\" data-id=\"9837d31\" data-element_type=\"widget\" data-e-type=\"widget\" data-widget_type=\"heading.default\">\n\t\t\t\t<div class=\"elementor-widget-container\">\n\t\t\t\t\t<p class=\"elementor-heading-title elementor-size-default\">Sea, t\u00e1 go leor \u00e1iseanna againn sa sp\u00e1s taispe\u00e1ntais agus san fhoirgneamh gloine.<\/p>\t\t\t\t<\/div>\n\t\t\t\t<\/div>\n\t\t\t\t<div class=\"elementor-element elementor-element-44b8be3 elementor-widget elementor-widget-heading\" data-id=\"44b8be3\" data-element_type=\"widget\" data-e-type=\"widget\" data-widget_type=\"heading.default\">\n\t\t\t\t<div class=\"elementor-widget-container\">\n\t\t\t\t\t<p class=\"elementor-heading-title elementor-size-default\">C. An bhfuil rochtain do chathaoireacha rotha\u00ed ann?<\/p>\t\t\t\t<\/div>\n\t\t\t\t<\/div>\n\t\t\t\t<div class=\"elementor-element elementor-element-15e15c8 elementor-widget elementor-widget-heading\" data-id=\"15e15c8\" data-element_type=\"widget\" data-e-type=\"widget\" data-widget_type=\"heading.default\">\n\t\t\t\t<div class=\"elementor-widget-container\">\n\t\t\t\t\t<p class=\"elementor-heading-title elementor-size-default\">T\u00e1 an Taispe\u00e1ntas agus Cl\u00f3s an Chaisle\u00e1in inrochtana do chathaoir rotha\u00ed agus t\u00e1 \u00e1iseanna ioml\u00e1na leithris ar an l\u00e1thair. Mar sin f\u00e9in, n\u00ed hionann an uaimh agus na t\u00fair chaisle\u00e1in. Tabhair faoi deara le do thoil gur gairbh\u00e9al at\u00e1 sa chl\u00f3s agus mar sin t\u00e1 s\u00e9 m\u00edchothrom in \u00e1iteanna. <\/p>\t\t\t\t<\/div>\n\t\t\t\t<\/div>\n\t\t\t\t\t<\/div>\n\t\t<\/div>\n\t\t\t\t\t<\/div>\n\t\t<\/section>\n\t\t\t\t<\/div>\n\t\t","protected":false},"excerpt":{"rendered":"<p>Ceisteanna Coitianta Oideachais CAISLE\u00c1N R\u00cd EOIN Ceisteanna Coitianta Oideachais C. C\u00e9n t-am a oscla\u00edonn Caisle\u00e1n R\u00ed Eoin Beimid ar oscailt ag 9:30 r.n. go dt\u00ed 6in. Cead isteach deiridh 5in. C. Conas a \u00edocann t\u00fa as turais scoile? Is f\u00e9idir \u00edoca\u00edocht a dh\u00e9anamh roimh do chuairt n\u00f3 nuair a shroicheann t\u00fa iontr\u00e1lacha. Tabhair faoi deara [&hellip;]<\/p>\n","protected":false},"author":1,"featured_media":0,"parent":0,"menu_order":0,"comment_status":"closed","ping_status":"closed","template":"","meta":{"footnotes":""},"class_list":["post-12049","page","type-page","status-publish","hentry"],"_links":{"self":[{"href":"https:\/\/kingjohnscastle.ie\/ga\/wp-json\/wp\/v2\/pages\/12049","targetHints":{"allow":["GET"]}}],"collection":[{"href":"https:\/\/kingjohnscastle.ie\/ga\/wp-json\/wp\/v2\/pages"}],"about":[{"href":"https:\/\/kingjohnscastle.ie\/ga\/wp-json\/wp\/v2\/types\/page"}],"author":[{"embeddable":true,"href":"https:\/\/kingjohnscastle.ie\/ga\/wp-json\/wp\/v2\/users\/1"}],"replies":[{"embeddable":true,"href":"https:\/\/kingjohnscastle.ie\/ga\/wp-json\/wp\/v2\/comments?post=12049"}],"version-history":[{"count":11,"href":"https:\/\/kingjohnscastle.ie\/ga\/wp-json\/wp\/v2\/pages\/12049\/revisions"}],"predecessor-version":[{"id":26445,"href":"https:\/\/kingjohnscastle.ie\/ga\/wp-json\/wp\/v2\/pages\/12049\/revisions\/26445"}],"wp:attachment":[{"href":"https:\/\/kingjohnscastle.ie\/ga\/wp-json\/wp\/v2\/media?parent=12049"}],"curies":[{"name":"wp","href":"https:\/\/api.w.org\/{rel}","templated":true}]}}