{"id":12054,"date":"2022-03-24T14:46:00","date_gmt":"2022-03-24T14:46:00","guid":{"rendered":"https:\/\/kingjohnscastle.ie\/scoil-3u-leibheal-agus-teanga\/"},"modified":"2023-04-03T20:20:35","modified_gmt":"2023-04-03T19:20:35","slug":"scoil-3u-leibheal-agus-teanga","status":"publish","type":"page","link":"https:\/\/kingjohnscastle.ie\/ga\/scoil-3u-leibheal-agus-teanga\/","title":{"rendered":"Scoil 3\u00fa Leibh\u00e9al agus Teanga"},"content":{"rendered":"\t\t<div data-elementor-type=\"wp-page\" data-elementor-id=\"12054\" class=\"elementor elementor-12054 elementor-9783\" data-elementor-post-type=\"page\">\n\t\t\t\t\t\t<section class=\"elementor-section elementor-top-section elementor-element elementor-element-6ff59f8e elementor-section-stretched elementor-section-content-middle elementor-section-boxed elementor-section-height-default elementor-section-height-default\" data-id=\"6ff59f8e\" data-element_type=\"section\" data-e-type=\"section\" data-settings=\"{&quot;stretch_section&quot;:&quot;section-stretched&quot;,&quot;background_background&quot;:&quot;classic&quot;}\">\n\t\t\t\t\t\t\t<div class=\"elementor-background-overlay\"><\/div>\n\t\t\t\t\t\t\t<div class=\"elementor-container elementor-column-gap-default\">\n\t\t\t\t\t<div class=\"elementor-column elementor-col-100 elementor-top-column elementor-element elementor-element-ec5cc50\" data-id=\"ec5cc50\" data-element_type=\"column\" data-e-type=\"column\">\n\t\t\t<div class=\"elementor-widget-wrap elementor-element-populated\">\n\t\t\t\t\t\t<div class=\"elementor-element elementor-element-14775963 elementor-widget elementor-widget-heading\" data-id=\"14775963\" data-element_type=\"widget\" data-e-type=\"widget\" data-widget_type=\"heading.default\">\n\t\t\t\t<div class=\"elementor-widget-container\">\n\t\t\t\t\t<h1 class=\"elementor-heading-title elementor-size-default\">Scoil 3\u00fa Leibh\u00e9al agus Teanga<\/h1>\t\t\t\t<\/div>\n\t\t\t\t<\/div>\n\t\t\t\t\t<\/div>\n\t\t<\/div>\n\t\t\t\t\t<\/div>\n\t\t<\/section>\n\t\t\t\t<section class=\"elementor-section elementor-top-section elementor-element elementor-element-50915add elementor-section-stretched elementor-section-boxed elementor-section-height-default elementor-section-height-default\" data-id=\"50915add\" data-element_type=\"section\" data-e-type=\"section\" data-settings=\"{&quot;stretch_section&quot;:&quot;section-stretched&quot;,&quot;background_background&quot;:&quot;classic&quot;}\">\n\t\t\t\t\t\t\t<div class=\"elementor-background-overlay\"><\/div>\n\t\t\t\t\t\t\t<div class=\"elementor-container elementor-column-gap-default\">\n\t\t\t\t\t<div class=\"elementor-column elementor-col-50 elementor-top-column elementor-element elementor-element-4664e1fc\" data-id=\"4664e1fc\" data-element_type=\"column\" data-e-type=\"column\">\n\t\t\t<div class=\"elementor-widget-wrap\">\n\t\t\t\t\t\t\t<\/div>\n\t\t<\/div>\n\t\t\t\t<div class=\"elementor-column elementor-col-50 elementor-top-column elementor-element elementor-element-8eaa9ad\" data-id=\"8eaa9ad\" data-element_type=\"column\" data-e-type=\"column\">\n\t\t\t<div class=\"elementor-widget-wrap elementor-element-populated\">\n\t\t\t\t\t\t<div class=\"elementor-element elementor-element-4ef37f5c elementor-widget elementor-widget-heading\" data-id=\"4ef37f5c\" data-element_type=\"widget\" data-e-type=\"widget\" data-widget_type=\"heading.default\">\n\t\t\t\t<div class=\"elementor-widget-container\">\n\t\t\t\t\t<h5 class=\"elementor-heading-title elementor-size-default\">CAISLE\u00c1N R\u00cd EOIN<\/h5>\t\t\t\t<\/div>\n\t\t\t\t<\/div>\n\t\t\t\t<div class=\"elementor-element elementor-element-52fe9559 elementor-widget elementor-widget-heading\" data-id=\"52fe9559\" data-element_type=\"widget\" data-e-type=\"widget\" data-widget_type=\"heading.default\">\n\t\t\t\t<div class=\"elementor-widget-container\">\n\t\t\t\t\t<h1 class=\"elementor-heading-title elementor-size-default\">Turais 3\u00fa Leibh\u00e9al<\/h1>\t\t\t\t<\/div>\n\t\t\t\t<\/div>\n\t\t\t\t<div class=\"elementor-element elementor-element-6c0a174 elementor-widget elementor-widget-heading\" data-id=\"6c0a174\" data-element_type=\"widget\" data-e-type=\"widget\" data-widget_type=\"heading.default\">\n\t\t\t\t<div class=\"elementor-widget-container\">\n\t\t\t\t\t<h1 class=\"elementor-heading-title elementor-size-default\">Is c\u00e1s-staid\u00e9ar foirfe \u00e9 Caisle\u00e1n R\u00ed Eoin do go leor c\u00farsa\u00ed 3\u00fa leibh\u00e9al. Th\u00e1inig cuairteoir\u00ed roimhe seo \u00f3 na r\u00e9ims\u00ed staid\u00e9ir seo a leanas:<br><br>\n- Turas\u00f3ireacht<br>\n- Ailtireacht<br>\n- Stair<br>\n- Oideachas<br>\n- Seand\u00e1la\u00edocht<br>\n<\/h1>\t\t\t\t<\/div>\n\t\t\t\t<\/div>\n\t\t\t\t<section class=\"elementor-section elementor-inner-section elementor-element elementor-element-6003a34c elementor-section-boxed elementor-section-height-default elementor-section-height-default\" data-id=\"6003a34c\" data-element_type=\"section\" data-e-type=\"section\">\n\t\t\t\t\t\t<div class=\"elementor-container elementor-column-gap-default\">\n\t\t\t\t\t<div class=\"elementor-column elementor-col-33 elementor-inner-column elementor-element elementor-element-3b6a267f elementor-invisible\" data-id=\"3b6a267f\" data-element_type=\"column\" data-e-type=\"column\" data-settings=\"{&quot;animation&quot;:&quot;fadeIn&quot;}\">\n\t\t\t<div class=\"elementor-widget-wrap elementor-element-populated\">\n\t\t\t\t\t\t<div class=\"elementor-element elementor-element-5d81a5a9 elementor-widget elementor-widget-image\" data-id=\"5d81a5a9\" data-element_type=\"widget\" data-e-type=\"widget\" data-widget_type=\"image.default\">\n\t\t\t\t<div class=\"elementor-widget-container\">\n\t\t\t\t\t\t\t\t\t\t\t\t\t\t\t<img fetchpriority=\"high\" decoding=\"async\" width=\"410\" height=\"328\" src=\"https:\/\/kingjohnscastle.ie\/wp-content\/uploads\/2022\/01\/viking2.png\" class=\"attachment-large size-large wp-image-7941\" alt=\"\" srcset=\"https:\/\/kingjohnscastle.ie\/wp-content\/uploads\/2022\/01\/viking2.png 410w, https:\/\/kingjohnscastle.ie\/wp-content\/uploads\/2022\/01\/viking2-300x240.png 300w\" sizes=\"(max-width: 410px) 100vw, 410px\" \/>\t\t\t\t\t\t\t\t\t\t\t\t\t\t\t<\/div>\n\t\t\t\t<\/div>\n\t\t\t\t\t<\/div>\n\t\t<\/div>\n\t\t\t\t<div class=\"elementor-column elementor-col-33 elementor-inner-column elementor-element elementor-element-6b57c26a elementor-invisible\" data-id=\"6b57c26a\" data-element_type=\"column\" data-e-type=\"column\" data-settings=\"{&quot;animation&quot;:&quot;fadeIn&quot;,&quot;animation_delay&quot;:300}\">\n\t\t\t<div class=\"elementor-widget-wrap elementor-element-populated\">\n\t\t\t\t\t\t<div class=\"elementor-element elementor-element-7f884afe elementor-widget elementor-widget-image\" data-id=\"7f884afe\" data-element_type=\"widget\" data-e-type=\"widget\" data-widget_type=\"image.default\">\n\t\t\t\t<div class=\"elementor-widget-container\">\n\t\t\t\t\t\t\t\t\t\t\t\t\t\t\t<img decoding=\"async\" width=\"410\" height=\"328\" src=\"https:\/\/kingjohnscastle.ie\/wp-content\/uploads\/2022\/01\/norman.png\" class=\"attachment-large size-large wp-image-7942\" alt=\"\" srcset=\"https:\/\/kingjohnscastle.ie\/wp-content\/uploads\/2022\/01\/norman.png 410w, https:\/\/kingjohnscastle.ie\/wp-content\/uploads\/2022\/01\/norman-300x240.png 300w\" sizes=\"(max-width: 410px) 100vw, 410px\" \/>\t\t\t\t\t\t\t\t\t\t\t\t\t\t\t<\/div>\n\t\t\t\t<\/div>\n\t\t\t\t\t<\/div>\n\t\t<\/div>\n\t\t\t\t<div class=\"elementor-column elementor-col-33 elementor-inner-column elementor-element elementor-element-55bb099 elementor-invisible\" data-id=\"55bb099\" data-element_type=\"column\" data-e-type=\"column\" data-settings=\"{&quot;animation&quot;:&quot;fadeIn&quot;,&quot;animation_delay&quot;:600}\">\n\t\t\t<div class=\"elementor-widget-wrap elementor-element-populated\">\n\t\t\t\t\t\t<div class=\"elementor-element elementor-element-7302e7b3 elementor-widget elementor-widget-image\" data-id=\"7302e7b3\" data-element_type=\"widget\" data-e-type=\"widget\" data-widget_type=\"image.default\">\n\t\t\t\t<div class=\"elementor-widget-container\">\n\t\t\t\t\t\t\t\t\t\t\t\t\t\t\t<img decoding=\"async\" width=\"410\" height=\"328\" src=\"https:\/\/kingjohnscastle.ie\/wp-content\/uploads\/2022\/01\/kingjohn.png\" class=\"attachment-large size-large wp-image-7943\" alt=\"\" srcset=\"https:\/\/kingjohnscastle.ie\/wp-content\/uploads\/2022\/01\/kingjohn.png 410w, https:\/\/kingjohnscastle.ie\/wp-content\/uploads\/2022\/01\/kingjohn-300x240.png 300w\" sizes=\"(max-width: 410px) 100vw, 410px\" \/>\t\t\t\t\t\t\t\t\t\t\t\t\t\t\t<\/div>\n\t\t\t\t<\/div>\n\t\t\t\t\t<\/div>\n\t\t<\/div>\n\t\t\t\t\t<\/div>\n\t\t<\/section>\n\t\t\t\t<div class=\"elementor-element elementor-element-684884b elementor-widget elementor-widget-heading\" data-id=\"684884b\" data-element_type=\"widget\" data-e-type=\"widget\" data-widget_type=\"heading.default\">\n\t\t\t\t<div class=\"elementor-widget-container\">\n\t\t\t\t\t<h1 class=\"elementor-heading-title elementor-size-default\">D\u00e9an teagmh\u00e1il le reservations@kingjohnscastle.ie chun cuairt a thabhairt do do ghr\u00fapa\u00ed. <\/h1>\t\t\t\t<\/div>\n\t\t\t\t<\/div>\n\t\t\t\t\t<\/div>\n\t\t<\/div>\n\t\t\t\t\t<\/div>\n\t\t<\/section>\n\t\t\t\t<section class=\"elementor-section elementor-top-section elementor-element elementor-element-1452592e elementor-section-content-middle elementor-section-stretched elementor-section-boxed elementor-section-height-default elementor-section-height-default\" data-id=\"1452592e\" data-element_type=\"section\" data-e-type=\"section\" data-settings=\"{&quot;stretch_section&quot;:&quot;section-stretched&quot;,&quot;background_background&quot;:&quot;classic&quot;}\">\n\t\t\t\t\t\t\t<div class=\"elementor-background-overlay\"><\/div>\n\t\t\t\t\t\t\t<div class=\"elementor-container elementor-column-gap-default\">\n\t\t\t\t\t<div class=\"elementor-column elementor-col-50 elementor-top-column elementor-element elementor-element-58f343cc\" data-id=\"58f343cc\" data-element_type=\"column\" data-e-type=\"column\" data-settings=\"{&quot;background_background&quot;:&quot;classic&quot;}\">\n\t\t\t<div class=\"elementor-widget-wrap elementor-element-populated\">\n\t\t\t\t\t\t<div class=\"elementor-element elementor-element-19c23b59 elementor-widget elementor-widget-spacer\" data-id=\"19c23b59\" data-element_type=\"widget\" data-e-type=\"widget\" data-widget_type=\"spacer.default\">\n\t\t\t\t<div class=\"elementor-widget-container\">\n\t\t\t\t\t\t\t<div class=\"elementor-spacer\">\n\t\t\t<div class=\"elementor-spacer-inner\"><\/div>\n\t\t<\/div>\n\t\t\t\t\t\t<\/div>\n\t\t\t\t<\/div>\n\t\t\t\t\t<\/div>\n\t\t<\/div>\n\t\t\t\t<div class=\"elementor-column elementor-col-50 elementor-top-column elementor-element elementor-element-575a0393\" data-id=\"575a0393\" data-element_type=\"column\" data-e-type=\"column\">\n\t\t\t<div class=\"elementor-widget-wrap elementor-element-populated\">\n\t\t\t\t\t\t<div class=\"elementor-element elementor-element-469b97d7 elementor-widget elementor-widget-heading\" data-id=\"469b97d7\" data-element_type=\"widget\" data-e-type=\"widget\" data-widget_type=\"heading.default\">\n\t\t\t\t<div class=\"elementor-widget-container\">\n\t\t\t\t\t<h5 class=\"elementor-heading-title elementor-size-default\">CAISLE\u00c1N R\u00cd EOIN<\/h5>\t\t\t\t<\/div>\n\t\t\t\t<\/div>\n\t\t\t\t<div class=\"elementor-element elementor-element-23438207 elementor-widget elementor-widget-heading\" data-id=\"23438207\" data-element_type=\"widget\" data-e-type=\"widget\" data-widget_type=\"heading.default\">\n\t\t\t\t<div class=\"elementor-widget-container\">\n\t\t\t\t\t<h1 class=\"elementor-heading-title elementor-size-default\">Scoileanna Teanga<\/h1>\t\t\t\t<\/div>\n\t\t\t\t<\/div>\n\t\t\t\t<div class=\"elementor-element elementor-element-1abf96b elementor-widget elementor-widget-heading\" data-id=\"1abf96b\" data-element_type=\"widget\" data-e-type=\"widget\" data-widget_type=\"heading.default\">\n\t\t\t\t<div class=\"elementor-widget-container\">\n\t\t\t\t\t<h1 class=\"elementor-heading-title elementor-size-default\">Feabhas a chur ar scileanna teanga tr\u00ed ini\u00fachadh a dh\u00e9anamh ar Chaisle\u00e1n R\u00ed Eoin<\/h1>\t\t\t\t<\/div>\n\t\t\t\t<\/div>\n\t\t\t\t<div class=\"elementor-element elementor-element-4c3deba1 elementor-widget elementor-widget-heading\" data-id=\"4c3deba1\" data-element_type=\"widget\" data-e-type=\"widget\" data-widget_type=\"heading.default\">\n\t\t\t\t<div class=\"elementor-widget-container\">\n\t\t\t\t\t<p class=\"elementor-heading-title elementor-size-default\">D\u00e9an idirghn\u00edomh\u00fa leis na carachtair cultacha, taitneamh a bhaint as turas f\u00e9intreoraithe ar an gCaisle\u00e1n \u00e1rsa agus taith\u00ed a fh\u00e1il ar an taispe\u00e1ntas idirghn\u00edomhach a thugann breis agus 800 bliain de stair ar an saol.<\/p>\t\t\t\t<\/div>\n\t\t\t\t<\/div>\n\t\t\t\t<div class=\"elementor-element elementor-element-4b17281e elementor-widget elementor-widget-heading\" data-id=\"4b17281e\" data-element_type=\"widget\" data-e-type=\"widget\" data-widget_type=\"heading.default\">\n\t\t\t\t<div class=\"elementor-widget-container\">\n\t\t\t\t\t<p class=\"elementor-heading-title elementor-size-default\">Is \u00e9 \u20ac7.50 an mac l\u00e9inn an turas f\u00e9intreoraithe 1.5 uair seo.<\/p>\t\t\t\t<\/div>\n\t\t\t\t<\/div>\n\t\t\t\t<div class=\"elementor-element elementor-element-c05c1ec elementor-widget elementor-widget-heading\" data-id=\"c05c1ec\" data-element_type=\"widget\" data-e-type=\"widget\" data-widget_type=\"heading.default\">\n\t\t\t\t<div class=\"elementor-widget-container\">\n\t\t\t\t\t<p class=\"elementor-heading-title elementor-size-default\">Seol r\u00edomhphost chuig: reservations@kingjohnscastle.ie<br>\nGlaoigh ar 061-370500<\/p>\t\t\t\t<\/div>\n\t\t\t\t<\/div>\n\t\t\t\t\t<\/div>\n\t\t<\/div>\n\t\t\t\t\t<\/div>\n\t\t<\/section>\n\t\t\t\t<\/div>\n\t\t","protected":false},"excerpt":{"rendered":"<p>Scoil 3\u00fa Leibh\u00e9al agus Teanga CAISLE\u00c1N R\u00cd EOIN Turais 3\u00fa Leibh\u00e9al Is c\u00e1s-staid\u00e9ar foirfe \u00e9 Caisle\u00e1n R\u00ed Eoin do go leor c\u00farsa\u00ed 3\u00fa leibh\u00e9al. Th\u00e1inig cuairteoir\u00ed roimhe seo \u00f3 na r\u00e9ims\u00ed staid\u00e9ir seo a leanas: &#8211; Turas\u00f3ireacht &#8211; Ailtireacht &#8211; Stair &#8211; Oideachas &#8211; Seand\u00e1la\u00edocht D\u00e9an teagmh\u00e1il le reservations@kingjohnscastle.ie chun cuairt a thabhairt do do [&hellip;]<\/p>\n","protected":false},"author":1,"featured_media":0,"parent":0,"menu_order":0,"comment_status":"closed","ping_status":"closed","template":"","meta":{"footnotes":""},"class_list":["post-12054","page","type-page","status-publish","hentry"],"_links":{"self":[{"href":"https:\/\/kingjohnscastle.ie\/ga\/wp-json\/wp\/v2\/pages\/12054","targetHints":{"allow":["GET"]}}],"collection":[{"href":"https:\/\/kingjohnscastle.ie\/ga\/wp-json\/wp\/v2\/pages"}],"about":[{"href":"https:\/\/kingjohnscastle.ie\/ga\/wp-json\/wp\/v2\/types\/page"}],"author":[{"embeddable":true,"href":"https:\/\/kingjohnscastle.ie\/ga\/wp-json\/wp\/v2\/users\/1"}],"replies":[{"embeddable":true,"href":"https:\/\/kingjohnscastle.ie\/ga\/wp-json\/wp\/v2\/comments?post=12054"}],"version-history":[{"count":7,"href":"https:\/\/kingjohnscastle.ie\/ga\/wp-json\/wp\/v2\/pages\/12054\/revisions"}],"predecessor-version":[{"id":28491,"href":"https:\/\/kingjohnscastle.ie\/ga\/wp-json\/wp\/v2\/pages\/12054\/revisions\/28491"}],"wp:attachment":[{"href":"https:\/\/kingjohnscastle.ie\/ga\/wp-json\/wp\/v2\/media?parent=12054"}],"curies":[{"name":"wp","href":"https:\/\/api.w.org\/{rel}","templated":true}]}}