{"id":12065,"date":"2022-03-24T15:24:09","date_gmt":"2022-03-24T15:24:09","guid":{"rendered":"https:\/\/kingjohnscastle.ie\/turais-scoile\/"},"modified":"2022-04-21T08:25:22","modified_gmt":"2022-04-21T08:25:22","slug":"turais-scoile","status":"publish","type":"page","link":"https:\/\/kingjohnscastle.ie\/ga\/turais-scoile\/","title":{"rendered":"Turais Scoile"},"content":{"rendered":"\t\t<div data-elementor-type=\"wp-page\" data-elementor-id=\"12065\" class=\"elementor elementor-12065 elementor-9845\" data-elementor-post-type=\"page\">\n\t\t\t\t\t\t<section class=\"elementor-section elementor-top-section elementor-element elementor-element-18964f4d elementor-section-stretched elementor-section-content-middle elementor-section-boxed elementor-section-height-default elementor-section-height-default\" data-id=\"18964f4d\" data-element_type=\"section\" data-e-type=\"section\" data-settings=\"{&quot;stretch_section&quot;:&quot;section-stretched&quot;,&quot;background_background&quot;:&quot;classic&quot;}\">\n\t\t\t\t\t\t\t<div class=\"elementor-background-overlay\"><\/div>\n\t\t\t\t\t\t\t<div class=\"elementor-container elementor-column-gap-default\">\n\t\t\t\t\t<div class=\"elementor-column elementor-col-100 elementor-top-column elementor-element elementor-element-78ebc152\" data-id=\"78ebc152\" data-element_type=\"column\" data-e-type=\"column\">\n\t\t\t<div class=\"elementor-widget-wrap elementor-element-populated\">\n\t\t\t\t\t\t<div class=\"elementor-element elementor-element-670ba048 elementor-widget elementor-widget-heading\" data-id=\"670ba048\" data-element_type=\"widget\" data-e-type=\"widget\" data-widget_type=\"heading.default\">\n\t\t\t\t<div class=\"elementor-widget-container\">\n\t\t\t\t\t<h1 class=\"elementor-heading-title elementor-size-default\">Turais Scoile<\/h1>\t\t\t\t<\/div>\n\t\t\t\t<\/div>\n\t\t\t\t\t<\/div>\n\t\t<\/div>\n\t\t\t\t\t<\/div>\n\t\t<\/section>\n\t\t\t\t<section class=\"elementor-section elementor-top-section elementor-element elementor-element-2546fc93 elementor-section-stretched elementor-section-boxed elementor-section-height-default elementor-section-height-default\" data-id=\"2546fc93\" data-element_type=\"section\" data-e-type=\"section\" data-settings=\"{&quot;stretch_section&quot;:&quot;section-stretched&quot;,&quot;background_background&quot;:&quot;classic&quot;}\">\n\t\t\t\t\t\t\t<div class=\"elementor-background-overlay\"><\/div>\n\t\t\t\t\t\t\t<div class=\"elementor-container elementor-column-gap-default\">\n\t\t\t\t\t<div class=\"elementor-column elementor-col-100 elementor-top-column elementor-element elementor-element-6957fc83\" data-id=\"6957fc83\" data-element_type=\"column\" data-e-type=\"column\">\n\t\t\t<div class=\"elementor-widget-wrap elementor-element-populated\">\n\t\t\t\t\t\t<div class=\"elementor-element elementor-element-33ac25af elementor-widget elementor-widget-postgrid\" data-id=\"33ac25af\" data-element_type=\"widget\" data-e-type=\"widget\" data-widget_type=\"postgrid.default\">\n\t\t\t\t<div class=\"elementor-widget-container\">\n\t\t\t\t\t\n<div class=\"nd_elements_section nd_elements_masonry_content nd_elements_posgrid_widget_l5\">\n\t    \t<div class=\" nd_elements_width_50_percentage nd_elements_width_100_percentage_responsive nd_elements_float_left nd_elements_masonry_item nd_elements_padding_15 nd_elements_box_sizing_border_box\">\n\n\t    \t\t<div class=\"nd_elements_section nd_elements_background_color_fff nd_elements_box_shadow_0_0_15_0_0001\">\n\n\t\t    \t\t<a href=\"https:\/\/kingjohnscastle.ie\/ga\/turais-scoile-naisiunta\/\"><img decoding=\"async\" class=\"nd_elements_section\" alt=\"\" src=\"https:\/\/kingjohnscastle.ie\/wp-content\/uploads\/2022\/03\/King-John-s-Castle-Schoolgirl-observes-Queen-Elizabeth-1-919x1024.jpg\"><\/a>\n\n\t\t    \t\t<div class=\"nd_elements_section nd_elements_position_relative\">\n\t\t\t    \t\t<div style=\"background-color:#000000\" class=\"nd_elements_display_block nd_elements_width_60 nd_elements_height_60 nd_elements_text_align_center nd_elements_position_absolute nd_elements_right_30 nd_elements_top_30_negative nd_elements_top_60_negative_iphone nd_elements_right_20_iphone \">\n\t\t\t    \t\t\t<div class=\"nd_elements_section nd_elements_height_10\"><\/div>\n\t\t\t    \t\t\t<a href=\"https:\/\/kingjohnscastle.ie\/ga\/turais-scoile-naisiunta\/\"><h3 class=\"nd_elements_font_size_23 nd_elements_line_height_23 nd_elements_section nd_elements_letter_spacing_1 nd_options_color_white nd_elements_margin_0_important nd_elements_padding_0\"><strong>22<\/strong><\/h3><\/a>\n\t\t\t    \t\t\t<div class=\"nd_elements_section nd_elements_height_5\"><\/div>\n\t\t\t    \t\t\t<a href=\"https:\/\/kingjohnscastle.ie\/ga\/turais-scoile-naisiunta\/\"><h6 class=\"nd_elements_font_size_13 nd_elements_line_height_13 nd_elements_section nd_elements_letter_spacing_1 nd_elements_text_transform_uppercase nd_options_color_white nd_elements_margin_0_important nd_elements_padding_0\">Mar<\/h6><\/a>\n\t\t\t    \t\t<\/div>\n\t\t    \t\t<\/div>\n\n\n\t\t    \t\t<div class=\"nd_elements_section nd_elements_padding_40 nd_elements_padding_20_iphone nd_elements_box_sizing_border_box\">\n\t\t    \t\t \n\n\t\t    \t\t\t\n\t\t\t    <p class=\"nd_elements_margin_0_important nd_elements_padding_0 nd_elements_letter_spacing_4 nd_elements_font_size_12 nd_elements_text_transform_uppercase nd_elements_line_height_12\">Turais Scoile<\/p>\n\t\t\t    <div class=\"nd_elements_section nd_elements_height_10\"><\/div>\n\t\t\t    \n\n\t\t\t\t    \t<a class=\"nd_elements_section\" href=\"https:\/\/kingjohnscastle.ie\/ga\/turais-scoile-naisiunta\/\">\n\t\t\t\t    \t\t<h3 class=\"nd_elements_font_size_23 nd_elements_word_break_break_word nd_elements_font_size_20_iphone nd_elements_line_height_23 nd_elements_margin_0_important nd_elements_letter_spacing_1\"><strong>Turais Scoile N\u00e1isi\u00fanta<\/strong><\/h3>\n\t\t\t\t    \t<\/a>\n\t\t\t\t    \t<div class=\"nd_elements_section nd_elements_height_20\"><\/div>\n\t\t\t\t    \t<p class=\"nd_elements_font_size_15 nd_elements_section nd_elements_margin_0_important nd_elements_line_height_2\">Turais Scoile N\u00e1isi\u00fanta Previous Next Tugann an taispe\u00e1ntas iontach i gCaisle\u00e1n R\u00ed Eoin breis agus 800 bliain de stair \u00e1iti\u00fail dhr\u00e1mat\u00fail beo. Iontr\u00e1il Caighde\u00e1nach \u20ac7.50 Turas F\u00e9intreoraithe Turas Feallt\u00f3ir \u20ac13 an dalta Turas F\u00e9intreoraithe T\u00e1 teicneola\u00edocht sc\u00e1ile\u00e1in tadhaill an 21\u00fa haois, samhlacha 3D agus tarraice\u00e1in fionnachtana i measc na dteicn\u00edc\u00ed spreag\u00fala a nascfaidh cuairteoir\u00ed le [&hellip;]<\/p>\n\t\t\t\t    \t<div class=\"nd_elements_section nd_elements_height_30\"><\/div>\n\n\t\t\t\t    \t<div class=\"nd_elements_section\">\n\t\t\t\t\t    \t<div class=\"nd_elements_float_left nd_elements_width_50_percentage nd_elements_width_100_percentage_iphone\">\n\n\t\t\t\t\t    \t\t<div class=\"nd_elements_display_table\">\n\t\t\t\t\t    \t\t\t<div class=\"nd_elements_display_table_cell nd_elements_vertical_align_middle\">\n\t\t\t\t\t    \t\t\t\t<img decoding=\"async\" alt=\"\" class=\" nd_elements_float_left nd_elements_border_radius_100_percentage_important \" width=\"25\" height=\"25\" src=\"https:\/\/secure.gravatar.com\/avatar\/ce53ca2ad3880f00810b942130dacf2556afa1b48af1aa55aa0452692d290fb5?s=96&amp;d=mm&amp;r=g\">\n\t\t\t\t\t    \t\t\t<\/div>\n\t\t\t\t\t    \t\t\t<div class=\"nd_elements_display_table_cell nd_elements_vertical_align_middle\">\n\t\t\t\t\t    \t\t\t\t<p class=\"nd_elements_margin_0_important nd_elements_padding_left_10 nd_elements_font_size_15 nd_elements_line_height_15\">KingJohnsCastle<\/p>\n\t\t\t\t\t    \t\t\t<\/div>\n\t\t\t\t\t    \t\t<\/div>\n\n\t\t\t\t\t    \t\t\n\t\t\t\t\t\t\t\t\n\t\t\t\t\t    \t<\/div>\n\t\t\t\t\t    \t<div class=\"nd_elements_float_left nd_elements_width_50_percentage nd_elements_width_100_percentage_iphone nd_elements_margin_top_20_iphone\">\n\n\t\t\t\t\t    \t\t<div class=\"nd_elements_display_table\">\n\t\t\t\t\t    \t\t\t<div class=\"nd_elements_display_table_cell nd_elements_vertical_align_middle\">\n\t\t\t\t\t    \t\t\t\t<img decoding=\"async\" alt=\"\" class=\" nd_elements_float_left \" width=\"25\" height=\"25\" src=\"https:\/\/kingjohnscastle.ie\/wp-content\/plugins\/nd-elements\/widgets\/postgrid\/layout\/img\/comment-icon-grey-2.png\">\n\t\t\t\t\t    \t\t\t<\/div>\n\t\t\t\t\t    \t\t\t<div class=\"nd_elements_display_table_cell nd_elements_vertical_align_middle\">\n\t\t\t\t\t    \t\t\t\t<p class=\"nd_elements_margin_0_important nd_elements_padding_left_10 nd_elements_font_size_15 nd_elements_line_height_15\">0 Comments<\/p>\n\t\t\t\t\t    \t\t\t<\/div>\n\t\t\t\t\t    \t\t<\/div>\n\n\t\t\t\t\t    \t<\/div>\n\t\t\t\t    \t<\/div>\n\n\t\t\t\t    \t\n\t\t\t\t\t\t\n\n\t\t\t\t\t<\/div>\n\n\t\t\t\t<\/div>\n\t\t    \t\n\t\t\t<\/div>\n\t    \t<div class=\" nd_elements_width_50_percentage nd_elements_width_100_percentage_responsive nd_elements_float_left nd_elements_masonry_item nd_elements_padding_15 nd_elements_box_sizing_border_box\">\n\n\t    \t\t<div class=\"nd_elements_section nd_elements_background_color_fff nd_elements_box_shadow_0_0_15_0_0001\">\n\n\t\t    \t\t<a href=\"https:\/\/kingjohnscastle.ie\/ga\/an-tsraith-shoisearach-agus-caislean-ri-eoin\/\"><img decoding=\"async\" class=\"nd_elements_section\" alt=\"\" src=\"https:\/\/kingjohnscastle.ie\/wp-content\/uploads\/2022\/03\/Schooltour-having-fun-af-Forge-with-Blacksmiths-1024x683.jpg\"><\/a>\n\n\t\t    \t\t<div class=\"nd_elements_section nd_elements_position_relative\">\n\t\t\t    \t\t<div style=\"background-color:#000000\" class=\"nd_elements_display_block nd_elements_width_60 nd_elements_height_60 nd_elements_text_align_center nd_elements_position_absolute nd_elements_right_30 nd_elements_top_30_negative nd_elements_top_60_negative_iphone nd_elements_right_20_iphone \">\n\t\t\t    \t\t\t<div class=\"nd_elements_section nd_elements_height_10\"><\/div>\n\t\t\t    \t\t\t<a href=\"https:\/\/kingjohnscastle.ie\/ga\/an-tsraith-shoisearach-agus-caislean-ri-eoin\/\"><h3 class=\"nd_elements_font_size_23 nd_elements_line_height_23 nd_elements_section nd_elements_letter_spacing_1 nd_options_color_white nd_elements_margin_0_important nd_elements_padding_0\"><strong>24<\/strong><\/h3><\/a>\n\t\t\t    \t\t\t<div class=\"nd_elements_section nd_elements_height_5\"><\/div>\n\t\t\t    \t\t\t<a href=\"https:\/\/kingjohnscastle.ie\/ga\/an-tsraith-shoisearach-agus-caislean-ri-eoin\/\"><h6 class=\"nd_elements_font_size_13 nd_elements_line_height_13 nd_elements_section nd_elements_letter_spacing_1 nd_elements_text_transform_uppercase nd_options_color_white nd_elements_margin_0_important nd_elements_padding_0\">Mar<\/h6><\/a>\n\t\t\t    \t\t<\/div>\n\t\t    \t\t<\/div>\n\n\n\t\t    \t\t<div class=\"nd_elements_section nd_elements_padding_40 nd_elements_padding_20_iphone nd_elements_box_sizing_border_box\">\n\t\t    \t\t \n\n\t\t    \t\t\t\n\t\t\t    <p class=\"nd_elements_margin_0_important nd_elements_padding_0 nd_elements_letter_spacing_4 nd_elements_font_size_12 nd_elements_text_transform_uppercase nd_elements_line_height_12\">Turais Scoile<\/p>\n\t\t\t    <div class=\"nd_elements_section nd_elements_height_10\"><\/div>\n\t\t\t    \n\n\t\t\t\t    \t<a class=\"nd_elements_section\" href=\"https:\/\/kingjohnscastle.ie\/ga\/an-tsraith-shoisearach-agus-caislean-ri-eoin\/\">\n\t\t\t\t    \t\t<h3 class=\"nd_elements_font_size_23 nd_elements_word_break_break_word nd_elements_font_size_20_iphone nd_elements_line_height_23 nd_elements_margin_0_important nd_elements_letter_spacing_1\"><strong>An tSraith Sh\u00f3isearach agus Caisle\u00e1n R\u00ed Eoin<\/strong><\/h3>\n\t\t\t\t    \t<\/a>\n\t\t\t\t    \t<div class=\"nd_elements_section nd_elements_height_20\"><\/div>\n\t\t\t\t    \t<p class=\"nd_elements_font_size_15 nd_elements_section nd_elements_margin_0_important nd_elements_line_height_2\">An tSraith Sh\u00f3isearach agus Caisle\u00e1n R\u00ed Eoin Previous Next Caisle\u00e1n R\u00ed Eoin Stair na Sraithe S\u00f3iseara\u00ed Tionscadail Samplacha Tugann sonra\u00edochta\u00ed nua na Sraithe S\u00f3iseara\u00ed deis do do rang an caisle\u00e1n agus an su\u00edomh seo a ini\u00fachadh le peirspict\u00edocht ioml\u00e1n nua. Cad at\u00e1 \u00e1 r\u00e1 ag an tSraith Sh\u00f3isearach do Mh\u00fainteoir\u00ed Staire:Agus t\u00fa ag plean\u00e1il naisc [&hellip;]<\/p>\n\t\t\t\t    \t<div class=\"nd_elements_section nd_elements_height_30\"><\/div>\n\n\t\t\t\t    \t<div class=\"nd_elements_section\">\n\t\t\t\t\t    \t<div class=\"nd_elements_float_left nd_elements_width_50_percentage nd_elements_width_100_percentage_iphone\">\n\n\t\t\t\t\t    \t\t<div class=\"nd_elements_display_table\">\n\t\t\t\t\t    \t\t\t<div class=\"nd_elements_display_table_cell nd_elements_vertical_align_middle\">\n\t\t\t\t\t    \t\t\t\t<img decoding=\"async\" alt=\"\" class=\" nd_elements_float_left nd_elements_border_radius_100_percentage_important \" width=\"25\" height=\"25\" src=\"https:\/\/secure.gravatar.com\/avatar\/ce53ca2ad3880f00810b942130dacf2556afa1b48af1aa55aa0452692d290fb5?s=96&amp;d=mm&amp;r=g\">\n\t\t\t\t\t    \t\t\t<\/div>\n\t\t\t\t\t    \t\t\t<div class=\"nd_elements_display_table_cell nd_elements_vertical_align_middle\">\n\t\t\t\t\t    \t\t\t\t<p class=\"nd_elements_margin_0_important nd_elements_padding_left_10 nd_elements_font_size_15 nd_elements_line_height_15\">KingJohnsCastle<\/p>\n\t\t\t\t\t    \t\t\t<\/div>\n\t\t\t\t\t    \t\t<\/div>\n\n\t\t\t\t\t    \t\t\n\t\t\t\t\t\t\t\t\n\t\t\t\t\t    \t<\/div>\n\t\t\t\t\t    \t<div class=\"nd_elements_float_left nd_elements_width_50_percentage nd_elements_width_100_percentage_iphone nd_elements_margin_top_20_iphone\">\n\n\t\t\t\t\t    \t\t<div class=\"nd_elements_display_table\">\n\t\t\t\t\t    \t\t\t<div class=\"nd_elements_display_table_cell nd_elements_vertical_align_middle\">\n\t\t\t\t\t    \t\t\t\t<img decoding=\"async\" alt=\"\" class=\" nd_elements_float_left \" width=\"25\" height=\"25\" src=\"https:\/\/kingjohnscastle.ie\/wp-content\/plugins\/nd-elements\/widgets\/postgrid\/layout\/img\/comment-icon-grey-2.png\">\n\t\t\t\t\t    \t\t\t<\/div>\n\t\t\t\t\t    \t\t\t<div class=\"nd_elements_display_table_cell nd_elements_vertical_align_middle\">\n\t\t\t\t\t    \t\t\t\t<p class=\"nd_elements_margin_0_important nd_elements_padding_left_10 nd_elements_font_size_15 nd_elements_line_height_15\">0 Comments<\/p>\n\t\t\t\t\t    \t\t\t<\/div>\n\t\t\t\t\t    \t\t<\/div>\n\n\t\t\t\t\t    \t<\/div>\n\t\t\t\t    \t<\/div>\n\n\t\t\t\t    \t\n\t\t\t\t\t\t\n\n\t\t\t\t\t<\/div>\n\n\t\t\t\t<\/div>\n\t\t    \t\n\t\t\t<\/div>\n\t    \t<div class=\" nd_elements_width_50_percentage nd_elements_width_100_percentage_responsive nd_elements_float_left nd_elements_masonry_item nd_elements_padding_15 nd_elements_box_sizing_border_box\">\n\n\t    \t\t<div class=\"nd_elements_section nd_elements_background_color_fff nd_elements_box_shadow_0_0_15_0_0001\">\n\n\t\t    \t\t<a href=\"https:\/\/kingjohnscastle.ie\/ga\/faisneis-riachtanach-le-haghaidh-do-chuairte\/\"><img decoding=\"async\" class=\"nd_elements_section\" alt=\"\" src=\"https:\/\/kingjohnscastle.ie\/wp-content\/uploads\/2022\/03\/Crown-winter-specials_2-1024x681.jpg\"><\/a>\n\n\t\t    \t\t<div class=\"nd_elements_section nd_elements_position_relative\">\n\t\t\t    \t\t<div style=\"background-color:#000000\" class=\"nd_elements_display_block nd_elements_width_60 nd_elements_height_60 nd_elements_text_align_center nd_elements_position_absolute nd_elements_right_30 nd_elements_top_30_negative nd_elements_top_60_negative_iphone nd_elements_right_20_iphone \">\n\t\t\t    \t\t\t<div class=\"nd_elements_section nd_elements_height_10\"><\/div>\n\t\t\t    \t\t\t<a href=\"https:\/\/kingjohnscastle.ie\/ga\/faisneis-riachtanach-le-haghaidh-do-chuairte\/\"><h3 class=\"nd_elements_font_size_23 nd_elements_line_height_23 nd_elements_section nd_elements_letter_spacing_1 nd_options_color_white nd_elements_margin_0_important nd_elements_padding_0\"><strong>24<\/strong><\/h3><\/a>\n\t\t\t    \t\t\t<div class=\"nd_elements_section nd_elements_height_5\"><\/div>\n\t\t\t    \t\t\t<a href=\"https:\/\/kingjohnscastle.ie\/ga\/faisneis-riachtanach-le-haghaidh-do-chuairte\/\"><h6 class=\"nd_elements_font_size_13 nd_elements_line_height_13 nd_elements_section nd_elements_letter_spacing_1 nd_elements_text_transform_uppercase nd_options_color_white nd_elements_margin_0_important nd_elements_padding_0\">Mar<\/h6><\/a>\n\t\t\t    \t\t<\/div>\n\t\t    \t\t<\/div>\n\n\n\t\t    \t\t<div class=\"nd_elements_section nd_elements_padding_40 nd_elements_padding_20_iphone nd_elements_box_sizing_border_box\">\n\t\t    \t\t \n\n\t\t    \t\t\t\n\t\t\t    <p class=\"nd_elements_margin_0_important nd_elements_padding_0 nd_elements_letter_spacing_4 nd_elements_font_size_12 nd_elements_text_transform_uppercase nd_elements_line_height_12\">Turais Scoile<\/p>\n\t\t\t    <div class=\"nd_elements_section nd_elements_height_10\"><\/div>\n\t\t\t    \n\n\t\t\t\t    \t<a class=\"nd_elements_section\" href=\"https:\/\/kingjohnscastle.ie\/ga\/faisneis-riachtanach-le-haghaidh-do-chuairte\/\">\n\t\t\t\t    \t\t<h3 class=\"nd_elements_font_size_23 nd_elements_word_break_break_word nd_elements_font_size_20_iphone nd_elements_line_height_23 nd_elements_margin_0_important nd_elements_letter_spacing_1\"><strong>Faisn\u00e9is Riachtanach le haghaidh Do Chuairte<\/strong><\/h3>\n\t\t\t\t    \t<\/a>\n\t\t\t\t    \t<div class=\"nd_elements_section nd_elements_height_20\"><\/div>\n\t\t\t\t    \t<p class=\"nd_elements_font_size_15 nd_elements_section nd_elements_margin_0_important nd_elements_line_height_2\">Faisn\u00e9is Riachtanach le haghaidh Do Chuairte Previous Next Faisn\u00e9is Riachtanach le haghaidh Do Chuairte Gach eolas at\u00e1 uait faoi do thuras go Caisle\u00e1n R\u00ed Eoin D\u00e9an an doicim\u00e9ad seo a \u00edosl\u00f3d\u00e1il agus a l\u00e9amh go c\u00faramach, le do thoil, roimh do chuairt ar Chaisle\u00e1n an R\u00ed Eoin. \u00cdOSL\u00d3D\u00c1IL EOLAS RIACHTANACH DO DO CUAIRT &#8211; CLICE\u00c1IL [&hellip;]<\/p>\n\t\t\t\t    \t<div class=\"nd_elements_section nd_elements_height_30\"><\/div>\n\n\t\t\t\t    \t<div class=\"nd_elements_section\">\n\t\t\t\t\t    \t<div class=\"nd_elements_float_left nd_elements_width_50_percentage nd_elements_width_100_percentage_iphone\">\n\n\t\t\t\t\t    \t\t<div class=\"nd_elements_display_table\">\n\t\t\t\t\t    \t\t\t<div class=\"nd_elements_display_table_cell nd_elements_vertical_align_middle\">\n\t\t\t\t\t    \t\t\t\t<img decoding=\"async\" alt=\"\" class=\" nd_elements_float_left nd_elements_border_radius_100_percentage_important \" width=\"25\" height=\"25\" src=\"https:\/\/secure.gravatar.com\/avatar\/ce53ca2ad3880f00810b942130dacf2556afa1b48af1aa55aa0452692d290fb5?s=96&amp;d=mm&amp;r=g\">\n\t\t\t\t\t    \t\t\t<\/div>\n\t\t\t\t\t    \t\t\t<div class=\"nd_elements_display_table_cell nd_elements_vertical_align_middle\">\n\t\t\t\t\t    \t\t\t\t<p class=\"nd_elements_margin_0_important nd_elements_padding_left_10 nd_elements_font_size_15 nd_elements_line_height_15\">KingJohnsCastle<\/p>\n\t\t\t\t\t    \t\t\t<\/div>\n\t\t\t\t\t    \t\t<\/div>\n\n\t\t\t\t\t    \t\t\n\t\t\t\t\t\t\t\t\n\t\t\t\t\t    \t<\/div>\n\t\t\t\t\t    \t<div class=\"nd_elements_float_left nd_elements_width_50_percentage nd_elements_width_100_percentage_iphone nd_elements_margin_top_20_iphone\">\n\n\t\t\t\t\t    \t\t<div class=\"nd_elements_display_table\">\n\t\t\t\t\t    \t\t\t<div class=\"nd_elements_display_table_cell nd_elements_vertical_align_middle\">\n\t\t\t\t\t    \t\t\t\t<img decoding=\"async\" alt=\"\" class=\" nd_elements_float_left \" width=\"25\" height=\"25\" src=\"https:\/\/kingjohnscastle.ie\/wp-content\/plugins\/nd-elements\/widgets\/postgrid\/layout\/img\/comment-icon-grey-2.png\">\n\t\t\t\t\t    \t\t\t<\/div>\n\t\t\t\t\t    \t\t\t<div class=\"nd_elements_display_table_cell nd_elements_vertical_align_middle\">\n\t\t\t\t\t    \t\t\t\t<p class=\"nd_elements_margin_0_important nd_elements_padding_left_10 nd_elements_font_size_15 nd_elements_line_height_15\">0 Comments<\/p>\n\t\t\t\t\t    \t\t\t<\/div>\n\t\t\t\t\t    \t\t<\/div>\n\n\t\t\t\t\t    \t<\/div>\n\t\t\t\t    \t<\/div>\n\n\t\t\t\t    \t\n\t\t\t\t\t\t\n\n\t\t\t\t\t<\/div>\n\n\t\t\t\t<\/div>\n\t\t    \t\n\t\t\t<\/div>\n<\/div>\t\t\t\t<\/div>\n\t\t\t\t<\/div>\n\t\t\t\t<div class=\"elementor-element elementor-element-366b6501 elementor-widget elementor-widget-customcss\" data-id=\"366b6501\" data-element_type=\"widget\" data-e-type=\"widget\" data-widget_type=\"customcss.default\">\n\t\t\t\t<div class=\"elementor-widget-container\">\n\t\t\t\t\t<style type=\"text\/css\">.nd_elements_masonry_content a.nd_options_color_white.nd_elements_padding_10_20 { padding-top: 13px !important ; }<\/style>\t\t\t\t<\/div>\n\t\t\t\t<\/div>\n\t\t\t\t\t<\/div>\n\t\t<\/div>\n\t\t\t\t\t<\/div>\n\t\t<\/section>\n\t\t\t\t<\/div>\n\t\t","protected":false},"excerpt":{"rendered":"<p>Turais Scoile 22 Mar School Tours National School Tours National School Tours Previous Next The stunning exhibition at King John\u2019s Castle brings to life over 800 years of dramatic local history Standard Entry \u20ac6.50 Self Guided Tour Jester Tour \u20ac10 per student Self Guided Tour 21st century touch-screen technology, 3D models and discovery drawers are [&hellip;]<\/p>\n","protected":false},"author":1,"featured_media":0,"parent":0,"menu_order":0,"comment_status":"closed","ping_status":"closed","template":"","meta":{"footnotes":""},"class_list":["post-12065","page","type-page","status-publish","hentry"],"_links":{"self":[{"href":"https:\/\/kingjohnscastle.ie\/ga\/wp-json\/wp\/v2\/pages\/12065","targetHints":{"allow":["GET"]}}],"collection":[{"href":"https:\/\/kingjohnscastle.ie\/ga\/wp-json\/wp\/v2\/pages"}],"about":[{"href":"https:\/\/kingjohnscastle.ie\/ga\/wp-json\/wp\/v2\/types\/page"}],"author":[{"embeddable":true,"href":"https:\/\/kingjohnscastle.ie\/ga\/wp-json\/wp\/v2\/users\/1"}],"replies":[{"embeddable":true,"href":"https:\/\/kingjohnscastle.ie\/ga\/wp-json\/wp\/v2\/comments?post=12065"}],"version-history":[{"count":1,"href":"https:\/\/kingjohnscastle.ie\/ga\/wp-json\/wp\/v2\/pages\/12065\/revisions"}],"predecessor-version":[{"id":12066,"href":"https:\/\/kingjohnscastle.ie\/ga\/wp-json\/wp\/v2\/pages\/12065\/revisions\/12066"}],"wp:attachment":[{"href":"https:\/\/kingjohnscastle.ie\/ga\/wp-json\/wp\/v2\/media?parent=12065"}],"curies":[{"name":"wp","href":"https:\/\/api.w.org\/{rel}","templated":true}]}}