{"id":12148,"date":"2022-03-26T15:41:28","date_gmt":"2022-03-26T15:41:28","guid":{"rendered":"https:\/\/kingjohnscastle.ie\/inrochtaineacht\/"},"modified":"2022-04-21T11:52:53","modified_gmt":"2022-04-21T11:52:53","slug":"inrochtaineacht","status":"publish","type":"page","link":"https:\/\/kingjohnscastle.ie\/ga\/inrochtaineacht\/","title":{"rendered":"Inrochtaineacht"},"content":{"rendered":"\t\t<div data-elementor-type=\"wp-page\" data-elementor-id=\"12148\" class=\"elementor elementor-12148 elementor-10370\" data-elementor-post-type=\"page\">\n\t\t\t\t\t\t<section class=\"elementor-section elementor-top-section elementor-element elementor-element-6d7532bb elementor-section-stretched elementor-section-content-middle elementor-section-boxed elementor-section-height-default elementor-section-height-default\" data-id=\"6d7532bb\" data-element_type=\"section\" data-e-type=\"section\" data-settings=\"{&quot;stretch_section&quot;:&quot;section-stretched&quot;,&quot;background_background&quot;:&quot;classic&quot;}\">\n\t\t\t\t\t\t\t<div class=\"elementor-background-overlay\"><\/div>\n\t\t\t\t\t\t\t<div class=\"elementor-container elementor-column-gap-default\">\n\t\t\t\t\t<div class=\"elementor-column elementor-col-100 elementor-top-column elementor-element elementor-element-18413513\" data-id=\"18413513\" data-element_type=\"column\" data-e-type=\"column\">\n\t\t\t<div class=\"elementor-widget-wrap elementor-element-populated\">\n\t\t\t\t\t\t<div class=\"elementor-element elementor-element-7323a4ae elementor-widget elementor-widget-heading\" data-id=\"7323a4ae\" data-element_type=\"widget\" data-e-type=\"widget\" data-widget_type=\"heading.default\">\n\t\t\t\t<div class=\"elementor-widget-container\">\n\t\t\t\t\t<h1 class=\"elementor-heading-title elementor-size-default\">Caisle\u00e1n R\u00ed Eoin<\/h1>\t\t\t\t<\/div>\n\t\t\t\t<\/div>\n\t\t\t\t\t<\/div>\n\t\t<\/div>\n\t\t\t\t\t<\/div>\n\t\t<\/section>\n\t\t\t\t<section class=\"elementor-section elementor-top-section elementor-element elementor-element-291d1575 elementor-section-boxed elementor-section-height-default elementor-section-height-default\" data-id=\"291d1575\" data-element_type=\"section\" data-e-type=\"section\">\n\t\t\t\t\t\t<div class=\"elementor-container elementor-column-gap-default\">\n\t\t\t\t\t<div class=\"elementor-column elementor-col-100 elementor-top-column elementor-element elementor-element-40c9462b\" data-id=\"40c9462b\" data-element_type=\"column\" data-e-type=\"column\">\n\t\t\t<div class=\"elementor-widget-wrap elementor-element-populated\">\n\t\t\t\t\t\t<div class=\"elementor-element elementor-element-612d8a1b elementor-widget elementor-widget-heading\" data-id=\"612d8a1b\" data-element_type=\"widget\" data-e-type=\"widget\" data-widget_type=\"heading.default\">\n\t\t\t\t<div class=\"elementor-widget-container\">\n\t\t\t\t\t<h2 class=\"elementor-heading-title elementor-size-default\">Inrochtaineacht<\/h2>\t\t\t\t<\/div>\n\t\t\t\t<\/div>\n\t\t\t\t\t<\/div>\n\t\t<\/div>\n\t\t\t\t\t<\/div>\n\t\t<\/section>\n\t\t\t\t<section class=\"elementor-section elementor-top-section elementor-element elementor-element-6c0e80b4 elementor-section-boxed elementor-section-height-default elementor-section-height-default\" data-id=\"6c0e80b4\" data-element_type=\"section\" data-e-type=\"section\">\n\t\t\t\t\t\t<div class=\"elementor-container elementor-column-gap-default\">\n\t\t\t\t\t<div class=\"elementor-column elementor-col-100 elementor-top-column elementor-element elementor-element-6d6e6ea8\" data-id=\"6d6e6ea8\" data-element_type=\"column\" data-e-type=\"column\">\n\t\t\t<div class=\"elementor-widget-wrap elementor-element-populated\">\n\t\t\t\t\t\t<div class=\"elementor-element elementor-element-25f030f0 elementor-widget elementor-widget-text-editor\" data-id=\"25f030f0\" data-element_type=\"widget\" data-e-type=\"widget\" data-widget_type=\"text-editor.default\">\n\t\t\t\t<div class=\"elementor-widget-container\">\n\t\t\t\t\t\t\t\t\t<p>F\u00e9achann an su\u00edomh Gr\u00e9as\u00e1in seo le clo\u00ed le leibh\u00e9al A D\u00fabailte de Threoirl\u00ednte 2.0 Chuibhreannas an Ghr\u00e9as\u00e1in Dhomhanda (W3C) maidir le hInrochtaineacht \u00c1bhar agus le bheith inrochtana laistigh d\u2019aon bhrabhs\u00e1la\u00ed. Forbra\u00edodh an su\u00edomh tr\u00ed \u00fas\u00e1id a bhaint as HTML &amp; CSS a chomhl\u00edonann caighde\u00e1in.<\/p><p> <\/p><p>C\u00e9 go nd\u00e9anann DAC Discover Limerick a dh\u00edcheall clo\u00ed leis na treoirl\u00ednte agus na caighde\u00e1in inghlactha maidir le hinrochtaineacht agus in\u00fas\u00e1idteacht, n\u00ed f\u00e9idir \u00e9 sin a dh\u00e9anamh i ngach cuid den su\u00edomh Gr\u00e9as\u00e1in i gc\u00f3na\u00ed. M\u00e1 bh\u00edonn deacracht ar bith agat rochtain a fh\u00e1il ar shu\u00edomh Gr\u00e9as\u00e1in Chaisle\u00e1n an R\u00ed, d\u00e9an teagmh\u00e1il linn le do thoil.<\/p>\t\t\t\t\t\t\t\t<\/div>\n\t\t\t\t<\/div>\n\t\t\t\t\t<\/div>\n\t\t<\/div>\n\t\t\t\t\t<\/div>\n\t\t<\/section>\n\t\t\t\t<\/div>\n\t\t","protected":false},"excerpt":{"rendered":"<p>Caisle\u00e1n R\u00ed Eoin Inrochtaineacht F\u00e9achann an su\u00edomh Gr\u00e9as\u00e1in seo le clo\u00ed le leibh\u00e9al A D\u00fabailte de Threoirl\u00ednte 2.0 Chuibhreannas an Ghr\u00e9as\u00e1in Dhomhanda (W3C) maidir le hInrochtaineacht \u00c1bhar agus le bheith inrochtana laistigh d\u2019aon bhrabhs\u00e1la\u00ed. Forbra\u00edodh an su\u00edomh tr\u00ed \u00fas\u00e1id a bhaint as HTML &amp; CSS a chomhl\u00edonann caighde\u00e1in. C\u00e9 go nd\u00e9anann DAC Discover Limerick a [&hellip;]<\/p>\n","protected":false},"author":1,"featured_media":0,"parent":0,"menu_order":0,"comment_status":"closed","ping_status":"closed","template":"","meta":{"footnotes":""},"class_list":["post-12148","page","type-page","status-publish","hentry"],"_links":{"self":[{"href":"https:\/\/kingjohnscastle.ie\/ga\/wp-json\/wp\/v2\/pages\/12148","targetHints":{"allow":["GET"]}}],"collection":[{"href":"https:\/\/kingjohnscastle.ie\/ga\/wp-json\/wp\/v2\/pages"}],"about":[{"href":"https:\/\/kingjohnscastle.ie\/ga\/wp-json\/wp\/v2\/types\/page"}],"author":[{"embeddable":true,"href":"https:\/\/kingjohnscastle.ie\/ga\/wp-json\/wp\/v2\/users\/1"}],"replies":[{"embeddable":true,"href":"https:\/\/kingjohnscastle.ie\/ga\/wp-json\/wp\/v2\/comments?post=12148"}],"version-history":[{"count":1,"href":"https:\/\/kingjohnscastle.ie\/ga\/wp-json\/wp\/v2\/pages\/12148\/revisions"}],"predecessor-version":[{"id":12149,"href":"https:\/\/kingjohnscastle.ie\/ga\/wp-json\/wp\/v2\/pages\/12148\/revisions\/12149"}],"wp:attachment":[{"href":"https:\/\/kingjohnscastle.ie\/ga\/wp-json\/wp\/v2\/media?parent=12148"}],"curies":[{"name":"wp","href":"https:\/\/api.w.org\/{rel}","templated":true}]}}