{"id":12150,"date":"2022-03-26T23:10:44","date_gmt":"2022-03-26T23:10:44","guid":{"rendered":"https:\/\/kingjohnscastle.ie\/gairmeacha\/"},"modified":"2024-02-13T04:17:50","modified_gmt":"2024-02-13T04:17:50","slug":"gairmeacha","status":"publish","type":"page","link":"https:\/\/kingjohnscastle.ie\/ga\/gairmeacha\/","title":{"rendered":"Gairmeacha"},"content":{"rendered":"\t\t<div data-elementor-type=\"wp-page\" data-elementor-id=\"12150\" class=\"elementor elementor-12150 elementor-10518\" data-elementor-post-type=\"page\">\n\t\t\t\t\t\t<section class=\"elementor-section elementor-top-section elementor-element elementor-element-4a7c08da elementor-section-stretched elementor-section-content-middle elementor-section-boxed elementor-section-height-default elementor-section-height-default\" data-id=\"4a7c08da\" data-element_type=\"section\" data-e-type=\"section\" data-settings=\"{&quot;stretch_section&quot;:&quot;section-stretched&quot;,&quot;background_background&quot;:&quot;classic&quot;}\">\n\t\t\t\t\t\t\t<div class=\"elementor-background-overlay\"><\/div>\n\t\t\t\t\t\t\t<div class=\"elementor-container elementor-column-gap-default\">\n\t\t\t\t\t<div class=\"elementor-column elementor-col-100 elementor-top-column elementor-element elementor-element-63acdd80\" data-id=\"63acdd80\" data-element_type=\"column\" data-e-type=\"column\">\n\t\t\t<div class=\"elementor-widget-wrap elementor-element-populated\">\n\t\t\t\t\t\t<div class=\"elementor-element elementor-element-5af70f7b elementor-widget elementor-widget-heading\" data-id=\"5af70f7b\" data-element_type=\"widget\" data-e-type=\"widget\" data-widget_type=\"heading.default\">\n\t\t\t\t<div class=\"elementor-widget-container\">\n\t\t\t\t\t<h1 class=\"elementor-heading-title elementor-size-default\">Caisle\u00e1n R\u00ed Eoin<\/h1>\t\t\t\t<\/div>\n\t\t\t\t<\/div>\n\t\t\t\t\t<\/div>\n\t\t<\/div>\n\t\t\t\t\t<\/div>\n\t\t<\/section>\n\t\t\t\t<section class=\"elementor-section elementor-top-section elementor-element elementor-element-426e8926 elementor-section-boxed elementor-section-height-default elementor-section-height-default\" data-id=\"426e8926\" data-element_type=\"section\" data-e-type=\"section\">\n\t\t\t\t\t\t<div class=\"elementor-container elementor-column-gap-default\">\n\t\t\t\t\t<div class=\"elementor-column elementor-col-100 elementor-top-column elementor-element elementor-element-604ee6ee\" data-id=\"604ee6ee\" data-element_type=\"column\" data-e-type=\"column\">\n\t\t\t<div class=\"elementor-widget-wrap elementor-element-populated\">\n\t\t\t\t\t\t<div class=\"elementor-element elementor-element-48bf89cf elementor-widget elementor-widget-heading\" data-id=\"48bf89cf\" data-element_type=\"widget\" data-e-type=\"widget\" data-widget_type=\"heading.default\">\n\t\t\t\t<div class=\"elementor-widget-container\">\n\t\t\t\t\t<h2 class=\"elementor-heading-title elementor-size-default\">Gairmeacha<\/h2>\t\t\t\t<\/div>\n\t\t\t\t<\/div>\n\t\t\t\t<div class=\"elementor-element elementor-element-9ca5543 elementor-widget elementor-widget-heading\" data-id=\"9ca5543\" data-element_type=\"widget\" data-e-type=\"widget\" data-widget_type=\"heading.default\">\n\t\t\t\t<div class=\"elementor-widget-container\">\n\t\t\t\t\t<h2 class=\"elementor-heading-title elementor-size-default\">I gCaisle\u00e1n R\u00ed Eoin t\u00e1imid tiomanta d\u2019eisp\u00e9iris l\u00e1idre turas\u00f3ireachta a fhorbairt, feidhm\u00edocht a athr\u00fa agus turas\u00f3ireacht a mh\u00e9ad\u00fa. Chun \u00e9 sin a bhaint amach, n\u00ed m\u00f3r d\u00fainn na daoine is fearr ar \u00e1r bhfoireann.<\/h2>\t\t\t\t<\/div>\n\t\t\t\t<\/div>\n\t\t\t\t<div class=\"elementor-element elementor-element-2a239f0 elementor-widget elementor-widget-heading\" data-id=\"2a239f0\" data-element_type=\"widget\" data-e-type=\"widget\" data-widget_type=\"heading.default\">\n\t\t\t\t<div class=\"elementor-widget-container\">\n\t\t\t\t\t<h2 class=\"elementor-heading-title elementor-size-default\">M\u00e1 t\u00e1 sp\u00e9is agat sa turas\u00f3ireacht, duine a bhfuil rath air\/uirthi maidir le heisp\u00e9iris an chuairteora is fearr sa rang a sheachadadh agus ar mhaith leat a bheith mar chuid d\u00e1r dturas f\u00e9ach ar na deiseanna at\u00e1 againn th\u00edos le do thoil:<\/h2>\t\t\t\t<\/div>\n\t\t\t\t<\/div>\n\t\t\t\t\t<\/div>\n\t\t<\/div>\n\t\t\t\t\t<\/div>\n\t\t<\/section>\n\t\t\t\t<section class=\"elementor-section elementor-top-section elementor-element elementor-element-2c9209fe elementor-section-boxed elementor-section-height-default elementor-section-height-default\" data-id=\"2c9209fe\" data-element_type=\"section\" data-e-type=\"section\">\n\t\t\t\t\t\t<div class=\"elementor-container elementor-column-gap-default\">\n\t\t\t\t\t<div class=\"elementor-column elementor-col-100 elementor-top-column elementor-element elementor-element-64f108af\" data-id=\"64f108af\" data-element_type=\"column\" data-e-type=\"column\">\n\t\t\t<div class=\"elementor-widget-wrap elementor-element-populated\">\n\t\t\t\t\t\t<div class=\"elementor-element elementor-element-1c8604e elementor-widget elementor-widget-heading\" data-id=\"1c8604e\" data-element_type=\"widget\" data-e-type=\"widget\" data-widget_type=\"heading.default\">\n\t\t\t\t<div class=\"elementor-widget-container\">\n\t\t\t\t\t<h2 class=\"elementor-heading-title elementor-size-default\">Deiseanna Gairme Reatha<\/h2>\t\t\t\t<\/div>\n\t\t\t\t<\/div>\n\t\t\t\t<div class=\"elementor-element elementor-element-4b8e10f2 elementor-widget elementor-widget-text-editor\" data-id=\"4b8e10f2\" data-element_type=\"widget\" data-e-type=\"widget\" data-widget_type=\"text-editor.default\">\n\t\t\t\t<div class=\"elementor-widget-container\">\n\t\t\t\t\t\t\t\t\t<p><span style=\"text-decoration: underline;\"><span class=\"Apple-converted-space\"><a href=\"https:\/\/kingjohnscastle.ie\/wp-content\/uploads\/2024\/02\/Cafe-Team-Lead.pdf\">Fol\u00fantas: Ceannaire Foirne an Chaif\u00e9<\/a><\/span><\/span><\/p><p>\u00a0<\/p><p>\u00a0<\/p><p>Beidh poist sh\u00e9as\u00faracha i ngach r\u00e9imse ar f\u00e1il \u00f3 Bhealtaine go Me\u00e1n F\u00f3mhair, m\u00e1s mian leat iarratas a dh\u00e9anamh roimh r\u00e9, seol CV agus litir chl\u00fadaigh chuig <span style=\"text-decoration: underline;\">careers@discoverlimerickdac.ie<\/span> le \u201cIarratas s\u00e9as\u00farach\u201d sa bharra \u00e1bhair.<\/p>\t\t\t\t\t\t\t\t<\/div>\n\t\t\t\t<\/div>\n\t\t\t\t<div class=\"elementor-element elementor-element-6380cf8 elementor-widget elementor-widget-text-editor\" data-id=\"6380cf8\" data-element_type=\"widget\" data-e-type=\"widget\" data-widget_type=\"text-editor.default\">\n\t\t\t\t<div class=\"elementor-widget-container\">\n\t\t\t\t\t\t\t\t\t<p><br><\/p>\n<p><\/p>\n<p>N\u00f3ta : Beidh r\u00f3il sh\u00e9as\u00faracha i bhfeidhm \u00f3 Bhealtaine &#8211; Me\u00e1n F\u00f3mhair<\/p>\t\t\t\t\t\t\t\t<\/div>\n\t\t\t\t<\/div>\n\t\t\t\t\t<\/div>\n\t\t<\/div>\n\t\t\t\t\t<\/div>\n\t\t<\/section>\n\t\t\t\t<\/div>\n\t\t","protected":false},"excerpt":{"rendered":"<p>Caisle\u00e1n R\u00ed Eoin Gairmeacha I gCaisle\u00e1n R\u00ed Eoin t\u00e1imid tiomanta d\u2019eisp\u00e9iris l\u00e1idre turas\u00f3ireachta a fhorbairt, feidhm\u00edocht a athr\u00fa agus turas\u00f3ireacht a mh\u00e9ad\u00fa. Chun \u00e9 sin a bhaint amach, n\u00ed m\u00f3r d\u00fainn na daoine is fearr ar \u00e1r bhfoireann. M\u00e1 t\u00e1 sp\u00e9is agat sa turas\u00f3ireacht, duine a bhfuil rath air\/uirthi maidir le heisp\u00e9iris an chuairteora is [&hellip;]<\/p>\n","protected":false},"author":1,"featured_media":0,"parent":0,"menu_order":0,"comment_status":"closed","ping_status":"closed","template":"","meta":{"footnotes":""},"class_list":["post-12150","page","type-page","status-publish","hentry"],"_links":{"self":[{"href":"https:\/\/kingjohnscastle.ie\/ga\/wp-json\/wp\/v2\/pages\/12150","targetHints":{"allow":["GET"]}}],"collection":[{"href":"https:\/\/kingjohnscastle.ie\/ga\/wp-json\/wp\/v2\/pages"}],"about":[{"href":"https:\/\/kingjohnscastle.ie\/ga\/wp-json\/wp\/v2\/types\/page"}],"author":[{"embeddable":true,"href":"https:\/\/kingjohnscastle.ie\/ga\/wp-json\/wp\/v2\/users\/1"}],"replies":[{"embeddable":true,"href":"https:\/\/kingjohnscastle.ie\/ga\/wp-json\/wp\/v2\/comments?post=12150"}],"version-history":[{"count":70,"href":"https:\/\/kingjohnscastle.ie\/ga\/wp-json\/wp\/v2\/pages\/12150\/revisions"}],"predecessor-version":[{"id":49179,"href":"https:\/\/kingjohnscastle.ie\/ga\/wp-json\/wp\/v2\/pages\/12150\/revisions\/49179"}],"wp:attachment":[{"href":"https:\/\/kingjohnscastle.ie\/ga\/wp-json\/wp\/v2\/media?parent=12150"}],"curies":[{"name":"wp","href":"https:\/\/api.w.org\/{rel}","templated":true}]}}