{"id":12158,"date":"2022-03-26T15:33:06","date_gmt":"2022-03-26T15:33:06","guid":{"rendered":"https:\/\/kingjohnscastle.ie\/fianain\/"},"modified":"2022-04-21T12:21:22","modified_gmt":"2022-04-21T12:21:22","slug":"fianain","status":"publish","type":"page","link":"https:\/\/kingjohnscastle.ie\/ga\/fianain\/","title":{"rendered":"Fian\u00e1in"},"content":{"rendered":"\t\t<div data-elementor-type=\"wp-page\" data-elementor-id=\"12158\" class=\"elementor elementor-12158 elementor-10353\" data-elementor-post-type=\"page\">\n\t\t\t\t\t\t<section class=\"elementor-section elementor-top-section elementor-element elementor-element-3458a8ae elementor-section-stretched elementor-section-content-middle elementor-section-boxed elementor-section-height-default elementor-section-height-default\" data-id=\"3458a8ae\" data-element_type=\"section\" data-e-type=\"section\" data-settings=\"{&quot;stretch_section&quot;:&quot;section-stretched&quot;,&quot;background_background&quot;:&quot;classic&quot;}\">\n\t\t\t\t\t\t\t<div class=\"elementor-background-overlay\"><\/div>\n\t\t\t\t\t\t\t<div class=\"elementor-container elementor-column-gap-default\">\n\t\t\t\t\t<div class=\"elementor-column elementor-col-100 elementor-top-column elementor-element elementor-element-66c38f47\" data-id=\"66c38f47\" data-element_type=\"column\" data-e-type=\"column\">\n\t\t\t<div class=\"elementor-widget-wrap elementor-element-populated\">\n\t\t\t\t\t\t<div class=\"elementor-element elementor-element-65026e8c elementor-widget elementor-widget-heading\" data-id=\"65026e8c\" data-element_type=\"widget\" data-e-type=\"widget\" data-widget_type=\"heading.default\">\n\t\t\t\t<div class=\"elementor-widget-container\">\n\t\t\t\t\t<h1 class=\"elementor-heading-title elementor-size-default\">Caisle\u00e1n R\u00ed Eoin<\/h1>\t\t\t\t<\/div>\n\t\t\t\t<\/div>\n\t\t\t\t\t<\/div>\n\t\t<\/div>\n\t\t\t\t\t<\/div>\n\t\t<\/section>\n\t\t\t\t<section class=\"elementor-section elementor-top-section elementor-element elementor-element-226b6d59 elementor-section-boxed elementor-section-height-default elementor-section-height-default\" data-id=\"226b6d59\" data-element_type=\"section\" data-e-type=\"section\">\n\t\t\t\t\t\t<div class=\"elementor-container elementor-column-gap-default\">\n\t\t\t\t\t<div class=\"elementor-column elementor-col-100 elementor-top-column elementor-element elementor-element-431960ec\" data-id=\"431960ec\" data-element_type=\"column\" data-e-type=\"column\">\n\t\t\t<div class=\"elementor-widget-wrap elementor-element-populated\">\n\t\t\t\t\t\t<div class=\"elementor-element elementor-element-19fd17e9 elementor-widget elementor-widget-heading\" data-id=\"19fd17e9\" data-element_type=\"widget\" data-e-type=\"widget\" data-widget_type=\"heading.default\">\n\t\t\t\t<div class=\"elementor-widget-container\">\n\t\t\t\t\t<h2 class=\"elementor-heading-title elementor-size-default\">Fian\u00e1in<\/h2>\t\t\t\t<\/div>\n\t\t\t\t<\/div>\n\t\t\t\t\t<\/div>\n\t\t<\/div>\n\t\t\t\t\t<\/div>\n\t\t<\/section>\n\t\t\t\t<section class=\"elementor-section elementor-top-section elementor-element elementor-element-47d58ff1 elementor-section-boxed elementor-section-height-default elementor-section-height-default\" data-id=\"47d58ff1\" data-element_type=\"section\" data-e-type=\"section\">\n\t\t\t\t\t\t<div class=\"elementor-container elementor-column-gap-default\">\n\t\t\t\t\t<div class=\"elementor-column elementor-col-100 elementor-top-column elementor-element elementor-element-159e7986\" data-id=\"159e7986\" data-element_type=\"column\" data-e-type=\"column\">\n\t\t\t<div class=\"elementor-widget-wrap elementor-element-populated\">\n\t\t\t\t\t\t<div class=\"elementor-element elementor-element-7142afc4 elementor-widget elementor-widget-text-editor\" data-id=\"7142afc4\" data-element_type=\"widget\" data-e-type=\"widget\" data-widget_type=\"text-editor.default\">\n\t\t\t\t<div class=\"elementor-widget-container\">\n\t\t\t\t\t\t\t\t\t<p style=\"font-weight: 400;\">Is gearrth\u00f3ga beaga sonra\u00ed iad fian\u00e1in a fh\u00e9adfaidh su\u00edomh Gr\u00e9as\u00e1in a st\u00f3r\u00e1il ar do r\u00edomhaire chun buneolas a thaifeadadh, mar shainroghanna cuairteoir\u00ed. \u00das\u00e1idtear fian\u00e1in chun patr\u00fain \u00fas\u00e1ide, treochta\u00ed tr\u00e1chta agus iompar cuairteoir\u00ed a rian\u00fa. \u00das\u00e1ideann feidhmchl\u00e1ir ar l\u00edne uaireanta iad freisin chun feidhmi\u00falacht an \u00fas\u00e1ideora a fheabhs\u00fa.<\/p><p style=\"font-weight: 400;\">Tabhair faoi deara, le do thoil, tr\u00ed \u00fas\u00e1id a bhaint as \u00e1r l\u00e1ithre\u00e1in ghr\u00e9as\u00e1in, go nglacann t\u00fa le t\u00e9arma\u00ed an bheartais Pr\u00edobh\u00e1ideachta agus Fian\u00e1n seo. F\u00e9adfaidh t\u00fa an rogha a dh\u00e9anamh do bhrabhs\u00e1la\u00ed a shocr\u00fa chun fian\u00e1in a dhi\u00falt\u00fa \u00f3 aon cheann d\u00e1r l\u00e1ithre\u00e1in ghr\u00e9as\u00e1in ach mar thoradh air sin, d&#8217;fh\u00e9adfadh go gcaillfidh t\u00fa roinnt feidhmi\u00falacht n\u00f3 gn\u00e9ithe den su\u00edomh Gr\u00e9as\u00e1in. Is f\u00e9idir tuilleadh faisn\u00e9ise faoi fhian\u00e1in agus sonra\u00ed faoi conas iad a bhainisti\u00fa n\u00f3 a dh\u00edchumas\u00fa a fh\u00e1il ar www.aboutcookies.org.<\/p><p style=\"font-weight: 400;\">Nuair a thugann t\u00fa cuairt ar cheann de na su\u00edomhanna Gr\u00e9as\u00e1in ar le Discover Limerick DAC iad, is f\u00e9idir na cine\u00e1lacha fian\u00e1in seo a leanas a shocr\u00fa ar do ghl\u00e9as.<\/p><ul><li style=\"font-weight: 400;\">Fian\u00e1in feidhm\u00edochta<\/li><li style=\"font-weight: 400;\">\u00das\u00e1idtear na fian\u00e1in seo chun faisn\u00e9is staitisti\u00fail a bhaili\u00fa faoi chuairteoir\u00ed ar an su\u00edomh Gr\u00e9as\u00e1in agus na leathanaigh a bhfeiceann siad. N\u00ed bhail\u00edonn na fian\u00e1in seo faisn\u00e9is a shainaithn\u00edonn cuairteoir. D\u00e9antar an fhaisn\u00e9is go l\u00e9ir a bhail\u00edtear a chomhioml\u00e1n\u00fa agus a \u00fas\u00e1id gan ainm. Bainimid \u00fas\u00e1id as na fian\u00e1in seo chun tuiscint a fh\u00e1il ar an \u00e1bhar a bhfuil t\u00f3ir air a chuid\u00edonn linn \u00e1r su\u00edomh Gr\u00e9as\u00e1in a fheabhs\u00fa.<\/li><li style=\"font-weight: 400;\">Bainimid \u00fas\u00e1id as &#8216;Google Analytics&#8217; chun an tseirbh\u00eds seo a shol\u00e1thar, ar seirbh\u00eds anail\u00edse \u00ed a shol\u00e1thra\u00edonn Google, Inc. (\u201cGoogle\u201d). Tarchuirtear an fhaisn\u00e9is at\u00e1 st\u00f3r\u00e1ilte san fhian\u00e1n chuig Google agus st\u00f3r\u00e1iltear \u00ed ar fhreastalaithe sna St\u00e1it Aontaithe agus ansin \u00fas\u00e1idtear \u00ed chun \u00fas\u00e1id na gcuairteoir\u00ed ar \u00e1r su\u00edomh Gr\u00e9as\u00e1in a mheas agus chun tuarasc\u00e1lacha staitisti\u00fala a thioms\u00fa d\u00fainn ar ghn\u00edomha\u00edocht an tsu\u00edmh Ghr\u00e9as\u00e1in. Is f\u00e9idir leat tuilleadh eolais a fh\u00e1il faoi \u2018Google Analytics\u2019 anseo. T\u00e1 tuilleadh faisn\u00e9ise ar \u2018Google Analytics\u2019, lena n-\u00e1ir\u00edtear conas tarraingt as, ar f\u00e1il anseo freisin ag an L\u00e1rionad Cabhrach \u2018Google Analytics\u2019.<\/li><li style=\"font-weight: 400;\">Fian\u00e1in fheidhmi\u00fala<\/li><li style=\"font-weight: 400;\">Ligeann na fian\u00e1in seo don su\u00edomh Gr\u00e9as\u00e1in cuimhneamh ar na roghanna a dh\u00e9anann t\u00fa agus cuireann s\u00e9 gn\u00e9ithe feabhsaithe agus n\u00edos pearsanta ar f\u00e1il.<\/li><li style=\"font-weight: 400;\">Fian\u00e1in tr\u00ed\u00fa p\u00e1irt\u00ed eile<\/li><li style=\"font-weight: 400;\">N\u00ed bhaineann roinnt fian\u00e1in at\u00e1 socraithe ar \u00e1r l\u00e1ithre\u00e1in ghr\u00e9as\u00e1in le Discover Limerick n\u00f3 len\u00e1r gcomhph\u00e1irtithe. Nuair a thugann t\u00fa cuairt ar leathanach a bhfuil \u00e1bhar leabaithe \u00f3, mar shampla, YouTube n\u00f3 Facebook, f\u00e9adfaidh na sol\u00e1thraithe seirbh\u00edse seo a bhfian\u00e1n f\u00e9in a shocr\u00fa ar do bhrabhs\u00e1la\u00ed gr\u00e9as\u00e1in. N\u00ed rialaimid \u00fas\u00e1id na bhfian\u00e1n seo agus n\u00ed f\u00e9idir linn rochtain a fh\u00e1il orthu mar gheall ar an mbealach a n-oibr\u00edonn fian\u00e1in, mar n\u00ed f\u00e9idir ach le fian\u00e1in a rochtain ag an bp\u00e1irt\u00ed a shocraigh iad ar dt\u00fas. Ba cheart duit na l\u00e1ithre\u00e1in ghr\u00e9as\u00e1in tr\u00ed\u00fa p\u00e1irt\u00ed a sheice\u00e1il le haghaidh tuilleadh faisn\u00e9ise f\u00fathu seo<\/li><\/ul><p style=\"font-weight: 400;\">Liosta Fian\u00e1n<\/p><p style=\"font-weight: 400;\">Is \u00e9ard is fian\u00e1n ann n\u00e1 p\u00edosa beag sonra\u00ed (t\u00e9acschomhad) a iarrann su\u00edomh Gr\u00e9as\u00e1in \u2013 nuair a thugann \u00fas\u00e1ideoir cuairt air \u2013 ar do bhrabhs\u00e1la\u00ed \u00e9 a st\u00f3r\u00e1il ar do ghl\u00e9as chun faisn\u00e9is f\u00fat a mheabhr\u00fa, mar do rogha teanga n\u00f3 faisn\u00e9is log\u00e1il isteach. Socra\u00edonn muid na fian\u00e1in sin agus tugtar fian\u00e1in c\u00e9adph\u00e1irt\u00ed orthu. Bainimid \u00fas\u00e1id freisin as fian\u00e1in tr\u00ed\u00fa p\u00e1irt\u00ed &#8211; ar fian\u00e1in iad \u00f3 fhearann \u200b\u200bat\u00e1 difri\u00fail \u00f3 fhearann \u200b\u200b\u200b\u200ban tsu\u00edmh Ghr\u00e9as\u00e1in a bhfuil t\u00fa ag tabhairt cuairte air &#8211; le haghaidh \u00e1r n-iarrachta\u00ed f\u00f3gra\u00edochta agus marga\u00edochta. Go sonrach, \u00fas\u00e1idimid fian\u00e1in agus teicneola\u00edochta\u00ed rianaithe eile chun na cr\u00edocha seo a leanas:<\/p><p style=\"font-weight: 400;\">\u00a0<\/p><p style=\"font-weight: 400;\">Fian\u00e1in a bhfuil g\u00e9argh\u00e1 leo<\/p><p style=\"font-weight: 400;\">T\u00e1 na fian\u00e1in seo riachtanach le go bhfeidhmeoidh an su\u00edomh Gr\u00e9as\u00e1in agus n\u00ed f\u00e9idir iad a mh\u00fachadh in\u00e1r gc\u00f3rais. De ghn\u00e1th n\u00ed bh\u00edonn siad leagtha s\u00edos ach mar fhreagra ar ghn\u00edomhartha a dh\u00e9anann t\u00fa arb ionann iad agus iarratas ar sheirbh\u00eds\u00ed, mar shampla do shainroghanna pr\u00edobh\u00e1ideachais a shocr\u00fa, log\u00e1il isteach n\u00f3 foirmeacha a l\u00edonadh. Is f\u00e9idir leat do bhrabhs\u00e1la\u00ed a shocr\u00fa chun na fian\u00e1in seo a bhloc\u00e1il n\u00f3 chun fol\u00e1ireamh a thabhairt duit faoi na fian\u00e1in seo, ach n\u00ed oibreoidh codanna \u00e1irithe den l\u00e1ithre\u00e1n ansin. N\u00ed st\u00f3r\u00e1lann na fian\u00e1in seo aon fhaisn\u00e9is inaitheanta phearsanta.<\/p><p style=\"font-weight: 400;\">\u00a0<\/p><p style=\"font-weight: 400;\">\u00a0<\/p><p style=\"font-weight: 400;\">Fian\u00e1in Feidhm\u00edochta<\/p><p style=\"font-weight: 400;\">Ligeann na fian\u00e1in seo d\u00fainn cuairteanna agus foins\u00ed tr\u00e1chta a chomhaireamh ionas gur f\u00e9idir linn feidhm\u00edocht \u00e1r l\u00e1ithre\u00e1in a thomhas agus a fheabhs\u00fa. Cabhra\u00edonn siad linn a fh\u00e1il amach c\u00e9 na leathanaigh is m\u00f3 agus is l\u00fa t\u00f3ir agus f\u00e9achann siad conas a ghluaiseann cuairteoir\u00ed timpeall an tsu\u00edmh. T\u00e1 an fhaisn\u00e9is go l\u00e9ir a bhail\u00edonn na fian\u00e1in seo comhioml\u00e1n agus d\u00e1 bhr\u00ed sin gan ainm. Mura gceada\u00edonn t\u00fa na fian\u00e1in seo n\u00ed bheidh a fhios againn nuair a thug t\u00fa cuairt ar \u00e1r l\u00e1ithre\u00e1n agus n\u00ed bheidh muid in ann monat\u00f3ireacht a dh\u00e9anamh ar a fheidhm\u00edocht.<\/p><p style=\"font-weight: 400;\">\u00a0<\/p><p style=\"font-weight: 400;\">Fian\u00e1in D\u00edrithe<\/p><p style=\"font-weight: 400;\">F\u00e9adfaidh \u00e1r gcomhph\u00e1irtithe f\u00f3gra\u00edochta na fian\u00e1in seo a shocr\u00fa tr\u00edd \u00e1r su\u00edomh. F\u00e9adfaidh na cuideachta\u00ed sin iad a \u00fas\u00e1id chun pr\u00f3if\u00edl de do leasanna a chruth\u00fa agus chun f\u00f3gra\u00ed \u00e1bhartha a thaispe\u00e1int duit ar shu\u00edomhanna eile. N\u00ed st\u00f3r\u00e1lann siad faisn\u00e9is phearsanta go d\u00edreach ach t\u00e1 siad bunaithe ar do bhrabhs\u00e1la\u00ed agus do ghl\u00e9as idirl\u00edn a shainaithint go huath\u00fail. Mura gceada\u00edonn t\u00fa na fian\u00e1in seo, gheobhaidh t\u00fa taith\u00ed ar fh\u00f3gra\u00edocht n\u00edos l\u00fa spriocdh\u00edrithe.<\/p>\t\t\t\t\t\t\t\t<\/div>\n\t\t\t\t<\/div>\n\t\t\t\t\t<\/div>\n\t\t<\/div>\n\t\t\t\t\t<\/div>\n\t\t<\/section>\n\t\t\t\t<\/div>\n\t\t","protected":false},"excerpt":{"rendered":"<p>Caisle\u00e1n R\u00ed Eoin Fian\u00e1in Is gearrth\u00f3ga beaga sonra\u00ed iad fian\u00e1in a fh\u00e9adfaidh su\u00edomh Gr\u00e9as\u00e1in a st\u00f3r\u00e1il ar do r\u00edomhaire chun buneolas a thaifeadadh, mar shainroghanna cuairteoir\u00ed. \u00das\u00e1idtear fian\u00e1in chun patr\u00fain \u00fas\u00e1ide, treochta\u00ed tr\u00e1chta agus iompar cuairteoir\u00ed a rian\u00fa. \u00das\u00e1ideann feidhmchl\u00e1ir ar l\u00edne uaireanta iad freisin chun feidhmi\u00falacht an \u00fas\u00e1ideora a fheabhs\u00fa. Tabhair faoi deara, le [&hellip;]<\/p>\n","protected":false},"author":1,"featured_media":0,"parent":0,"menu_order":0,"comment_status":"closed","ping_status":"closed","template":"","meta":{"footnotes":""},"class_list":["post-12158","page","type-page","status-publish","hentry"],"_links":{"self":[{"href":"https:\/\/kingjohnscastle.ie\/ga\/wp-json\/wp\/v2\/pages\/12158","targetHints":{"allow":["GET"]}}],"collection":[{"href":"https:\/\/kingjohnscastle.ie\/ga\/wp-json\/wp\/v2\/pages"}],"about":[{"href":"https:\/\/kingjohnscastle.ie\/ga\/wp-json\/wp\/v2\/types\/page"}],"author":[{"embeddable":true,"href":"https:\/\/kingjohnscastle.ie\/ga\/wp-json\/wp\/v2\/users\/1"}],"replies":[{"embeddable":true,"href":"https:\/\/kingjohnscastle.ie\/ga\/wp-json\/wp\/v2\/comments?post=12158"}],"version-history":[{"count":4,"href":"https:\/\/kingjohnscastle.ie\/ga\/wp-json\/wp\/v2\/pages\/12158\/revisions"}],"predecessor-version":[{"id":12162,"href":"https:\/\/kingjohnscastle.ie\/ga\/wp-json\/wp\/v2\/pages\/12158\/revisions\/12162"}],"wp:attachment":[{"href":"https:\/\/kingjohnscastle.ie\/ga\/wp-json\/wp\/v2\/media?parent=12158"}],"curies":[{"name":"wp","href":"https:\/\/api.w.org\/{rel}","templated":true}]}}