{"id":12163,"date":"2022-03-26T15:36:44","date_gmt":"2022-03-26T15:36:44","guid":{"rendered":"https:\/\/kingjohnscastle.ie\/dli-corparaideach\/"},"modified":"2022-04-21T12:25:31","modified_gmt":"2022-04-21T12:25:31","slug":"dli-corparaideach","status":"publish","type":"page","link":"https:\/\/kingjohnscastle.ie\/ga\/dli-corparaideach\/","title":{"rendered":"Dl\u00ed &amp; Corpar\u00e1ideach"},"content":{"rendered":"\t\t<div data-elementor-type=\"wp-page\" data-elementor-id=\"12163\" class=\"elementor elementor-12163 elementor-10363\" data-elementor-post-type=\"page\">\n\t\t\t\t\t\t<section class=\"elementor-section elementor-top-section elementor-element elementor-element-66231e37 elementor-section-stretched elementor-section-content-middle elementor-section-boxed elementor-section-height-default elementor-section-height-default\" data-id=\"66231e37\" data-element_type=\"section\" data-e-type=\"section\" data-settings=\"{&quot;stretch_section&quot;:&quot;section-stretched&quot;,&quot;background_background&quot;:&quot;classic&quot;}\">\n\t\t\t\t\t\t\t<div class=\"elementor-background-overlay\"><\/div>\n\t\t\t\t\t\t\t<div class=\"elementor-container elementor-column-gap-default\">\n\t\t\t\t\t<div class=\"elementor-column elementor-col-100 elementor-top-column elementor-element elementor-element-6a7503bc\" data-id=\"6a7503bc\" data-element_type=\"column\" data-e-type=\"column\">\n\t\t\t<div class=\"elementor-widget-wrap elementor-element-populated\">\n\t\t\t\t\t\t<div class=\"elementor-element elementor-element-2c620157 elementor-widget elementor-widget-heading\" data-id=\"2c620157\" data-element_type=\"widget\" data-e-type=\"widget\" data-widget_type=\"heading.default\">\n\t\t\t\t<div class=\"elementor-widget-container\">\n\t\t\t\t\t<h1 class=\"elementor-heading-title elementor-size-default\">Caisle\u00e1n R\u00ed Eoin<\/h1>\t\t\t\t<\/div>\n\t\t\t\t<\/div>\n\t\t\t\t\t<\/div>\n\t\t<\/div>\n\t\t\t\t\t<\/div>\n\t\t<\/section>\n\t\t\t\t<section class=\"elementor-section elementor-top-section elementor-element elementor-element-5a1e2676 elementor-section-boxed elementor-section-height-default elementor-section-height-default\" data-id=\"5a1e2676\" data-element_type=\"section\" data-e-type=\"section\">\n\t\t\t\t\t\t<div class=\"elementor-container elementor-column-gap-default\">\n\t\t\t\t\t<div class=\"elementor-column elementor-col-100 elementor-top-column elementor-element elementor-element-39d078c6\" data-id=\"39d078c6\" data-element_type=\"column\" data-e-type=\"column\">\n\t\t\t<div class=\"elementor-widget-wrap elementor-element-populated\">\n\t\t\t\t\t\t<div class=\"elementor-element elementor-element-469f66dc elementor-widget elementor-widget-heading\" data-id=\"469f66dc\" data-element_type=\"widget\" data-e-type=\"widget\" data-widget_type=\"heading.default\">\n\t\t\t\t<div class=\"elementor-widget-container\">\n\t\t\t\t\t<h2 class=\"elementor-heading-title elementor-size-default\">Dl\u00ed &amp; Corpar\u00e1ideach<\/h2>\t\t\t\t<\/div>\n\t\t\t\t<\/div>\n\t\t\t\t\t<\/div>\n\t\t<\/div>\n\t\t\t\t\t<\/div>\n\t\t<\/section>\n\t\t\t\t<section class=\"elementor-section elementor-top-section elementor-element elementor-element-12c5b5bd elementor-section-boxed elementor-section-height-default elementor-section-height-default\" data-id=\"12c5b5bd\" data-element_type=\"section\" data-e-type=\"section\">\n\t\t\t\t\t\t<div class=\"elementor-container elementor-column-gap-default\">\n\t\t\t\t\t<div class=\"elementor-column elementor-col-100 elementor-top-column elementor-element elementor-element-4dd1cd02\" data-id=\"4dd1cd02\" data-element_type=\"column\" data-e-type=\"column\">\n\t\t\t<div class=\"elementor-widget-wrap elementor-element-populated\">\n\t\t\t\t\t\t<div class=\"elementor-element elementor-element-7e007b45 elementor-widget elementor-widget-text-editor\" data-id=\"7e007b45\" data-element_type=\"widget\" data-e-type=\"widget\" data-widget_type=\"text-editor.default\">\n\t\t\t\t<div class=\"elementor-widget-container\">\n\t\t\t\t\t\t\t\t\t<p style=\"font-weight: 400;\">Beartas Pr\u00edobh\u00e1ideachta agus Fian\u00e1n<\/p><ol><li style=\"font-weight: 400;\">R\u00e9amhr\u00e1<\/li><\/ol><p style=\"font-weight: 400;\">T\u00e1 meas ioml\u00e1n ag Discover Limerick ar do cheart chun pr\u00edobh\u00e1ideachta agus f\u00e9achann s\u00e9 go gn\u00edomhach le cearta pr\u00edobh\u00e1ideachais na ndaoine a roinneann faisn\u00e9is leis an nGr\u00fapa a chaomhn\u00fa de r\u00e9ir an Rialach\u00e1in Ghinear\u00e1lta ar Chosaint Sonra\u00ed (AE 2016\/679) (\u201cGDPR\u201d) agus pr\u00edobh\u00e1ideachas n\u00e1isi\u00fanta agus Eorpach eile is infheidhme. reachta\u00edocht agus rialach\u00e1in (\u201cDl\u00ed um Chosaint Sonra\u00ed\u201d).<\/p><p style=\"font-weight: 400;\">Cialla\u00edonn Discover Limerick Discover Limerick DAC.<\/p><p style=\"font-weight: 400;\">Baineann an Beartas Pr\u00edobh\u00e1ideachta agus Fian\u00e1n seo le gach fearann \u200b\u200bagus su\u00edomh Gr\u00e9as\u00e1in ar le Discover Limerick DAC \u00e9. T\u00e1 aon naisc sheachtracha chuig l\u00e1ithre\u00e1in ghr\u00e9as\u00e1in eile inaitheanta go soil\u00e9ir mar sin agus n\u00edlimid freagrach as \u00e1bhar n\u00f3 as polasaithe pr\u00edobh\u00e1ideachais na su\u00edomhanna gr\u00e9as\u00e1in tr\u00ed\u00fa p\u00e1irt\u00ed seo.<\/p><ol start=\"2\"><li style=\"font-weight: 400;\">Cine\u00e1lacha faisn\u00e9ise a bhail\u00edtear<\/li><\/ol><p style=\"font-weight: 400;\">\u201cSonra\u00ed Pearsanta\u201d<\/p><p style=\"font-weight: 400;\">Is sonra\u00ed iad seo is f\u00e9idir a \u00fas\u00e1id chun t\u00fa a aithint go d\u00edreach agus d\u2019fh\u00e9adfadh d\u2019ainm, seoladh, uimhir theileaf\u00f3in, seoladh r\u00edomhphoist, seoladh IP n\u00f3 uimhir do ch\u00e1rta creidmheasa a bheith san \u00e1ireamh. N\u00ed bhail\u00edtear faisn\u00e9is den s\u00f3rt sin uait ach amh\u00e1in nuair a thugann t\u00fa f\u00e9in \u00ed go deonach; mar shampla tr\u00ed r\u00edomhphost a sheoladh chugainn.<\/p><p style=\"font-weight: 400;\">\u201cSonra\u00ed Neamhphearsanta\u201d<\/p><p style=\"font-weight: 400;\">Is sonra\u00ed iad seo a bhaineann le feidhmi\u00fa \u00e1r su\u00edomhanna Gr\u00e9as\u00e1in agus nach bhfuil baint acu le haon aitheantas pearsanta ar leith. Cos\u00fail le go leor su\u00edomhanna gr\u00e9as\u00e1in eile bail\u00edmid faisn\u00e9is staitisti\u00fail agus anail\u00edseach a bhaineann len\u00e1r gcuairteoir\u00ed l\u00e1ithre\u00e1n gr\u00e9as\u00e1in agus conas a \u00fas\u00e1ideann siad \u00e1r l\u00e1ithre\u00e1in ghr\u00e9as\u00e1in. I measc sampla\u00ed de shonra\u00ed neamhphearsanta d\u00e1 leith\u00e9id t\u00e1 na leathanaigh ar tugadh cuairt orthu ar \u00e1r su\u00edomhanna Gr\u00e9as\u00e1in, cine\u00e1lacha brabhs\u00e1la\u00ed gr\u00e9as\u00e1in n\u00f3 URLanna uath\u00fala ar tugadh cuairt orthu laistigh d\u00e1r su\u00edomhanna Gr\u00e9as\u00e1in.<\/p><ol start=\"3\"><li style=\"font-weight: 400;\">Conas a \u00fas\u00e1ideann Discover Limerick DAC do chuid faisn\u00e9ise?<\/li><\/ol><p style=\"font-weight: 400;\">\u201cSonra\u00ed Pearsanta\u201d<\/p><p style=\"font-weight: 400;\">Pr\u00f3ise\u00e1lfaidh Discover Limerick DAC aon sonra\u00ed pearsanta a roinneann t\u00fa linn mar seo a leanas:<\/p><p style=\"font-weight: 400;\">(a) Na hearra\u00ed n\u00f3 na seirbh\u00eds\u00ed a d\u2019iarr t\u00fa go sonrach a shol\u00e1thar duit, n\u00f3;<\/p><p style=\"font-weight: 400;\">(b) Chun teagmh\u00e1il a dh\u00e9anamh leat, m\u00e1s g\u00e1, maidir le do chumars\u00e1id n\u00f3 ord\u00fa n\u00f3 chun freagra a thabhairt ar aon chumars\u00e1id eile a fh\u00e9adfaidh t\u00fa a chur chugainn.<\/p><p style=\"font-weight: 400;\">\u201cSonra\u00ed Neamhphearsanta\u201d<\/p><p style=\"font-weight: 400;\">Bainimid \u00fas\u00e1id as na sonra\u00ed neamhphearsanta a bhail\u00edtear \u00f3n\u00e1r l\u00e1ithre\u00e1in Ghr\u00e9as\u00e1in i bhfoirm chomhioml\u00e1n chun in\u00fas\u00e1idteacht, feidhm\u00edocht agus \u00e9ifeachtacht \u00e1r l\u00e1ithre\u00e1in ghr\u00e9as\u00e1in a thuairisci\u00fa agus chun tuiscint n\u00edos fearr a fh\u00e1il ar cad as a dtagann \u00e1r gcuairteoir\u00ed.<\/p><p style=\"font-weight: 400;\">\u00a0<\/p><ol start=\"4\"><li style=\"font-weight: 400;\">C\u00e9 leis a roinneann Discover Limerick DAC do shonra\u00ed?<\/li><\/ol><p style=\"font-weight: 400;\">N\u00ed nochtfaimid do shonra\u00ed pearsanta do thr\u00ed\u00fa p\u00e1irtithe, lasmuigh de Discover Limerick DAC, ach amh\u00e1in m\u00e1 thoiligh t\u00fa leis an nochtadh seo n\u00f3 mura gceangla\u00edtear ar an tr\u00ed\u00fa p\u00e1irt\u00ed d\u2019ord\u00fa a chomhl\u00edonadh (i gc\u00fains\u00ed den s\u00f3rt sin, t\u00e1 an tr\u00ed\u00fa p\u00e1irt\u00ed faoi cheangal ag ceanglais chosanta sonra\u00ed comhchos\u00fala ). Nochtfaimid do shonra\u00ed pearsanta m\u00e1 chreidimid de mheon mac\u00e1nta go gceangla\u00edtear orainn iad a nochtadh chun aon dl\u00ed infheidhme, toghairm, bar\u00e1ntas cuardaigh, c\u00fairt n\u00f3 ord\u00fa rialaitheach, n\u00f3 ceanglas reacht\u00fail eile a chomhl\u00edonadh. Agus na haistrithe seo \u00e1 nd\u00e9anamh againn, d\u00e9anfaimid bearta chun a chinnti\u00fa go nd\u00e9antar do Shonra\u00ed Pearsanta a chosaint go leordh\u00f3thanach agus a aistri\u00fa de r\u00e9ir cheanglais an Dl\u00ed um Chosaint Sonra\u00ed. D\u2019fh\u00e9adfadh go n-\u00fas\u00e1idf\u00ed comhaontuithe aistrithe sonra\u00ed san fhoirm at\u00e1 formheasta ag an gCoimisi\u00fan Eorpach n\u00f3 meicn\u00edocht eile a aithn\u00edtear sa dl\u00ed um chosaint sonra\u00ed mar sh\u00e1sra eile a \u00e1irith\u00edonn leibh\u00e9al leordh\u00f3thanach cosanta do Shonra\u00ed Pearsanta a aistr\u00edtear lasmuigh den LEE (mar shampla, cl\u00e1sail chaighde\u00e1nacha chonarthacha) a bheith i gceist leis sin.<\/p><p style=\"font-weight: 400;\">F\u00e9adfaimid sonra\u00ed neamhphearsanta a shol\u00e1thar do thr\u00ed\u00fa p\u00e1irtithe, i gc\u00e1s ina gcuirtear faisn\u00e9is den s\u00f3rt sin le ch\u00e9ile le faisn\u00e9is chomhchos\u00fail \u00f3 \u00fas\u00e1ideoir\u00ed eile \u00e1r l\u00e1ithre\u00e1n. D\u2019fh\u00e9adfadh go n-\u00e1ireofa\u00ed ar na tr\u00ed\u00fa p\u00e1irtithe a bhf\u00e9adfaimid an fhaisn\u00e9is seo a shol\u00e1thar d\u00f3ibh, f\u00f3gr\u00f3ir\u00ed ionchasacha n\u00f3 iarbh\u00edr, sol\u00e1thraithe seirbh\u00eds\u00ed f\u00f3gra\u00edochta (lena n-\u00e1ir\u00edtear seirbh\u00eds\u00ed rianaithe l\u00e1ithre\u00e1n gr\u00e9as\u00e1in), comhph\u00e1irtithe tr\u00e1cht\u00e1la, urraitheoir\u00ed, cead\u00fanaithe, taighdeoir\u00ed agus p\u00e1irtithe eile d\u00e1 samhail.<\/p><p style=\"font-weight: 400;\">\u00a0<\/p><p style=\"font-weight: 400;\">\u00a05\u00das\u00e1id Fian\u00e1n<\/p><p style=\"font-weight: 400;\">Is gearrth\u00f3ga beaga sonra\u00ed iad fian\u00e1in a fh\u00e9adfaidh su\u00edomh Gr\u00e9as\u00e1in a st\u00f3r\u00e1il ar do r\u00edomhaire chun buneolas a thaifeadadh, mar shainroghanna cuairteoir\u00ed. \u00das\u00e1idtear fian\u00e1in chun patr\u00fain \u00fas\u00e1ide, treochta\u00ed tr\u00e1chta agus iompar cuairteoir\u00ed a rian\u00fa. \u00das\u00e1ideann feidhmchl\u00e1ir ar l\u00edne uaireanta iad freisin chun feidhmi\u00falacht an \u00fas\u00e1ideora a fheabhs\u00fa.<\/p><p style=\"font-weight: 400;\">Tabhair faoi deara, le do thoil, tr\u00ed \u00fas\u00e1id a bhaint as \u00e1r l\u00e1ithre\u00e1in ghr\u00e9as\u00e1in, go nglacann t\u00fa le t\u00e9arma\u00ed an bheartais Pr\u00edobh\u00e1ideachta agus Fian\u00e1n seo. F\u00e9adfaidh t\u00fa an rogha a dh\u00e9anamh do bhrabhs\u00e1la\u00ed a shocr\u00fa chun fian\u00e1in a dhi\u00falt\u00fa \u00f3 aon cheann d\u00e1r l\u00e1ithre\u00e1in ghr\u00e9as\u00e1in ach mar thoradh air sin, d&#8217;fh\u00e9adfadh go gcaillfidh t\u00fa roinnt feidhmi\u00falacht n\u00f3 gn\u00e9ithe den su\u00edomh Gr\u00e9as\u00e1in. Is f\u00e9idir tuilleadh faisn\u00e9ise faoi fhian\u00e1in agus sonra\u00ed faoi conas iad a bhainisti\u00fa n\u00f3 a dh\u00edchumas\u00fa a fh\u00e1il ar www.aboutcookies.org.<\/p><p style=\"font-weight: 400;\">Nuair a thugann t\u00fa cuairt ar cheann de na su\u00edomhanna Gr\u00e9as\u00e1in ar le Discover Limerick DAC iad , is f\u00e9idir na cine\u00e1lacha fian\u00e1in seo a leanas a shocr\u00fa ar do ghl\u00e9as.<\/p><ul><li style=\"font-weight: 400;\">Fian\u00e1in feidhm\u00edochta<\/li><li style=\"font-weight: 400;\">\u00das\u00e1idtear na fian\u00e1in seo chun faisn\u00e9is staitisti\u00fail a bhaili\u00fa faoi chuairteoir\u00ed ar an su\u00edomh Gr\u00e9as\u00e1in agus na leathanaigh a bhfeiceann siad. N\u00ed bhail\u00edonn na fian\u00e1in seo faisn\u00e9is a shainaithn\u00edonn cuairteoir. D\u00e9antar an fhaisn\u00e9is go l\u00e9ir a bhail\u00edtear a chomhioml\u00e1n\u00fa agus a \u00fas\u00e1id gan ainm. Bainimid \u00fas\u00e1id as na fian\u00e1in seo chun tuiscint a fh\u00e1il ar an \u00e1bhar a bhfuil t\u00f3ir air a chuid\u00edonn linn \u00e1r su\u00edomh Gr\u00e9as\u00e1in a fheabhs\u00fa.<\/li><li style=\"font-weight: 400;\">Bainimid \u00fas\u00e1id as &#8216;Google Analytics&#8217; chun an tseirbh\u00eds seo a shol\u00e1thar ar seirbh\u00eds anail\u00edse \u00ed a shol\u00e1thra\u00edonn Google, Inc. (&#8220;Google&#8221;). Tarchuirtear an fhaisn\u00e9is at\u00e1 st\u00f3r\u00e1ilte san fhian\u00e1n chuig Google agus st\u00f3r\u00e1iltear \u00ed ar fhreastalaithe sna St\u00e1it Aontaithe agus ansin \u00fas\u00e1idtear \u00ed chun \u00fas\u00e1id na gcuairteoir\u00ed ar \u00e1r su\u00edomh Gr\u00e9as\u00e1in a mheas agus chun tuarasc\u00e1lacha staitisti\u00fala ar ghn\u00edomha\u00edocht an tsu\u00edmh Ghr\u00e9as\u00e1in a thioms\u00fa d\u00fainn. Is f\u00e9idir leat tuilleadh eolais a fh\u00e1il faoi \u2018Google Analytics\u2019 anseo. T\u00e1 tuilleadh faisn\u00e9ise ar Google Analytics, lena n-\u00e1ir\u00edtear conas tarraingt as, ar f\u00e1il anseo freisin ag an L\u00e1rionad Cabhrach \u2018Google Analytics\u2019.<\/li><li style=\"font-weight: 400;\">Fian\u00e1in fheidhmi\u00fala<\/li><li style=\"font-weight: 400;\">Ligeann na fian\u00e1in seo don su\u00edomh Gr\u00e9as\u00e1in cuimhneamh ar na roghanna a dh\u00e9anann t\u00fa agus cuireann s\u00e9 gn\u00e9ithe feabhsaithe agus n\u00edos pearsanta ar f\u00e1il.<\/li><li style=\"font-weight: 400;\">Fian\u00e1in tr\u00ed\u00fa p\u00e1irt\u00ed eile<\/li><li style=\"font-weight: 400;\">N\u00ed bhaineann roinnt fian\u00e1in at\u00e1 socraithe ar \u00e1r l\u00e1ithre\u00e1in ghr\u00e9as\u00e1in le Discover Limerick n\u00f3 len\u00e1r gcomhph\u00e1irtithe. Nuair a thugann t\u00fa cuairt ar leathanach a bhfuil \u00e1bhar leabaithe \u00f3, mar shampla, YouTube n\u00f3 Facebook, f\u00e9adfaidh na sol\u00e1thraithe seirbh\u00edse seo a bhfian\u00e1n f\u00e9in a shocr\u00fa ar do bhrabhs\u00e1la\u00ed gr\u00e9as\u00e1in. N\u00ed rialaimid \u00fas\u00e1id na bhfian\u00e1n seo agus n\u00ed f\u00e9idir linn rochtain a fh\u00e1il orthu mar gheall ar an mbealach a n-oibr\u00edonn fian\u00e1in, mar n\u00ed f\u00e9idir ach le fian\u00e1in a rochtain ag an bp\u00e1irt\u00ed a shocraigh iad ar dt\u00fas. Ba cheart duit na l\u00e1ithre\u00e1in ghr\u00e9as\u00e1in tr\u00ed\u00fa p\u00e1irt\u00ed a sheice\u00e1il le haghaidh tuilleadh faisn\u00e9ise f\u00fathu seo.<\/li><\/ul><ol start=\"6\"><li style=\"font-weight: 400;\">Pr\u00edobh\u00e1ideacht Leana\u00ed<\/li><\/ol><p style=\"font-weight: 400;\">T\u00e1 Discover Limerick tiomanta do riachtanais phr\u00edobh\u00e1ideachta leana\u00ed a chosaint agus molaimid do thuismitheoir\u00ed agus caomhn\u00f3ir\u00ed r\u00f3l gn\u00edomhach a ghlacadh i ngn\u00edomha\u00edochta\u00ed agus leasanna ar l\u00edne a bp\u00e1ist\u00ed. N\u00ed bhail\u00edonn Discover Limerick go feasach faisn\u00e9is \u00f3 leana\u00ed faoi bhun 16 bliana d\u2019aois tr\u00edna l\u00e1ithre\u00e1in ghr\u00e9as\u00e1in agus n\u00ed dh\u00edr\u00edonn Discover Limerick a shu\u00edomhanna Gr\u00e9as\u00e1in ar leana\u00ed faoi 16 bliana d\u2019aois.<\/p><ol start=\"7\"><li style=\"font-weight: 400;\">Sonra\u00ed Pearsanta a Nuashonr\u00fa, a Fh\u00edor\u00fa agus a Scriosadh<\/li><\/ol><p style=\"font-weight: 400;\">De r\u00e9ir \u00e1r n-oibleag\u00e1id\u00ed faoi na Dl\u00edthe um Chosaint Sonra\u00ed t\u00e1 s\u00e9 de cheart agat c\u00f3ip a fh\u00e1il de na sonra\u00ed pearsanta go l\u00e9ir at\u00e1 againn f\u00fat. T\u00e1 s\u00e9 de cheart agat freisin do shonra\u00ed a bheith ceartaithe, m\u00e1 t\u00e1 siad m\u00edchruinn, n\u00f3 scriosta, mura bhfuil c\u00fais dhlisteanach ag Discover Limerick leis na sonra\u00ed a choinne\u00e1il. Ba cheart aon iarratais rochtana sonra\u00ed d\u00e1 leith\u00e9id a chur isteach tr\u00ed r\u00edomhphost chuig dpo@limerick.ie, n\u00f3 i scr\u00edbhinn chuig an Oifigeach Cosanta Sonra\u00ed, Discover Limerick DAC.<\/p><ol start=\"8\"><li style=\"font-weight: 400;\">Athruithe ar \u00e1r R\u00e1iteas Pr\u00edobh\u00e1ideachta<\/li><\/ol><p style=\"font-weight: 400;\">D\u00e9anaimid athbhreithni\u00fa ar an bPolasa\u00ed Pr\u00edobh\u00e1ideachta seo go rialta agus coime\u00e1daimid an ceart chun athruithe a dh\u00e9anamh ag am ar bith chun athruithe in\u00e1r ngn\u00f3, ceanglais dhl\u00edthi\u00fala, agus an modh ina bpr\u00f3ise\u00e1laimid Sonra\u00ed Pearsanta a chur san \u00e1ireamh. Nuashonra\u00edodh an Polasa\u00ed Pr\u00edobh\u00e1ideachta seo an 28 Bealtaine, 2018. F\u00e9adfaimid athbhreithni\u00fa a dh\u00e9anamh ar an mbeartas seo agus athruithe a dh\u00e9anamh air \u00f3 am go ch\u00e9ile.<\/p><p style=\"font-weight: 400;\">\u00a0<\/p><p style=\"font-weight: 400;\">C\u00f3ipcheart<\/p><p style=\"font-weight: 400;\">T\u00e1 \u00e1bhar ar an su\u00edomh seo cosanta ag c\u00f3ipcheart. T\u00e1 c\u00f3ipcheart ar an \u00e1bhar agus t\u00e1 s\u00e9 faoi \u00fain\u00e9ireacht n\u00f3 cead\u00fanaithe ag Discover Limerick DAC. N\u00edl cead agat athruithe n\u00f3 breisithe a dh\u00e9anamh ar an \u00e1bhar ar an su\u00edomh seo. Is f\u00e9idir \u00e1bhar a \u00edosl\u00f3d\u00e1il n\u00f3 a ch\u00f3ipe\u00e1il le haghaidh \u00fas\u00e1ide pearsanta. N\u00ed m\u00f3r aitheantas cu\u00ed a thabhairt d\u2019\u00fain\u00e9ir an ch\u00f3ipchirt m\u00e1 athfhoils\u00edtear \u00e1bhar i bhform\u00e1id ar bith.<\/p><p style=\"font-weight: 400;\">\u00a0<\/p><p style=\"font-weight: 400;\">S\u00e9anadh<\/p><p style=\"font-weight: 400;\">C\u00e9 go nd\u00e9antar gach iarracht cruinneas na faisn\u00e9ise at\u00e1 ar an l\u00e1ithre\u00e1n seo a chinnti\u00fa, n\u00ed ghlacann Discover Limerick DAC le haon dliteanas as aon mh\u00edchruinneas n\u00f3 aon chaillteanas n\u00f3 dam\u00e1iste a eascra\u00edonn as \u00fas\u00e1id n\u00f3 brath agus\/n\u00f3 scaipeadh faisn\u00e9ise a fhaightear \u00f3n su\u00edomh Gr\u00e9as\u00e1in seo.<\/p><p style=\"font-weight: 400;\">\u00a0<\/p><p style=\"font-weight: 400;\">\u00a0<\/p><p style=\"font-weight: 400;\">\u00a0<\/p>\t\t\t\t\t\t\t\t<\/div>\n\t\t\t\t<\/div>\n\t\t\t\t\t<\/div>\n\t\t<\/div>\n\t\t\t\t\t<\/div>\n\t\t<\/section>\n\t\t\t\t<\/div>\n\t\t","protected":false},"excerpt":{"rendered":"<p>Caisle\u00e1n R\u00ed Eoin Dl\u00ed &amp; Corpar\u00e1ideach Beartas Pr\u00edobh\u00e1ideachta agus Fian\u00e1n R\u00e9amhr\u00e1 T\u00e1 meas ioml\u00e1n ag Discover Limerick ar do cheart chun pr\u00edobh\u00e1ideachta agus f\u00e9achann s\u00e9 go gn\u00edomhach le cearta pr\u00edobh\u00e1ideachais na ndaoine a roinneann faisn\u00e9is leis an nGr\u00fapa a chaomhn\u00fa de r\u00e9ir an Rialach\u00e1in Ghinear\u00e1lta ar Chosaint Sonra\u00ed (AE 2016\/679) (\u201cGDPR\u201d) agus pr\u00edobh\u00e1ideachas n\u00e1isi\u00fanta agus [&hellip;]<\/p>\n","protected":false},"author":1,"featured_media":0,"parent":0,"menu_order":0,"comment_status":"closed","ping_status":"closed","template":"","meta":{"footnotes":""},"class_list":["post-12163","page","type-page","status-publish","hentry"],"_links":{"self":[{"href":"https:\/\/kingjohnscastle.ie\/ga\/wp-json\/wp\/v2\/pages\/12163","targetHints":{"allow":["GET"]}}],"collection":[{"href":"https:\/\/kingjohnscastle.ie\/ga\/wp-json\/wp\/v2\/pages"}],"about":[{"href":"https:\/\/kingjohnscastle.ie\/ga\/wp-json\/wp\/v2\/types\/page"}],"author":[{"embeddable":true,"href":"https:\/\/kingjohnscastle.ie\/ga\/wp-json\/wp\/v2\/users\/1"}],"replies":[{"embeddable":true,"href":"https:\/\/kingjohnscastle.ie\/ga\/wp-json\/wp\/v2\/comments?post=12163"}],"version-history":[{"count":4,"href":"https:\/\/kingjohnscastle.ie\/ga\/wp-json\/wp\/v2\/pages\/12163\/revisions"}],"predecessor-version":[{"id":12167,"href":"https:\/\/kingjohnscastle.ie\/ga\/wp-json\/wp\/v2\/pages\/12163\/revisions\/12167"}],"wp:attachment":[{"href":"https:\/\/kingjohnscastle.ie\/ga\/wp-json\/wp\/v2\/media?parent=12163"}],"curies":[{"name":"wp","href":"https:\/\/api.w.org\/{rel}","templated":true}]}}