{"id":12180,"date":"2022-03-26T15:44:26","date_gmt":"2022-03-26T15:44:26","guid":{"rendered":"https:\/\/kingjohnscastle.ie\/rochtain-fhisiciuil\/"},"modified":"2022-04-21T12:47:17","modified_gmt":"2022-04-21T12:47:17","slug":"rochtain-fhisiciuil","status":"publish","type":"page","link":"https:\/\/kingjohnscastle.ie\/ga\/rochtain-fhisiciuil\/","title":{"rendered":"Rochtain Fhisici\u00fail"},"content":{"rendered":"\t\t<div data-elementor-type=\"wp-page\" data-elementor-id=\"12180\" class=\"elementor elementor-12180 elementor-10378\" data-elementor-post-type=\"page\">\n\t\t\t\t\t\t<section class=\"elementor-section elementor-top-section elementor-element elementor-element-3667e36b elementor-section-stretched elementor-section-content-middle elementor-section-boxed elementor-section-height-default elementor-section-height-default\" data-id=\"3667e36b\" data-element_type=\"section\" data-e-type=\"section\" data-settings=\"{&quot;stretch_section&quot;:&quot;section-stretched&quot;,&quot;background_background&quot;:&quot;classic&quot;}\">\n\t\t\t\t\t\t\t<div class=\"elementor-background-overlay\"><\/div>\n\t\t\t\t\t\t\t<div class=\"elementor-container elementor-column-gap-default\">\n\t\t\t\t\t<div class=\"elementor-column elementor-col-100 elementor-top-column elementor-element elementor-element-283f7bc1\" data-id=\"283f7bc1\" data-element_type=\"column\" data-e-type=\"column\">\n\t\t\t<div class=\"elementor-widget-wrap elementor-element-populated\">\n\t\t\t\t\t\t<div class=\"elementor-element elementor-element-21f9b03c elementor-widget elementor-widget-heading\" data-id=\"21f9b03c\" data-element_type=\"widget\" data-e-type=\"widget\" data-widget_type=\"heading.default\">\n\t\t\t\t<div class=\"elementor-widget-container\">\n\t\t\t\t\t<h1 class=\"elementor-heading-title elementor-size-default\">Caisle\u00e1n R\u00ed Eoin<\/h1>\t\t\t\t<\/div>\n\t\t\t\t<\/div>\n\t\t\t\t\t<\/div>\n\t\t<\/div>\n\t\t\t\t\t<\/div>\n\t\t<\/section>\n\t\t\t\t<section class=\"elementor-section elementor-top-section elementor-element elementor-element-5fa1eff5 elementor-section-boxed elementor-section-height-default elementor-section-height-default\" data-id=\"5fa1eff5\" data-element_type=\"section\" data-e-type=\"section\">\n\t\t\t\t\t\t<div class=\"elementor-container elementor-column-gap-default\">\n\t\t\t\t\t<div class=\"elementor-column elementor-col-100 elementor-top-column elementor-element elementor-element-6cfefe8b\" data-id=\"6cfefe8b\" data-element_type=\"column\" data-e-type=\"column\">\n\t\t\t<div class=\"elementor-widget-wrap elementor-element-populated\">\n\t\t\t\t\t\t<div class=\"elementor-element elementor-element-61d99289 elementor-widget elementor-widget-heading\" data-id=\"61d99289\" data-element_type=\"widget\" data-e-type=\"widget\" data-widget_type=\"heading.default\">\n\t\t\t\t<div class=\"elementor-widget-container\">\n\t\t\t\t\t<h2 class=\"elementor-heading-title elementor-size-default\">Rochtain Fhisici\u00fail<\/h2>\t\t\t\t<\/div>\n\t\t\t\t<\/div>\n\t\t\t\t\t<\/div>\n\t\t<\/div>\n\t\t\t\t\t<\/div>\n\t\t<\/section>\n\t\t\t\t<section class=\"elementor-section elementor-top-section elementor-element elementor-element-62c6766d elementor-section-boxed elementor-section-height-default elementor-section-height-default\" data-id=\"62c6766d\" data-element_type=\"section\" data-e-type=\"section\">\n\t\t\t\t\t\t<div class=\"elementor-container elementor-column-gap-default\">\n\t\t\t\t\t<div class=\"elementor-column elementor-col-100 elementor-top-column elementor-element elementor-element-534b22e5\" data-id=\"534b22e5\" data-element_type=\"column\" data-e-type=\"column\">\n\t\t\t<div class=\"elementor-widget-wrap elementor-element-populated\">\n\t\t\t\t\t\t<div class=\"elementor-element elementor-element-2543b5a1 elementor-widget elementor-widget-text-editor\" data-id=\"2543b5a1\" data-element_type=\"widget\" data-e-type=\"widget\" data-widget_type=\"text-editor.default\">\n\t\t\t\t<div class=\"elementor-widget-container\">\n\t\t\t\t\t\t\t\t\t<p style=\"font-weight: 400;\">Cairt Seirbh\u00edse do Chustaim\u00e9ir\u00ed<\/p><p style=\"font-weight: 400;\">\u00a0<\/p><p style=\"font-weight: 400;\">Is cuideachta bhainist\u00edochta \u00e9 Discover Limerick DAC a oibr\u00edonn raon de Thaitneamhachta\u00ed do Chuairteoir\u00ed Lae agus Siamsa\u00edocht O\u00edche.<\/p><p style=\"font-weight: 400;\">Cinnt\u00edonn na nithe is d\u00edol sp\u00e9ise do Discover Limerick DAC do chuairteoir\u00ed \u00f3 thar lear agus \u00f3 bhaile araon eisp\u00e9ireas i gcuimhne chomh maith le turas\u00f3ireacht a chur chun cinn don r\u00e9igi\u00fan ar fad.<\/p><p style=\"font-weight: 400;\">Is \u00e9 misean Discover Limerick DAC n\u00e1 na nithe is d\u00edol sp\u00e9ise do thuras\u00f3ir\u00ed agus do Siamsa\u00edocht a bhainisti\u00fa ar bhealach at\u00e1 inbhuanaithe \u00f3 thaobh airgeadais de agus ag an am c\u00e9anna cur le tionscal turas\u00f3ireachta ioml\u00e1n an R\u00e9igi\u00fain.<\/p><p style=\"font-weight: 400;\">.<\/p><ul style=\"font-weight: 400;\"><li>San \u00e1ireamh i mbainist\u00edocht an tsu\u00edmh t\u00e1 feidhmi\u00fa asraonta Miond\u00edola agus L\u00f3nad\u00f3ireachta ag an gcuid is m\u00f3 de na tarraingt\u00ed.<\/li><li>Cuireann Discover Limerick DAC F\u00e9ilire Imeachta\u00ed Bliant\u00fail ar f\u00e1il ag na su\u00edomhanna \u00e9ags\u00fala lena n-\u00e1ir\u00edtear m\u00f3rimeachta\u00ed um Nollaig, um Ch\u00e1isc agus um O\u00edche Shamhna.<\/li><li>\u00c1ir\u00edtear le gn\u00edomha\u00edochta\u00ed breise p\u00f3sta\u00ed, Imeachta\u00ed Corpar\u00e1ideacha &amp; Dreasachta, dinn\u00e9ar ceili\u00fartha speisialta, Imeachta\u00ed Mist\u00e9ireach D\u00fanmharaithe, C\u00f3isire Leana\u00ed agus T\u00f3ra\u00edocht Taisce freisin.<\/li><li>D\u00e9anann Discover Limerick DAC a oibr\u00edocht l\u00f3nad\u00f3ireachta ar bhonn 3 bliana agus is iad &#8216;Corporate Catering Services Limited&#8217; a chomhph\u00e1irtithe l\u00f3nad\u00f3ireachta faoi l\u00e1thair.<\/li><\/ul><p style=\"font-weight: 400;\">\u00c1r dTiomantas Seirbh\u00edse:<\/p><p style=\"font-weight: 400;\">T\u00e1 Discover Limerick DAC tiomanta do phrionsabail na Seirbh\u00edse Ardchaighde\u00e1in do Chustaim\u00e9ir\u00ed agus S\u00e1rmhaitheas Gn\u00f3 a \u00fas\u00e1id ina chuid oibr\u00edochta\u00ed agus idirghn\u00edomh\u00fa le custaim\u00e9ir\u00ed. Leagtar amach in\u00e1r gcairt \u00e1r dtiomantas agus na caighde\u00e1in seirbh\u00edse a bhfuil s\u00e9 d\u2019aidhm againn a shol\u00e1thar agus baineann s\u00ed le gach duine a bhfuil teagmh\u00e1il acu le Discover Limerick DAC lena n-\u00e1ir\u00edtear:<\/p><ul><li style=\"font-weight: 400;\">Baill den phobal<\/li><li style=\"font-weight: 400;\">Oibreoir\u00ed Turais &amp; Gn\u00edomhair\u00ed Taistil<\/li><li style=\"font-weight: 400;\">Na Me\u00e1in Chumars\u00e1ide<\/li><li style=\"font-weight: 400;\">Cuideachta\u00ed Corpar\u00e1ideacha<\/li><li style=\"font-weight: 400;\">Comhghleacaithe<\/li><li style=\"font-weight: 400;\">Sti\u00farth\u00f3ir\u00ed<\/li><li style=\"font-weight: 400;\">Eagra\u00edochta\u00ed Eile<\/li><li style=\"font-weight: 400;\">Urraitheoir\u00ed agus F\u00f3gr\u00f3ir\u00ed<\/li><\/ul><p style=\"font-weight: 400;\">R\u00e1iteas Misin<\/p><p style=\"font-weight: 400;\">T\u00e1imid tiomanta do sheirbh\u00eds ardchaighde\u00e1in ghairmi\u00fail a shol\u00e1thar a sh\u00e1sa\u00edonn gach fiosr\u00fach\u00e1n \u00f3 chustaim\u00e9ir\u00ed tr\u00ed eolas soil\u00e9ir, comhsheasmhach, cruinn agus pras a thabhairt, eisp\u00e9ireas cuimhneach\u00e1in do chuairteoir\u00ed agus f\u00e1ilte chro\u00ed\u00fail a chur roimh.<\/p><p style=\"font-weight: 400;\">\u00c1r dtiomantas<\/p><p style=\"font-weight: 400;\">T\u00e1imid tiomanta do:<\/p><ul><li style=\"font-weight: 400;\">Bealach gairmi\u00fail a chothabh\u00e1il<\/li><li style=\"font-weight: 400;\">Bheith c\u00fairt\u00e9iseach agus cabhrach<\/li><li style=\"font-weight: 400;\">\u00c9isteacht go c\u00faramach<\/li><li style=\"font-weight: 400;\">Eolas soil\u00e9ir cruinn a shol\u00e1thar<\/li><li style=\"font-weight: 400;\">Freagairt go pras ar fhiosr\u00fach\u00e1in agus iarratais<\/li><li style=\"font-weight: 400;\">A bheith tr\u00e9dhearcach agus cuntasach<\/li><li style=\"font-weight: 400;\">A bheith tuisceanach do riachtanais speisialta<\/li><li style=\"font-weight: 400;\">Comhairle a thabhairt maidir le gach sc\u00e1la ama \u00e1bhartha<\/li><li style=\"font-weight: 400;\">Gabh \u00e1r leithsc\u00e9al m\u00e1 dh\u00e9anaimid bot\u00fan<\/li><li style=\"font-weight: 400;\">D\u00edcheall lean\u00fanach a dh\u00e9anamh len\u00e1r gcaighde\u00e1in seirbh\u00edse a fheabhs\u00fa<\/li><\/ul><p style=\"font-weight: 400;\">43.1: Tr\u00e1th\u00falacht agus C\u00fairt\u00e9is<\/p><p style=\"font-weight: 400;\">Is \u00e9 \u00e1r bpr\u00edomhth\u00e9ama forleatach n\u00e1 seirbh\u00eds chomhsheasmhach, chairdi\u00fail agus f\u00e1ilteach a shol\u00e1thar a fh\u00e1gann go motha\u00edonn \u00e1r gcustaim\u00e9ir\u00ed go bhfuil eisp\u00e9ireas uath\u00fail taitneamhach acu. T\u00e1imid tiomanta d\u00e1r seirbh\u00eds\u00ed a shol\u00e1thar ar bhealach m\u00fainte cabhrach.<\/p><p style=\"font-weight: 400;\">A chinnti\u00fa go bhfaigheann custaim\u00e9ir\u00ed an caighde\u00e1n is airde seirbh\u00edse:<\/p><ul style=\"font-weight: 400;\"><li>N\u00ed m\u00f3r don fhoireann beann\u00fa i gc\u00f3na\u00ed do chustaim\u00e9ir\u00ed agus a bheith cabhrach, cairdi\u00fail agus c\u00fairt\u00e9iseach leo.<\/li><li>N\u00ed m\u00f3r don fhoireann a bheith freagr\u00fail cib\u00e9 ar an nguth\u00e1n, ar r\u00edomhphost n\u00f3 go pearsanta.<\/li><li>Cuirtear oili\u00faint ionduchtaithe agus c\u00fanamh lean\u00fanach ar f\u00e1il do gach ball foirne sa l\u00edne tosaigh chun seirbh\u00eds ardchaighde\u00e1in a shol\u00e1thar do chustaim\u00e9ir\u00ed.<\/li><li>Tabharfar admh\u00e1il l\u00e1ithreach do chomhfhreagras a \u00e9il\u00edonn freagra agus tabharfar freagra ioml\u00e1n d\u00f3 laistigh de sheachtain tar \u00e9is \u00e9 a fh\u00e1il.<\/li><li>Beidh ainm teagmh\u00e1la agus uimhir theileaf\u00f3in ar gach comhfhreagras.<\/li><\/ul><p style=\"font-weight: 400;\">43.2: Eolas<\/p><p style=\"font-weight: 400;\">Beidh an fhaisn\u00e9is go l\u00e9ir a shol\u00e1thra\u00edonn Discover Limerick DAC do chustaim\u00e9ir\u00ed i bhform\u00e1id shoil\u00e9ir, shimpl\u00ed agus chruinn.<\/p><p style=\"font-weight: 400;\">\u00c9iteas Comhionannas agus \u00c9ags\u00falacht &amp; Comhionannas Oifigi\u00fail Teanga a chur chun cinn<\/p><p style=\"font-weight: 400;\">T\u00e1 an ceart ag gach custaim\u00e9ir ar an gcaighde\u00e1n c\u00e9anna seirbh\u00eds\u00ed ardchaighde\u00e1in do chustaim\u00e9ir\u00ed. Cinnt\u00edtear \u00e9 seo tr\u00edn\u00e1r gcomhl\u00edonadh leis an Acht um St\u00e1das Comhionann 2000. D\u00e9anfaimid \u00e1r nd\u00edcheall na hionchais seo a bhaint amach tr\u00ed Ghaeilge.<\/p><p style=\"font-weight: 400;\">Rochtain Fhisici\u00fail<\/p><p style=\"font-weight: 400;\">D\u00e9anfaimid \u00e1r nd\u00edcheall saor\u00e1id\u00ed s\u00e1bh\u00e1ilte, glan agus inrochtana a shol\u00e1thar a \u00e9asca\u00edonn d\u00f3ibh si\u00fad at\u00e1 faoi mh\u00edchumas agus a bhfuil riachtanais ar leith acu.<\/p><p style=\"font-weight: 400;\">Comhairli\u00fach\u00e1n agus Meas\u00fan\u00fa<\/p><p style=\"font-weight: 400;\">D\u00e9anann Discover Limerick DAC a dh\u00edcheall dul i gcomhairle go rialta le custaim\u00e9ir\u00ed agus le comhph\u00e1irtithe chun d\u00edri\u00fa ar phr\u00edomhriachtanais \u00e1r gcustaim\u00e9ir\u00ed.<\/p><p style=\"font-weight: 400;\">Rogha<\/p><p style=\"font-weight: 400;\">In\u00e1r bhfreagra ar riachtanais gheallsealbh\u00f3ir\u00ed na gcustaim\u00e9ir\u00ed, d\u00e9anfaimid \u00e1r nd\u00edcheall roghanna \u00e9ags\u00fala a shol\u00e1thar maidir len\u00e1r seachadadh seirbh\u00edse.<\/p><p style=\"font-weight: 400;\">Custaim\u00e9ir Inmhe\u00e1nach<\/p><p style=\"font-weight: 400;\">Is m\u00f3r againn saineolas \u00e1r bhfostaithe go l\u00e9ir agus d\u00e9anaimid \u00e1r nd\u00edcheall i gc\u00f3na\u00ed a chinnti\u00fa go bhfuil an deis acu f\u00e1s agus forbairt go dt\u00ed a l\u00e1nacmhainneacht chun \u00e1r seirbh\u00eds\u00ed a sheachadadh go gairmi\u00fail agus go h\u00e9ifeachtach.<\/p><p style=\"font-weight: 400;\">Comhord\u00fa N\u00edos Fearr<\/p><p style=\"font-weight: 400;\">T\u00e1imid r\u00e9amhghn\u00edomhach in\u00e1r gcur chuige comhph\u00e1irt\u00edochta chun cur chuige comhordaithe agus comhth\u00e1ite a chinnti\u00fa i leith seachadadh seirbh\u00edse.<\/p><p style=\"font-weight: 400;\">Gear\u00e1in agus Achomhairc<\/p><p style=\"font-weight: 400;\">T\u00e1imid tiomanta do dh\u00e9ile\u00e1il le haon ghear\u00e1in ar bhealach oscailte, c\u00fairt\u00e9iseach agus tr\u00e9dhearcach mar a leagtar amach in\u00e1r N\u00f3s Imeachta Gear\u00e1n agus Achomharc a leagtar amach th\u00edos.<\/p><p>\u00a0<\/p><p style=\"font-weight: 400;\">43.3: N\u00f3s Imeachta Gear\u00e1n agus Achomharc<\/p><p style=\"font-weight: 400;\">T\u00e1 s\u00e9 mar chusp\u00f3ir ag Discover Limerick seirbh\u00eds ardchaighde\u00e1in a shol\u00e1thar ar bhealach gairmi\u00fail, \u00e9ifeacht\u00fail agus \u00e9ifeachtach. M\u00e1 bhraitheann t\u00fa nach bhfuil an caighde\u00e1n is fearr is f\u00e9idir faighte agat, ba mhaith linn go n-inseof\u00e1 linn ionas gur f\u00e9idir linn \u00e1r seirbh\u00eds a fheabhs\u00fa go lean\u00fanach.<\/p><p style=\"font-weight: 400;\">Murar f\u00e9idir gear\u00e1n a r\u00e9iteach go d\u00edreach len\u00e1r mball foirne, agus m\u00e1s mian leat gear\u00e1n foirmi\u00fail a dh\u00e9anamh iarraimid ort an n\u00f3s imeachta a leagtar amach th\u00edos a \u00fas\u00e1id, lena chinnti\u00fa go nd\u00e9ile\u00e1iltear leis an ngear\u00e1n go h\u00e9ifeachtach agus go h\u00e9ifeacht\u00fail.<\/p><p style=\"font-weight: 400;\">N\u00f3s Imeachta Gear\u00e1n<\/p><p style=\"font-weight: 400;\">M\u00e1 bhraitheann t\u00fa n\u00e1r d\u00e9ile\u00e1ladh go cu\u00ed le do cheist n\u00f3 gear\u00e1n nuair a rinneadh \u00e9, t\u00e1 n\u00f3s imeachta gear\u00e1n ann. Ba ch\u00f3ir gear\u00e1in a sheoladh i scr\u00edbhinn tr\u00ed litir n\u00f3 tr\u00ed r\u00edomhphost chuig bainisteoir Discover Limerick DAC.<\/p><p style=\"font-weight: 400;\">\u00a0<\/p><p style=\"font-weight: 400;\">43.4: C\u00e9im an Achomhairc<\/p><p style=\"font-weight: 400;\">Mura bhfuil t\u00fa s\u00e1sta f\u00f3s len\u00e1r bhfreagra agus len\u00e1r ngn\u00edomh, is f\u00e9idir achomharc a dh\u00e9anamh i scr\u00edbhinn chuig aon bhainisteoir sinsearach eile n\u00f3 chuig an bPr\u00edomhfheidhmeannach. Iarrfaidh an Pr\u00edomhfheidhmeannach ar bhainisteoir sinsearach eile pain\u00e9al beag a bhun\u00fa chun an t-achomharc a bhreithni\u00fa. M\u00e1 bhreithn\u00edtear \u00e9 a bheith tromch\u00faiseach go substainti\u00fail, iarrfar ar an tr\u00ed\u00fa bainisteoir sinsearach dul isteach sa phain\u00e9al achomharc sin.<\/p><p style=\"font-weight: 400;\">Nuair a bheidh an fhoirm achomhairc faighte:<\/p><ul style=\"font-weight: 400;\"><li>Admh\u00f3imid d&#8217;achomharc laistigh de 5 l\u00e1 tar \u00e9is \u00e9 a fh\u00e1il<\/li><li>Fiosr\u00f3idh an Coiste do ghear\u00e1n agus cr\u00edochn\u00f3idh s\u00e9 freagra n\u00f3 tuairisc ar a thortha\u00ed.<\/li><li>Gheobhaidh t\u00fa freagra scr\u00edofa ioml\u00e1n laistigh de 20 l\u00e1 oibre tar \u00e9is d\u00fainn do litir a fh\u00e1il, n\u00f3 inseoidh muid duit faoi aon mhoill agus tabharfaimid d\u00e1ta nua duit maidir le c\u00e9n uair ba cheart duit freagra a fh\u00e1il.<\/li><\/ul><p style=\"font-weight: 400;\">Is f\u00e9idir leat cabhr\u00fa linn tr\u00ed:<\/p><ul><li style=\"font-weight: 400;\">A chinnti\u00fa go bhfuil an fhaisn\u00e9is \u00e1bhartha ar fad againn<\/li><li style=\"font-weight: 400;\">Ag insint d\u00fainn conas is f\u00e9idir linn \u00e1r seirbh\u00eds\u00ed a fheabhs\u00fa<\/li><\/ul><p style=\"font-weight: 400;\">\u00a0<\/p><p style=\"font-weight: 400;\">\u00a0<\/p><p style=\"font-weight: 400;\">\u00a0<\/p><p style=\"font-weight: 400;\">\u00a0<\/p><p style=\"font-weight: 400;\">\u00a0<\/p>\t\t\t\t\t\t\t\t<\/div>\n\t\t\t\t<\/div>\n\t\t\t\t\t<\/div>\n\t\t<\/div>\n\t\t\t\t\t<\/div>\n\t\t<\/section>\n\t\t\t\t<\/div>\n\t\t","protected":false},"excerpt":{"rendered":"<p>Caisle\u00e1n R\u00ed Eoin Rochtain Fhisici\u00fail Cairt Seirbh\u00edse do Chustaim\u00e9ir\u00ed \u00a0 Is cuideachta bhainist\u00edochta \u00e9 Discover Limerick DAC a oibr\u00edonn raon de Thaitneamhachta\u00ed do Chuairteoir\u00ed Lae agus Siamsa\u00edocht O\u00edche. Cinnt\u00edonn na nithe is d\u00edol sp\u00e9ise do Discover Limerick DAC do chuairteoir\u00ed \u00f3 thar lear agus \u00f3 bhaile araon eisp\u00e9ireas i gcuimhne chomh maith le turas\u00f3ireacht a [&hellip;]<\/p>\n","protected":false},"author":1,"featured_media":0,"parent":0,"menu_order":0,"comment_status":"closed","ping_status":"closed","template":"","meta":{"footnotes":""},"class_list":["post-12180","page","type-page","status-publish","hentry"],"_links":{"self":[{"href":"https:\/\/kingjohnscastle.ie\/ga\/wp-json\/wp\/v2\/pages\/12180","targetHints":{"allow":["GET"]}}],"collection":[{"href":"https:\/\/kingjohnscastle.ie\/ga\/wp-json\/wp\/v2\/pages"}],"about":[{"href":"https:\/\/kingjohnscastle.ie\/ga\/wp-json\/wp\/v2\/types\/page"}],"author":[{"embeddable":true,"href":"https:\/\/kingjohnscastle.ie\/ga\/wp-json\/wp\/v2\/users\/1"}],"replies":[{"embeddable":true,"href":"https:\/\/kingjohnscastle.ie\/ga\/wp-json\/wp\/v2\/comments?post=12180"}],"version-history":[{"count":4,"href":"https:\/\/kingjohnscastle.ie\/ga\/wp-json\/wp\/v2\/pages\/12180\/revisions"}],"predecessor-version":[{"id":12184,"href":"https:\/\/kingjohnscastle.ie\/ga\/wp-json\/wp\/v2\/pages\/12180\/revisions\/12184"}],"wp:attachment":[{"href":"https:\/\/kingjohnscastle.ie\/ga\/wp-json\/wp\/v2\/media?parent=12180"}],"curies":[{"name":"wp","href":"https:\/\/api.w.org\/{rel}","templated":true}]}}