{"id":12186,"date":"2022-03-26T15:19:43","date_gmt":"2022-03-26T15:19:43","guid":{"rendered":"https:\/\/kingjohnscastle.ie\/tearmai-agus-coinniollacha\/"},"modified":"2023-05-09T14:05:37","modified_gmt":"2023-05-09T13:05:37","slug":"tearmai-agus-coinniollacha","status":"publish","type":"page","link":"https:\/\/kingjohnscastle.ie\/ga\/tearmai-agus-coinniollacha\/","title":{"rendered":"T\u00e9arma\u00ed agus Coinn\u00edollacha"},"content":{"rendered":"\t\t<div data-elementor-type=\"wp-page\" data-elementor-id=\"12186\" class=\"elementor elementor-12186 elementor-10331\" data-elementor-post-type=\"page\">\n\t\t\t\t\t\t<section class=\"elementor-section elementor-top-section elementor-element elementor-element-cf664d9 elementor-section-stretched elementor-section-content-middle elementor-section-boxed elementor-section-height-default elementor-section-height-default\" data-id=\"cf664d9\" data-element_type=\"section\" data-e-type=\"section\" data-settings=\"{&quot;stretch_section&quot;:&quot;section-stretched&quot;,&quot;background_background&quot;:&quot;classic&quot;}\">\n\t\t\t\t\t\t\t<div class=\"elementor-background-overlay\"><\/div>\n\t\t\t\t\t\t\t<div class=\"elementor-container elementor-column-gap-default\">\n\t\t\t\t\t<div class=\"elementor-column elementor-col-100 elementor-top-column elementor-element elementor-element-ade8f23\" data-id=\"ade8f23\" data-element_type=\"column\" data-e-type=\"column\">\n\t\t\t<div class=\"elementor-widget-wrap elementor-element-populated\">\n\t\t\t\t\t\t<div class=\"elementor-element elementor-element-94bbd6c elementor-widget elementor-widget-heading\" data-id=\"94bbd6c\" data-element_type=\"widget\" data-e-type=\"widget\" data-widget_type=\"heading.default\">\n\t\t\t\t<div class=\"elementor-widget-container\">\n\t\t\t\t\t<h1 class=\"elementor-heading-title elementor-size-default\">Caisle\u00e1n R\u00ed Eoin<\/h1>\t\t\t\t<\/div>\n\t\t\t\t<\/div>\n\t\t\t\t\t<\/div>\n\t\t<\/div>\n\t\t\t\t\t<\/div>\n\t\t<\/section>\n\t\t\t\t<section class=\"elementor-section elementor-top-section elementor-element elementor-element-887edd0 elementor-section-boxed elementor-section-height-default elementor-section-height-default\" data-id=\"887edd0\" data-element_type=\"section\" data-e-type=\"section\">\n\t\t\t\t\t\t<div class=\"elementor-container elementor-column-gap-default\">\n\t\t\t\t\t<div class=\"elementor-column elementor-col-100 elementor-top-column elementor-element elementor-element-50fd156\" data-id=\"50fd156\" data-element_type=\"column\" data-e-type=\"column\">\n\t\t\t<div class=\"elementor-widget-wrap elementor-element-populated\">\n\t\t\t\t\t\t<div class=\"elementor-element elementor-element-9f0a2a6 elementor-widget elementor-widget-heading\" data-id=\"9f0a2a6\" data-element_type=\"widget\" data-e-type=\"widget\" data-widget_type=\"heading.default\">\n\t\t\t\t<div class=\"elementor-widget-container\">\n\t\t\t\t\t<h2 class=\"elementor-heading-title elementor-size-default\">T\u00e9arma\u00ed agus Coinn\u00edollacha<\/h2>\t\t\t\t<\/div>\n\t\t\t\t<\/div>\n\t\t\t\t\t<\/div>\n\t\t<\/div>\n\t\t\t\t\t<\/div>\n\t\t<\/section>\n\t\t\t\t<section class=\"elementor-section elementor-top-section elementor-element elementor-element-47062ad elementor-section-boxed elementor-section-height-default elementor-section-height-default\" data-id=\"47062ad\" data-element_type=\"section\" data-e-type=\"section\">\n\t\t\t\t\t\t<div class=\"elementor-container elementor-column-gap-default\">\n\t\t\t\t\t<div class=\"elementor-column elementor-col-100 elementor-top-column elementor-element elementor-element-442a8a5\" data-id=\"442a8a5\" data-element_type=\"column\" data-e-type=\"column\">\n\t\t\t<div class=\"elementor-widget-wrap elementor-element-populated\">\n\t\t\t\t\t\t<div class=\"elementor-element elementor-element-6349f63 elementor-widget elementor-widget-text-editor\" data-id=\"6349f63\" data-element_type=\"widget\" data-e-type=\"widget\" data-widget_type=\"text-editor.default\">\n\t\t\t\t<div class=\"elementor-widget-container\">\n\t\t\t\t\t\t\t\t\t<p style=\"font-weight: 400;\">Gach duine ar mian leo tic\u00e9id a cheannach, ar l\u00edne, tr\u00edd an su\u00edomh Gr\u00e9as\u00e1in seo le haghaidh Ionad Siamsa\u00edochta Tr\u00e1thn\u00f3na Discover Limerick DAC, Tarraingt do Chuairteoir\u00ed Lae, Comhphac\u00e1iste n\u00f3 Imeacht, faoi r\u00e9ir na dt\u00e9arma\u00ed agus na gcoinn\u00edollacha seo a leanas: Is \u00e9 Discover Limerick DAC an t-ainm gn\u00f3 n\u00f3 tr\u00e1d\u00e1la de \u2018Shannon Castle Banquets &amp; Heritage Limited\u2019, cuideachta faoi dhliteanas teoranta at\u00e1 cl\u00e1raithe faoi dhl\u00edthe Phoblacht na h\u00c9ireann, Uimhir Chl\u00e1raithe na Cuideachta 115397.<\/p>\n<ol style=\"font-weight: 400;\">\n<li>Tr\u00ed thic\u00e9id\/Ballra\u00edocht a cheannach le haghaidh Tarraingt DAC Discover Limerick, admha\u00edonn t\u00fa gur l\u00e9igh t\u00fa agus go n-aonta\u00edonn t\u00fa a bheith faoi cheangal ag na t\u00e9arma\u00ed agus coinn\u00edollacha seo agus gur l\u00e9igh t\u00fa agus go n-aonta\u00edonn t\u00fa le h\u00fas\u00e1id na faisn\u00e9ise a thug t\u00fa d\u00fainn.<\/li>\n<li>Nuair a bheidh do thic\u00e9id ceannaithe, tabhair faoi deara le do thoil nach f\u00e9idir an \u00e1irithint a athr\u00fa agus nach f\u00e9idir a ais\u00edoc. T\u00e1 gach d\u00edolach\u00e1n cr\u00edochnaitheach nuair a dh\u00e9antar \u00e9. N\u00ed cheada\u00edonn an Chuideachta ais\u00edoca\u00edochta\u00ed n\u00f3 malartuithe. N\u00ed chuireann s\u00e9 seo isteach, \u00e1fach, ar aon bhealach, ar do chearta reacht\u00fala.<\/li>\n<li>T\u00e1 d\u00edolach\u00e1in Ballra\u00edochta Ar L\u00edne faoi r\u00e9ir t\u00e9arma\u00ed agus coinn\u00edollacha mar at\u00e1 leagtha amach ar http:\/\/www.kingjohnscastle.com\/MembershipTermsConditions\/<\/li>\n<li>Tabhair faoi deara le do thoil go gcaithfidh t\u00fa r\u00edomhphost deimhnithe a bheith faighte agat \u00f3 Discover Limerick DAC chun \u00e1irithint bhail\u00ed a bheith agat.<\/li>\n<li>Tabhair faoi deara nach bhfuil aon lamh\u00e1ltais ar f\u00e1il maidir le tic\u00e9id a ceanna\u00edodh n\u00f3 \u00e1irithint\u00ed a rinneadh ar an idirl\u00edon. Le haghaidh \u00e1irithint\u00ed gr\u00fapa d\u00e9an teagmh\u00e1il le do thoil le h\u00e1irithint\u00ed ar +353 (0)61 370500.<\/li>\n<li>Luaitear na praghsanna go l\u00e9ir in Euro agus t\u00e1 gach c\u00e1in agus muirear infheidhme san \u00e1ireamh sna praghsanna. C\u00e9 go gcoime\u00e1daimid an ceart chun \u00e1r bpraghsanna a ard\u00fa n\u00f3 a laghd\u00fa am ar bith sula nd\u00e9antar \u00e1irithint, a luaithe a dheimhn\u00edtear an \u00c1irithint beidh praghas d\u2019\u00c1irithinte mar at\u00e1 luaite sa R\u00edomhphost Deimhnithe r\u00e1thaithe.<\/li>\n<li>N\u00edl an tseirbh\u00eds seo ar f\u00e1il ach do dhaoine at\u00e1 os cionn 18 mbliana d\u2019aois. N\u00ed ghlacaimid ach le c\u00e1rta\u00ed creidmheasa agus dochair \u00e1irithe. Seo a leanas na c\u00e1rta\u00ed creidmheasa\/dochair a nglacann an Chuideachta leo , Mastercard, Visa, American Express, Diners &amp; Maestro Chun ceannach n\u00f3 \u00e1irithint le c\u00e1rta creidmheasa n\u00f3 dochair, n\u00ed m\u00f3r duit c\u00e1rta creidmheasa\/dochair bail\u00ed a bheith agat i d\u2019ainm, agus n\u00f3 cead a bheith agat \u00f3n duine n\u00f3 \u00f3n gcuideachta a bhfuil an c\u00e1rta eisithe d\u00f3\/di an c\u00e1rta a \u00fas\u00e1id agus go bhfuil d\u00f3thain airgid ar f\u00e1il chun aon t\u00e1ill\u00ed agus gach muirear a thabha\u00edonn t\u00fa a chl\u00fadach. Coime\u00e1daimid an ceart chun d\u2019\u00e1irithint a dhi\u00falt\u00fa mura f\u00e9idir d\u2019\u00edoca\u00edocht bheartaithe le c\u00e1rta creidmheasa n\u00f3 dochair a phr\u00f3ise\u00e1il ar ch\u00fais ar bith. Is ortsa at\u00e1 an fhreagracht a chinnti\u00fa gur f\u00e9idir an c\u00e1rta a thairgtear a \u00fas\u00e1id go dleathach chun na cr\u00edche sin.<\/li>\n<li>Nuair a cheanna\u00edtear \u00e9, n\u00ed m\u00f3r do thic\u00e9ad d\u2019aon Chuairteoir Lae DAC Discover Limerick a fhuascailt ar an d\u00e1ta at\u00e1 sonraithe agat agus n\u00ed m\u00f3r do thic\u00e9ad le haghaidh siamsa tr\u00e1thn\u00f3na Discover Limerick DAC a fhuascailt de r\u00e9ir an r\u00edomhphoist deimhnithe agus an \u00e1irithint d\u00e1 nd\u00e9antar \u00e9. N\u00ed f\u00e9idir tic\u00e9id a fhuascailt ach amh\u00e1in nuair a chuirtear r\u00edomhphost deimhnithe bail\u00ed n\u00f3 tagairt \u00e1irithinte i l\u00e1thair. N\u00ed m\u00f3r do shealbh\u00f3ir\u00ed an ch\u00e9anna do gach siamsa\u00edocht tr\u00e1thn\u00f3na teacht ar a laghad 15 n\u00f3im\u00e9ad roimh an am tosaithe f\u00f3gartha. Mar gheall ar chur isteach, n\u00ed ligfear isteach daoine d\u00e9anacha ach amh\u00e1in i gc\u00fains\u00ed eisceacht\u00fala agus ansin faoi l\u00e1nrogha ioml\u00e1n agus amh\u00e1in Discover Limerick.<\/li>\n<li>Chomh luath agus is ind\u00e9anta tar \u00e9is \u00e1irithinte, cuirfimid r\u00edomhphost deimhnithe chugat ag dearbh\u00fa d\u00e1ta, am agus costas d&#8217;\u00e1irithinte. Priont\u00e1il \u00e9 seo le do thoil agus coinnigh go c\u00faramach \u00e9. T\u00e1 s\u00e9 riachtanach go dtabharfaidh t\u00fa leat \u00e9 seo agus t\u00fa ag cur t\u00fa f\u00e9in\/do ch\u00f3isir i l\u00e1thair ag an ionad f\u00e1iltithe don imeacht ar chuir t\u00fa in \u00e1irithe \u00e9.<\/li>\n<li>Beidh do shonra\u00ed pearsanta i seilbh Discover Limerick DAC Limited. N\u00ed bhainfimid \u00fas\u00e1id as do shonra\u00ed pearsanta ach amh\u00e1in mar at\u00e1 leagtha amach in\u00e1r r\u00e1iteas pr\u00edobh\u00e1ideachais. Is f\u00e9idir an R\u00e1iteas Pr\u00edobh\u00e1ideachta a rochtain ar www.kingjohnscastle.com.<\/li>\n<li>N\u00ed m\u00f3r do leana\u00ed faoi bhun 16 bliana d&#8217;aois a bheith i dteannta agus faoi mhaoirseacht duine f\u00e1sta, 18 mbliana d&#8217;aois n\u00f3 n\u00edos sine, le linn na cuairte. T\u00e1 cead ag leana\u00ed faoi 18 mbliana d\u2019aois cuairt a thabhairt ar an \u00e1it a mbeidh deochanna alc\u00f3lacha ar f\u00e1il ach n\u00ed thabharfar alc\u00f3l d\u00f3ibh, in imthosca ar bith.<\/li>\n<li>Coime\u00e1daimid an ceart, faoi l\u00e1nrogha an Chomhlachta agus n\u00f3 a lucht bainist\u00edochta n\u00f3 a foireann \u00fadaraithe, \u00e1irithint a chur ar ceal tar \u00e9is \u00e1irithinte, \u00edoca\u00edocht ais\u00edoca\u00edochta, di\u00falt\u00fa dul isteach ar \u00e1itribh n\u00f3 aistri\u00fa as a \u00e1itreabh n\u00f3 a chomharsanacht d\u2019aon duine: &#8211;<\/li>\n<li>(a) Cionta\u00edodh \u00e9\/\u00ed i gcion coiri\u00fail, ar d\u00f3igh d\u00f3, i dtuairim Discover Limerick DAC, cur isteach ar sh\u00e1bh\u00e1ilteacht n\u00f3 ar thaitneamhacht cuairteoir\u00ed eile.<\/li>\n<li>( b ) A d\u2019iompar, a d\u2019iompar n\u00f3 ar dealraitheach go bhfuil s\u00e9\/s\u00ed ag iompar (i dtuairim fhoireann na Cuideachta) ar mhodh a bhfuil, i dtuairim Discover Limerick DAC, tar \u00e9is, n\u00f3 gur d\u00f3igh go nd\u00e9anfaidh, difear do sh\u00e1bh\u00e1ilteacht n\u00f3 taitneamh daoine eile. cuairteoir\u00ed.<\/li>\n<li>(c) A d&#8217;\u00fas\u00e1id focail n\u00f3 iompar bagrach, maslach n\u00f3 maslach n\u00f3 a spreagann n\u00f3 a iompra\u00edonn ar dh\u00f3igh ar bith ar mhodh a d&#8217;fh\u00e9adfadh s\u00e1r\u00fa na s\u00edoch\u00e1na a spreagadh.<\/li>\n<li>(d) An gceaptar, i dtuairim fhoireann na Cuideachta, go bhfuil siad faoi thionchar alc\u00f3il n\u00f3 substaint\u00ed eile ar d\u00f3igh d\u00f3ibh a bheith ina mbaol do sh\u00e1bh\u00e1ilteacht, foll\u00e1ine agus n\u00f3 taitneamh na h\u00f3c\u00e1ide do chuairteoir\u00ed eile , a\u00edonna, agus n\u00f3 foireann na cuideachta.<\/li>\n<li>Ach amh\u00e1in mar a cheada\u00edonn Discover Limerick a mhalairt, n\u00ed m\u00f3r do gach duine a th\u00e9ann isteach i Tarraingt Discover Limerick DAC \u00edoc as cead isteach. N\u00ed m\u00f3r tic\u00e9id a choinne\u00e1il i gc\u00f3na\u00ed agus a chur isteach le haghaidh ini\u00fachta m\u00e1 theasta\u00edonn \u00f3 aon fhosta\u00ed. Is f\u00e9idir aon duine a dh\u00e9anann iarracht cead isteach a fh\u00e1il gan tic\u00e9ad bail\u00ed a dh\u00edbirt agus f\u00e9adfar glaoch ar na Garda\u00ed.<\/li>\n<li>De r\u00e9ir Dhl\u00ed na h\u00c9ireann, n\u00ed cheada\u00edtear caitheamh tobac ach i limist\u00e9ir shainithe de gach n\u00ed is d\u00edol sp\u00e9ise do Discover Limerick DAC agus t\u00e1 cosc dian air le linn freastal ar aon siamsa\u00edocht tr\u00e1thn\u00f3na. T\u00e1 s\u00e9 seo rialaithe ag an dl\u00ed agus n\u00edl aon rogha ag an gCuideachta ina leith seo. Is cion coiri\u00fail \u00e9 s\u00e1r\u00fa an rialach\u00e1in seo n\u00ed hamh\u00e1in ag an duine a chaitheann tobac ach freisin ag an gCuideachta agus ag a foireann as \u00e9 a chead\u00fa n\u00f3 a chead\u00fa. D\u00e1 bhr\u00ed sin, d\u00e9ile\u00e1lfar go docht le gach s\u00e1r\u00fa.<\/li>\n<li>N\u00ed cheada\u00edtear aon iompar ar d\u00f3igh d\u00f3 cur as do chuairteoir\u00ed n\u00f3 d\u2019fhoireann na Cuideachta n\u00f3 a bheadh ina bhagairt do chuairteoir\u00ed eile n\u00f3 d\u2019fhoireann na Cuideachta n\u00f3 mearbhall d\u2019aon chine\u00e1l. T\u00e1thar ag s\u00fail go mbeidh meas ag cuairteoir\u00ed ar dhl\u00edthe agus n\u00f3sanna \u00e1iti\u00fala agus go gclo\u00edonn siad leo. M\u00e1s rud \u00e9, i dtuairim Discover Limerick, go bhfuil cuairteoir ag iompar f\u00e9in ar bhealach a chuirfeadh cont\u00fairt, anacair n\u00f3 cr\u00e1 do dhaoine eile n\u00f3 dam\u00e1iste do mhaoin, f\u00e9adfar \u00e9\/\u00ed a bhaint den d\u00edol sp\u00e9ise gan ais\u00edoc. Ina theannta sin, caithfidh s\u00e9\/s\u00ed aon chostais a thabha\u00edtear mar thoradh ar iompar den s\u00f3rt sin a \u00edoc. Chun s\u00e1bh\u00e1ilteacht cuairteoir\u00ed eile a chinnti\u00fa forchoime\u00e1dann bainist\u00edocht DAC Discover Limerick an ceart chun cuardach a dh\u00e9anamh ar mhaoin na bp\u00e1tr\u00fan.<\/li>\n<li>Bainfimid \u00fas\u00e1id as gach iarracht r\u00e9as\u00fanach lena chinnti\u00fa go mbeidh ionaid siamsa\u00edochta tr\u00e1thn\u00f3na Discover Limerick DAC agus is d\u00edol sp\u00e9ise do chuairteoir\u00ed lae agus na taispe\u00e1ntais\/taispe\u00e1ntais laistigh de na nithe is d\u00edol sp\u00e9ise, ar oscailt lena n-\u00fas\u00e1id ag cuairteoir\u00ed le linn gn\u00e1thuaireanta oscailte. Mar sin f\u00e9in, forchoime\u00e1dann Discover Limerick DAC an ceart, d\u00e1 l\u00e1nrogha f\u00e9in, cib\u00e9 acu ar ch\u00faiseanna s\u00e1bh\u00e1ilteachta n\u00f3 cothabh\u00e1la n\u00f3 eile, agus le f\u00f3gra roimh r\u00e9 n\u00f3 gan \u00e9, \u00e1bhar sp\u00e9ise n\u00f3 foilse\u00e1n n\u00f3 aon chuid de a dh\u00fanadh. Sa ch\u00e1s go nd\u00fantar ionad\/tarraingt sp\u00e9ise mar thoradh ar cheal\u00fa cuairt chustaim\u00e9ara n\u00f3 siamsa\u00edocht tr\u00e1thn\u00f3na, d\u00e9anfaidh Discover Limerick DAC a dh\u00edcheall ionad eile a thairiscint, nuair is f\u00e9idir n\u00f3 nuair is cu\u00ed, n\u00f3, mar rogha eile agus i gc\u00f3na\u00ed ag an de rogha na Cuideachta amh\u00e1in, ais\u00edoc costas tic\u00e9ad r\u00e9amh\u00edoctha le haon chuairteoir. Seachas sin n\u00ed bheidh aon dliteanas ar Discover Limerick DAC, lena n-\u00e1ir\u00edtear aon dliteanas i leith speansais taistil n\u00f3 aon chostais as p\u00f3ca eile, i leith d\u00fanadh cuid n\u00f3 ioml\u00e1n d\u2019aon D\u00edoltas DAC Discover Limerick.<\/li>\n<li>Seachas dliteanas i leith b\u00e1is n\u00f3 d\u00edobh\u00e1la pearsanta mar thoradh ar fhaill\u00ed DAC Discover Limerick, n\u00ed bheidh Discover Limerick, a fhostaithe n\u00f3 a ghn\u00edomhair\u00ed faoi dhliteanas i leith aon chaillteanas n\u00f3 dam\u00e1iste, d\u00edreach n\u00f3 ind\u00edreach, cib\u00e9 sl\u00ed a eascra\u00edonn, lena n-\u00e1ir\u00edtear gan teorainn, d\u00edreach, ind\u00edreach, speisialta, dam\u00e1ist\u00ed iarmhartacha, eiseaml\u00e1ireacha, teagmhasacha n\u00f3 pion\u00f3sacha. T\u00e1 gach aoi freagrach as c\u00faram a gcuid earra\u00ed f\u00e9in agus iad ar \u00e1itribh na Cuideachta agus n\u00ed ghlacann an Chuideachta le haon fhreagracht dhl\u00edthi\u00fail as \u00e9 sin a dh\u00e9anamh. Is ar phriacal an aoi amh\u00e1in a thugtar gach trealamh leictreonach, m\u00e1la\u00ed, airgead, seiceanna ar an \u00e1itreabh. Chun amhras a sheachaint, leathna\u00edonn s\u00e9 seo chuig aon charrchl\u00f3s a \u00fas\u00e1ideann a\u00edonna ar bith agus n\u00ed ghlacann an Chuideachta le haon dliteanas ar bith as aon ghluaiste\u00e1n n\u00f3 feithicil eile a ph\u00e1irce\u00e1lann aoi ar a thailte agus chuige sin, beidh s\u00e9 ag brath ar th\u00e9arma\u00ed agus fhor\u00e1lacha an Rialach\u00e1in seo. an tAcht um Dhliteanas \u00c1ititheoir\u00ed<\/li>\n<li>N\u00ed f\u00e9idir tic\u00e9ad ar bith a athdh\u00edol gan cead scr\u00edofa a fh\u00e1il roimh r\u00e9 \u00f3 Discover Limerick. M\u00e1 chreideann Discover Limerick DAC le r\u00e9as\u00fan gur athdh\u00edoltar tic\u00e9ad gan an toili\u00fa sin, f\u00e9adfar iontr\u00e1il a dhi\u00falt\u00fa don sealbh\u00f3ir n\u00f3 \u00e9 a dh\u00edshealbh\u00fa \u00f3 Ionad DAC Discover Limerick gan \u00edoca\u00edocht n\u00f3 c\u00faiteamh. Maidir leis sin is cinneadh cr\u00edochnaitheach cinneadh na Cuideachta.<\/li>\n<li>\u00d3 am go ch\u00e9ile, f\u00e9adfaidh Discover Limerick DAC n\u00f3 p\u00e1irtithe \u00fadaraithe eile grianghrafad\u00f3ireacht agus\/n\u00f3 f\u00edstaifeadadh agus\/n\u00f3 monat\u00f3ireacht eile a dh\u00e9anamh ar aon Siamsa\u00edocht Tr\u00e1thn\u00f3na n\u00f3 Tarraingt Chuairteoir\u00ed Lae Discover Limerick DAC a d\u2019fh\u00e9adfadh cuairteoir\u00ed a bheith i l\u00e1thair. Tr\u00ed ghlacadh leis na t\u00e9arma\u00ed agus coinn\u00edollacha seo, aonta\u00edonn t\u00fa go bhf\u00e9adfaidh Discover Limerick DAC n\u00f3 aon ph\u00e1irt\u00ed \u00fadaraithe \u00edomh\u00e1nna den s\u00f3rt sin a \u00fas\u00e1id go buan in aon fh\u00f3gra\u00edocht bolscaireachta n\u00f3 \u00e1bhar poibl\u00edochta in aon fhorm\u00e1id ar bith. Aonta\u00edonn t\u00fa freisin gur le Discover Limerick DAC n\u00f3 p\u00e1irtithe \u00fadaraithe d\u00e1 leith\u00e9id (de r\u00e9ir mar a bheidh) c\u00f3ipcheart na n-\u00e1bhar seo.<\/li>\n<li>T\u00e1 f\u00e1ilte roimh chuairteoir\u00ed \u00fas\u00e1id a bhaint as gach ceamara, f\u00edse\u00e1n agus gl\u00e9as taifeadta eile laistigh den talamh agus san \u00e1itreabh faoi r\u00e9ir an dl\u00ed. Mar sin f\u00e9in, is le haghaidh \u00fas\u00e1ide baile agus pearsanta amh\u00e1in a bhainfear gach grianghraf agus p\u00edosa scann\u00e1in den s\u00f3rt sin agus n\u00ed dh\u00e9anfar iad a dh\u00edol, a \u00fas\u00e1id n\u00e1 a ath\u00fas\u00e1id chun cr\u00edche tr\u00e1cht\u00e1la ar bith cib\u00e9 acu ar mhaithe le gn\u00f3chan n\u00f3 nach ea gan cead sainr\u00e1ite na Cuideachta roimh r\u00e9 i scr\u00edbhinn.<\/li>\n<li>T\u00e1 roinnt cine\u00e1lacha tic\u00e9ad (ach n\u00edl gach ceann acu) ar f\u00e1il le ceannach ar l\u00edne tr\u00ed shu\u00edomh Gr\u00e9as\u00e1in Discover Limerick DAC www.kingjohnscastle.com. Chun amhras a sheachaint t\u00e1 tic\u00e9id d\u00e1 leith\u00e9id ar f\u00e1il i gcainn\u00edochta\u00ed teoranta agus beidh gach ceannach ag brath ar infhaighteacht. M\u00e1 roghna\u00edonn custaim\u00e9ir\u00ed tic\u00e9id d\u00e1 leith\u00e9id a cheannach ar l\u00edne gheobhaidh siad na lascain\u00ed ar l\u00edne is infheidhme. N\u00ed bheidh lascain\u00ed den s\u00f3rt sin ar f\u00e1il le haghaidh \u00e1irithint\u00ed a dh\u00e9antar ar an nguth\u00e1n n\u00f3 go pearsanta.<\/li>\n<li>T\u00e1 na t\u00e9arma\u00ed agus coinn\u00edollacha seo \u00e1 rial\u00fa ag agus forl\u00e9ireofar de r\u00e9ir Dhl\u00ed na h\u00c9ireann iad agus beidh aon \u00e9ileamh a thabharfar faoi na coinn\u00edollacha seo faoi r\u00e9ir dhl\u00ednse eisiach dhl\u00ed na h\u00c9ireann. Tabhair do d\u2019aire le do thoil gur S\u00e9adchomhartha\u00ed N\u00e1isi\u00fanta iad cuid d\u00e1r nithe is d\u00edol sp\u00e9ise faoi chosaint an dl\u00ed agus iarraimid ort meas a bheith agat orthu agus cabhr\u00fa linn a chinnti\u00fa go mbeidh a leith\u00e9id ar f\u00e1il do na gl\u00fanta at\u00e1 le teacht. Chuige seo toisc gur t\u00f3gadh cuid de na foirgnimh na c\u00e9adta bliain \u00f3 shin, is l\u00e9ir nach bhfuil siad t\u00f3gtha i gcomhr\u00e9ir le caighde\u00e1in nua-aimseartha rochtana do dhaoine faoi mh\u00edchumas \u00e1irithe. M\u00e1 t\u00e1 aon amhras faoi seo d\u00e9an teagmh\u00e1il le Maoirseoir na n\u00c1irithint\u00ed, Discover Limerick DAC Caisle\u00e1n &amp; Daonph\u00e1irc Bhun Raite, Contae an Chl\u00e1ir, \u00c9ire n\u00f3 mar rogha eile ag reservations@kingjohnscastle.com. sula nd\u00e9anann t\u00fa d&#8217;\u00e1irithint.<\/li>\n<li>Maidir leis seo freisin, m\u00e1 t\u00e1 aon aill\u00e9irg\u00ed bia ar leith agat n\u00f3 m\u00e1 t\u00e1 aon rud a cheapann t\u00fa gur ch\u00f3ir d\u00fainn a chur ar an eolas, d\u00e9an teagmh\u00e1il le Maoirseoir na n\u00c1irithint\u00ed, Discover Limerick DAC Caisle\u00e1n Bhun Raite &amp; Daonph\u00e1irc Bun Raite, Co. an Chl\u00e1ir, \u00c9ire n\u00f3 mar mhalairt air sin. ag reservations@kingjohnscastle.ie i scr\u00edbhinn in am tr\u00e1tha roimh do chuairt.<\/li>\n<li>M\u00e1s rud \u00e9 ar ch\u00fais \u00e9igin nach bhfuil t\u00fa s\u00e1sta le haon ghn\u00e9 de do \u00c1irithint linn, iarraimid ort scr\u00edobh chugainn, faoi ch\u00faram an Bhainisteora D\u00edolach\u00e1in &amp; Marga\u00edochta, Discover Limerick DAC Caisle\u00e1n &amp; P\u00e1irc Dhaonlathach Bun Raite, Co. an Chl\u00e1ir, \u00c9ire n\u00f3 mar mhalairt air sin. ag reservations@kingjohnscastle.ie. M\u00e1s f\u00e9idir, luaigh, le do thoil, an Uimhir Thagartha \u00c1irithinte \u00e1bhartha agus cuir gach faisn\u00e9is \u00e1bhartha eile ar f\u00e1il.<\/li>\n<li>C\u00e9 go nd\u00e9anann Discover Limerick DAC a dh\u00edcheall an su\u00edomh Gr\u00e9as\u00e1in seo a chur ar f\u00e1il 24 uair sa l\u00e1, n\u00ed bheidh Discover Limerick DAC faoi dhliteanas ar ch\u00fais ar bith mura bhfuil an su\u00edomh Gr\u00e9as\u00e1in ar f\u00e1il ag am ar bith n\u00f3 ar feadh tr\u00e9imhse ar bith. F\u00e9adfar rochtain ar an su\u00edomh Gr\u00e9as\u00e1in a chur ar fionra\u00ed go sealadach agus gan f\u00f3gra i gc\u00e1s teip c\u00f3rais, cothabh\u00e1la n\u00f3 deisi\u00fach\u00e1in n\u00f3 ar ch\u00fais ar bith eile. N\u00ed \u00fadara\u00edonn n\u00e1 n\u00ed dh\u00e9anann Discover Limerick DAC aon uir\u00edoll go mbeidh \u00fas\u00e1id an tsu\u00edmh n\u00f3 na seirbh\u00edse \u00e1irithinte gan bhriseadh n\u00f3 saor \u00f3 earr\u00e1id, go mbeidh an t-inneachar ceart cruinn n\u00f3 iontaofa n\u00f3 go bhfuil an su\u00edomh freastala\u00ed seo a chuireann ar f\u00e1il \u00e9 saor \u00f3 v\u00edris n\u00f3 comhph\u00e1irteanna d\u00edobh\u00e1lacha eile.<\/li>\n<\/ol>\n<p style=\"font-weight: 400;\">\n<\/p><p style=\"font-weight: 400;\">\n<\/p><p style=\"font-weight: 400;\">\n<\/p>\t\t\t\t\t\t\t\t<\/div>\n\t\t\t\t<\/div>\n\t\t\t\t\t<\/div>\n\t\t<\/div>\n\t\t\t\t\t<\/div>\n\t\t<\/section>\n\t\t\t\t<\/div>\n\t\t","protected":false},"excerpt":{"rendered":"<p>Caisle\u00e1n R\u00ed Eoin T\u00e9arma\u00ed agus Coinn\u00edollacha Gach duine ar mian leo tic\u00e9id a cheannach, ar l\u00edne, tr\u00edd an su\u00edomh Gr\u00e9as\u00e1in seo le haghaidh Ionad Siamsa\u00edochta Tr\u00e1thn\u00f3na Discover Limerick DAC, Tarraingt do Chuairteoir\u00ed Lae, Comhphac\u00e1iste n\u00f3 Imeacht, faoi r\u00e9ir na dt\u00e9arma\u00ed agus na gcoinn\u00edollacha seo a leanas: Is \u00e9 Discover Limerick DAC an t-ainm gn\u00f3 n\u00f3 [&hellip;]<\/p>\n","protected":false},"author":1,"featured_media":0,"parent":0,"menu_order":0,"comment_status":"closed","ping_status":"closed","template":"","meta":{"footnotes":""},"class_list":["post-12186","page","type-page","status-publish","hentry"],"_links":{"self":[{"href":"https:\/\/kingjohnscastle.ie\/ga\/wp-json\/wp\/v2\/pages\/12186","targetHints":{"allow":["GET"]}}],"collection":[{"href":"https:\/\/kingjohnscastle.ie\/ga\/wp-json\/wp\/v2\/pages"}],"about":[{"href":"https:\/\/kingjohnscastle.ie\/ga\/wp-json\/wp\/v2\/types\/page"}],"author":[{"embeddable":true,"href":"https:\/\/kingjohnscastle.ie\/ga\/wp-json\/wp\/v2\/users\/1"}],"replies":[{"embeddable":true,"href":"https:\/\/kingjohnscastle.ie\/ga\/wp-json\/wp\/v2\/comments?post=12186"}],"version-history":[{"count":7,"href":"https:\/\/kingjohnscastle.ie\/ga\/wp-json\/wp\/v2\/pages\/12186\/revisions"}],"predecessor-version":[{"id":30994,"href":"https:\/\/kingjohnscastle.ie\/ga\/wp-json\/wp\/v2\/pages\/12186\/revisions\/30994"}],"wp:attachment":[{"href":"https:\/\/kingjohnscastle.ie\/ga\/wp-json\/wp\/v2\/media?parent=12186"}],"curies":[{"name":"wp","href":"https:\/\/api.w.org\/{rel}","templated":true}]}}