{"id":12234,"date":"2022-04-21T13:46:59","date_gmt":"2022-04-21T13:46:59","guid":{"rendered":"https:\/\/kingjohnscastle.ie\/test-2\/"},"modified":"2022-04-21T14:06:25","modified_gmt":"2022-04-21T14:06:25","slug":"learscail-an-tsuimh","status":"publish","type":"page","link":"https:\/\/kingjohnscastle.ie\/ga\/learscail-an-tsuimh\/","title":{"rendered":"L\u00e9arsc\u00e1il an tSu\u00edmh"},"content":{"rendered":"\n<div style=\"height:50px\" aria-hidden=\"true\" class=\"wp-block-spacer\"><\/div>\n\n<h2 class=\"wp-block-heading\">L\u00e9arsc\u00e1il an tSu\u00edmh<\/h2>\n\n<div style=\"height:50px\" aria-hidden=\"true\" class=\"wp-block-spacer\"><\/div>\n<div class=\"wsp-container\"><h2 class=\"wsp-pages-title\">Pages<\/h2>\n<ul class=\"wsp-pages-list\">\n<li class=\"page_item page-item-12040\"><a href=\"https:\/\/kingjohnscastle.ie\/ga\/acmhainni-muinteoiri\/\">Acmhainn\u00ed M\u00fainteoir\u00ed<\/a><\/li>\n<li class=\"page_item page-item-36686\"><a href=\"https:\/\/kingjohnscastle.ie\/ga\/acmhainni-teanga\/\">Acmhainn\u00ed Teanga<\/a><\/li>\n<li class=\"page_item page-item-11992\"><a href=\"https:\/\/kingjohnscastle.ie\/ga\/an-clos\/\">An Cl\u00f3s<\/a><\/li>\n<li class=\"page_item page-item-11797\"><a href=\"https:\/\/kingjohnscastle.ie\/ga\/\">Baile<\/a><\/li>\n<li class=\"page_item page-item-11916\"><a href=\"https:\/\/kingjohnscastle.ie\/ga\/cairt-slainte-agus-sabhailteachta\/\">Cairt Sl\u00e1inte agus S\u00e1bh\u00e1ilteachta<\/a><\/li>\n<li class=\"page_item page-item-11914\"><a href=\"https:\/\/kingjohnscastle.ie\/ga\/ceisteanna-coitianta\/\">Ceisteanna Coitianta<\/a><\/li>\n<li class=\"page_item page-item-12049\"><a href=\"https:\/\/kingjohnscastle.ie\/ga\/ceisteanna-coitianta-oideachais\/\">Ceisteanna Coitianta Oideachais<\/a><\/li>\n<li class=\"page_item page-item-12011\"><a href=\"https:\/\/kingjohnscastle.ie\/ga\/cluichi-clos\/\">Cluich\u00ed Cl\u00f3s<\/a><\/li>\n<li class=\"page_item page-item-12042\"><a href=\"https:\/\/kingjohnscastle.ie\/ga\/cuir-do-chuairt-scoile-in-airithe\/\">Cuir do Chuairt Scoile in \u00e1irithe<\/a><\/li>\n<li class=\"page_item page-item-12152\"><a href=\"https:\/\/kingjohnscastle.ie\/ga\/dean-teagmhail-linn\/\">D\u00e9an Teagmh\u00e1il Linn<\/a><\/li>\n<li class=\"page_item page-item-12163\"><a href=\"https:\/\/kingjohnscastle.ie\/ga\/dli-corparaideach\/\">Dl\u00ed &amp; Corpar\u00e1ideach<\/a><\/li>\n<li class=\"page_item page-item-11896\"><a href=\"https:\/\/kingjohnscastle.ie\/ga\/eolas-do-chuairteoiri\/\">Eolas do Chuairteoir\u00ed<\/a><\/li>\n<li class=\"page_item page-item-12158\"><a href=\"https:\/\/kingjohnscastle.ie\/ga\/fianain\/\">Fian\u00e1in<\/a><\/li>\n<li class=\"page_item page-item-11795\"><a href=\"https:\/\/kingjohnscastle.ie\/ga\/footer-gaeilge\/\">Footer Gaeilge<\/a><\/li>\n<li class=\"page_item page-item-12016\"><a href=\"https:\/\/kingjohnscastle.ie\/ga\/gailearai\/\">Gaileara\u00ed<\/a><\/li>\n<li class=\"page_item page-item-12150\"><a href=\"https:\/\/kingjohnscastle.ie\/ga\/gairmeacha\/\">Gairmeacha<\/a><\/li>\n<li class=\"page_item page-item-11906\"><a href=\"https:\/\/kingjohnscastle.ie\/ga\/header-gaeilge\/\">Header Gaeilge<\/a><\/li>\n<li class=\"page_item page-item-12148\"><a href=\"https:\/\/kingjohnscastle.ie\/ga\/inrochtaineacht\/\">Inrochtaineacht<\/a><\/li>\n<li class=\"page_item page-item-12234\"><a href=\"https:\/\/kingjohnscastle.ie\/ga\/learscail-an-tsuimh\/\">L\u00e9arsc\u00e1il an tSu\u00edmh<\/a><\/li>\n<li class=\"page_item page-item-11932\"><a href=\"https:\/\/kingjohnscastle.ie\/ga\/ticead\/\">Liosta Praghsanna Tic\u00e9ad<\/a><\/li>\n<li class=\"page_item page-item-12056\"><a href=\"https:\/\/kingjohnscastle.ie\/ga\/nuacht-imeachtai\/\">Nuacht<\/a><\/li>\n<li class=\"page_item page-item-12029\"><a href=\"https:\/\/kingjohnscastle.ie\/ga\/oideachas\/\">Oideachas<\/a><\/li>\n<li class=\"page_item page-item-12027\"><a href=\"https:\/\/kingjohnscastle.ie\/ga\/ri-eoin\/\">R\u00ed Eoin<\/a><\/li>\n<li class=\"page_item page-item-12180\"><a href=\"https:\/\/kingjohnscastle.ie\/ga\/rochtain-fhisiciuil\/\">Rochtain Fhisici\u00fail<\/a><\/li>\n<li class=\"page_item page-item-12000\"><a href=\"https:\/\/kingjohnscastle.ie\/ga\/saol-an-chaisleain\/\">Saol an Chaisle\u00e1in<\/a><\/li>\n<li class=\"page_item page-item-12054\"><a href=\"https:\/\/kingjohnscastle.ie\/ga\/scoil-3u-leibheal-agus-teanga\/\">Scoil 3\u00fa Leibh\u00e9al agus Teanga<\/a><\/li>\n<li class=\"page_item page-item-12018\"><a href=\"https:\/\/kingjohnscastle.ie\/ga\/stair-an-chaisleain\/\">Stair an Chaisle\u00e1in<\/a><\/li>\n<li class=\"page_item page-item-12020\"><a href=\"https:\/\/kingjohnscastle.ie\/ga\/stair-na-lochlannaigh\/\">Stair Na Lochlannaigh<\/a><\/li>\n<li class=\"page_item page-item-12025\"><a href=\"https:\/\/kingjohnscastle.ie\/ga\/stair-normannach\/\">Stair Normannach<\/a><\/li>\n<li class=\"page_item page-item-12168\"><a href=\"https:\/\/kingjohnscastle.ie\/ga\/suiomh\/\">Su\u00edomh<\/a><\/li>\n<li class=\"page_item page-item-11930\"><a href=\"https:\/\/kingjohnscastle.ie\/ga\/tabhair-cuairt-ar-luimneach\/\">Tabhair cuairt ar Luimneach<\/a><\/li>\n<li class=\"page_item page-item-11990\"><a href=\"https:\/\/kingjohnscastle.ie\/ga\/taispeantas-idirghniomhach\/\">Taispe\u00e1ntas Idirghn\u00edomhach<\/a><\/li>\n<li class=\"page_item page-item-11985\"><a href=\"https:\/\/kingjohnscastle.ie\/ga\/taithi-caislean\/\">Taith\u00ed Caisle\u00e1n<\/a><\/li>\n<li class=\"page_item page-item-12186\"><a href=\"https:\/\/kingjohnscastle.ie\/ga\/tearmai-agus-coinniollacha\/\">T\u00e9arma\u00ed agus Coinn\u00edollacha<\/a><\/li>\n<li class=\"page_item page-item-12044\"><a href=\"https:\/\/kingjohnscastle.ie\/ga\/teistimeireachtai\/\">Teistim\u00e9ireachta\u00ed<\/a><\/li>\n<li class=\"page_item page-item-12033\"><a href=\"https:\/\/kingjohnscastle.ie\/ga\/turais-bhunscoile\/\">Turais Bhunscoile<\/a><\/li>\n<li class=\"page_item page-item-12038\"><a href=\"https:\/\/kingjohnscastle.ie\/ga\/turais-meanscoile\/\">Turais Me\u00e1nscoile<\/a><\/li>\n<li class=\"page_item page-item-12065\"><a href=\"https:\/\/kingjohnscastle.ie\/ga\/turais-scoile\/\">Turais Scoile<\/a><\/li>\n<li class=\"page_item page-item-11918\"><a href=\"https:\/\/kingjohnscastle.ie\/ga\/uaireanta-oscailte\/\">Uaireanta Oscailte<\/a><\/li>\n<\/ul>\n<h2 class=\"wsp-posts-title\">Posts by category<\/h2>\n<ul class=\"wsp-posts-list\">\n\t<li><strong class=\"wsp-category-title\">Category: <a href=\"https:\/\/kingjohnscastle.ie\/ga\/category\/imeachtai\/\">Imeachta\u00ed<\/a><\/strong>\n<ul class=\"wsp-posts-list\">\t\t<li class=\"wsp-post\"><a href=\"https:\/\/kingjohnscastle.ie\/ga\/the-stunning\/\">The Stunning<\/a><\/li>\n\t\t<li class=\"wsp-post\"><a href=\"https:\/\/kingjohnscastle.ie\/ga\/kasabian\/\">Kasabian<\/a><\/li>\n\t\t<li class=\"wsp-post\"><a href=\"https:\/\/kingjohnscastle.ie\/ga\/ceolchoirmeacha-samhraidh-beo-ag-an-gcaislean\/\">Ceolchoirmeacha Samhraidh &#8211; Beo ag an gCaisle\u00e1n<\/a><\/li>\n\t\t<li class=\"wsp-post\"><a href=\"https:\/\/kingjohnscastle.ie\/ga\/bell-x1-sold-out\/\">Bell X1 \u2013 SOLD OUT<\/a><\/li>\n\t\t<li class=\"wsp-post\"><a href=\"https:\/\/kingjohnscastle.ie\/ga\/hermitage-green-sold-out\/\">Hermitage Green \u2013 SOLD OUT<\/a><\/li>\n\t\t<li class=\"wsp-post\"><a href=\"https:\/\/kingjohnscastle.ie\/ga\/madness-sold-out\/\">Madness &#8211; SOLD OUT<\/a><\/li>\n\t\t<li class=\"wsp-post\"><a href=\"https:\/\/kingjohnscastle.ie\/ga\/kraftwerk-sold-out\/\">Kraftwerk \u2013 SOLD OUT<\/a><\/li>\n\t\t<li class=\"wsp-post\"><a href=\"https:\/\/kingjohnscastle.ie\/ga\/caislean-an-ri-eoin-le-hathoscailt-le-gniomhaiochtai-meanaoiseacha-nua-amuigh-faoin-aer\/\">Caisle\u00e1n an R\u00ed Eoin le hathoscailt le gn\u00edomha\u00edochta\u00ed me\u00e1naoiseacha nua amuigh faoin aer<\/a><\/li>\n\t\t<li class=\"wsp-post\"><a href=\"https:\/\/kingjohnscastle.ie\/ga\/caislean-an-ri-eoin-le-bheith-mar-chuid-de-cheiliuradh-fioruil-oiche-chultuir\/\">Caisle\u00e1n an R\u00ed Eoin le bheith mar chuid de cheili\u00faradh f\u00edor\u00fail O\u00edche Chult\u00fair<\/a><\/li>\n\t\t<li class=\"wsp-post\"><a href=\"https:\/\/kingjohnscastle.ie\/ga\/teach-sluaite-deimhnithe-do-chaislean-ri-eoin\/\">\u2018Teach Sluaite\u2019 deimhnithe do Chaisle\u00e1n R\u00ed Eoin<\/a><\/li>\n\t\t<li class=\"wsp-post\"><a href=\"https:\/\/kingjohnscastle.ie\/ga\/caislean-daonphairc-bhun-raite-agus-caislean-ri-eoin-le-hathoscailt-ar-29-meitheamh\/\">Caisle\u00e1n &amp; Daonph\u00e1irc Bhun Raite agus Caisle\u00e1n R\u00ed Eoin le hathoscailt ar 29 Meitheamh<\/a><\/li>\n\t\t<li class=\"wsp-post\"><a href=\"https:\/\/kingjohnscastle.ie\/ga\/teigh-go-go-atlantic-blue-chun-ar-naigean-atlantach-a-cheiliuradh-ar-la-domhanda-na-naigein\/\">T\u00e9igh go \u2018Go Atlantic Blue\u2019 chun \u00e1r nAig\u00e9an Atlantach a cheili\u00faradh ar L\u00e1 Domhanda na nAig\u00e9in<\/a><\/li>\n<\/ul><\/li>\n\t<li><strong class=\"wsp-category-title\">Category: <a href=\"https:\/\/kingjohnscastle.ie\/ga\/category\/nuacht\/\">Nuacht<\/a><\/strong>\n<ul class=\"wsp-posts-list\">\t\t<li class=\"wsp-post\"><a href=\"https:\/\/kingjohnscastle.ie\/ga\/ireland-am-22nd-june-2023\/\">Ireland AM (22nd June 2023)<\/a><\/li>\n\t\t<li class=\"wsp-post\"><a href=\"https:\/\/kingjohnscastle.ie\/ga\/discover-limerick-pass-6th-june-2023\/\">Discover Limerick PASS (6th June 2023)<\/a><\/li>\n\t\t<li class=\"wsp-post\"><a href=\"https:\/\/kingjohnscastle.ie\/ga\/caislean-an-ri-eoin-ainmnithe-ar-na-10-gcealla-is-fearr-in-eirinn\/\">Caisle\u00e1n an R\u00ed Eoin Ainmnithe ar na 10 gCealla is Fearr in \u00c9irinn<\/a><\/li>\n\t\t<li class=\"wsp-post\"><a href=\"https:\/\/kingjohnscastle.ie\/ga\/nua-do-samhradh-2021-cluichi-clos-na-meanaoise\/\">Nua do Samhradh 2021: Cluich\u00ed Cl\u00f3s na Me\u00e1naoise<\/a><\/li>\n<\/ul><\/li>\n\t<li><strong class=\"wsp-category-title\">Category: <a href=\"https:\/\/kingjohnscastle.ie\/ga\/category\/turais-scoile\/\">Turais Scoile<\/a><\/strong>\n<ul class=\"wsp-posts-list\">\t\t<li class=\"wsp-post\"><a href=\"https:\/\/kingjohnscastle.ie\/ga\/faisneis-riachtanach-le-haghaidh-do-chuairte\/\">Faisn\u00e9is Riachtanach le haghaidh Do Chuairte<\/a><\/li>\n\t\t<li class=\"wsp-post\"><a href=\"https:\/\/kingjohnscastle.ie\/ga\/an-tsraith-shoisearach-agus-caislean-ri-eoin\/\">An tSraith Sh\u00f3isearach agus Caisle\u00e1n R\u00ed Eoin<\/a><\/li>\n<\/ul><\/li>\n<\/ul>\n<\/div>\n\n<div style=\"height:100px\" aria-hidden=\"true\" class=\"wp-block-spacer\"><\/div>\n","protected":false},"excerpt":{"rendered":"<p>L\u00e9arsc\u00e1il an tSu\u00edmh<\/p>\n","protected":false},"author":1,"featured_media":0,"parent":0,"menu_order":0,"comment_status":"closed","ping_status":"closed","template":"","meta":{"footnotes":""},"class_list":["post-12234","page","type-page","status-publish","hentry"],"_links":{"self":[{"href":"https:\/\/kingjohnscastle.ie\/ga\/wp-json\/wp\/v2\/pages\/12234","targetHints":{"allow":["GET"]}}],"collection":[{"href":"https:\/\/kingjohnscastle.ie\/ga\/wp-json\/wp\/v2\/pages"}],"about":[{"href":"https:\/\/kingjohnscastle.ie\/ga\/wp-json\/wp\/v2\/types\/page"}],"author":[{"embeddable":true,"href":"https:\/\/kingjohnscastle.ie\/ga\/wp-json\/wp\/v2\/users\/1"}],"replies":[{"embeddable":true,"href":"https:\/\/kingjohnscastle.ie\/ga\/wp-json\/wp\/v2\/comments?post=12234"}],"version-history":[{"count":3,"href":"https:\/\/kingjohnscastle.ie\/ga\/wp-json\/wp\/v2\/pages\/12234\/revisions"}],"predecessor-version":[{"id":12245,"href":"https:\/\/kingjohnscastle.ie\/ga\/wp-json\/wp\/v2\/pages\/12234\/revisions\/12245"}],"wp:attachment":[{"href":"https:\/\/kingjohnscastle.ie\/ga\/wp-json\/wp\/v2\/media?parent=12234"}],"curies":[{"name":"wp","href":"https:\/\/api.w.org\/{rel}","templated":true}]}}